{"id":6829,"date":"2025-12-05T14:54:11","date_gmt":"2025-12-05T12:54:11","guid":{"rendered":"https:\/\/drzewo.ua\/?post_type=product&#038;p=6829"},"modified":"2025-12-09T14:55:51","modified_gmt":"2025-12-09T12:55:51","slug":"klub-dyskusyjny-dla-nauczycieli-jezyka-polskiego","status":"publish","type":"product","link":"https:\/\/drzewo.ua\/pl\/product\/klub-dyskusyjny-dla-nauczycieli-jezyka-polskiego\/","title":{"rendered":"Klub Dyskusyjny dla nauczycieli j\u0119zyka polskiego"},"content":{"rendered":"<p class=\"p1\">\ud83d\udce3 Klub Dyskusyjny dla <b>nauczycieli j\u0119zyka polskiego<\/b>!<\/p>\n<p class=\"p1\">Masz ochot\u0119 pogada\u0107, ponarzeka\u0107, po\u015bmia\u0107 si\u0119 albo po prostu poby\u0107 z lud\u017ami, kt\u00f3rzy <i>rozumiej\u0105 ten zaw\u00f3d jak nikt inny<\/i>?<\/p>\n<p class=\"p1\">Zapraszamy do naszego wyj\u0105tkowego, lekkiego i absolutnie bezspinkowego klubu!<\/p>\n<p class=\"p1\">\ud83c\udfaf Temat najbli\u017cszego spotkania:<\/p>\n<p class=\"p1\">\u201eZimowe Dylematy: Musz\u0119 \u2013 Chc\u0119\u201d<\/p>\n<p class=\"p1\">(czyli jak prze\u017cy\u0107 zim\u0119 z godno\u015bci\u0105 i humorem)<\/p>\n<p class=\"p1\">\ud83d\uddd3 14.12 (niedziela)<\/p>\n<p class=\"p1\">\u23f0 11:00<\/p>\n<p class=\"p1\">\u23f3 90 minut<\/p>\n<p class=\"p1\">\ud83d\udcb8 210 hrywien<\/p>\n<p class=\"p1\">\ud83d\udccd Online<\/p>\n<p class=\"p1\">Co Ci\u0119 czeka?<\/p>\n<p class=\"p1\">\u2728 rozmowy bez stresu<\/p>\n<p class=\"p1\">\u2728 plotki, refleksje i ma\u0142e narzekania<\/p>\n<p class=\"p1\">\u2728 dobra energia i duuu\u017co \u015bmiechu<\/p>\n<p class=\"p1\">\u2728 przestrze\u0144, gdzie mo\u017cesz by\u0107 sob\u0105 \u2014 nawet bardzo<\/p>\n<p class=\"p1\">\u2728 zero oceniania, zero presji<\/p>\n<p class=\"p1\">\u2728 atmosfera, w kt\u00f3rej mo\u017cna z\u0142apa\u0107 oddech<\/p>\n<p class=\"p1\">Je\u015bli uczysz polskiego i potrzebujesz troch\u0119 luzu + fajnego towarzystwa \u2014 to jest miejsce dok\u0142adnie dla Ciebie.<\/p>\n<p class=\"p1\">Do\u0142\u0105cz i zr\u00f3b co\u015b mi\u0142ego dla siebie tej zimy.<\/p>\n","protected":false},"excerpt":{"rendered":"\ud83d\udce3 Klub Dyskusyjny dla nauczycieli j\u0119zyka polskiego! Masz ochot\u0119 pogada\u0107, ponarzeka\u0107, po\u015bmia\u0107 si\u0119 albo po prostu poby\u0107 z lud\u017ami, kt\u00f3rzy rozumiej\u0105 ten zaw\u00f3d jak nikt inny? Zapraszamy do naszego wyj\u0105tkowego, lekkiego i absolutnie bezspinkowego klubu! \ud83c\udfaf Temat najbli\u017cszego spotkania: \u201eZimowe Dylematy: Musz\u0119 \u2013 Chc\u0119\u201d (czyli jak prze\u017cy\u0107 zim\u0119 z godno\u015bci\u0105 i humorem) \ud83d\uddd3 14.12 (niedziela)&#8230; <a class=\"view-article\" href=\"https:\/\/drzewo.ua\/pl\/product\/klub-dyskusyjny-dla-nauczycieli-jezyka-polskiego\/\">Czyta\u0107 dalej<\/a>","protected":false},"featured_media":6830,"comment_status":"closed","ping_status":"closed","template":"","meta":{"_glsr_average":0,"_glsr_ranking":0,"_glsr_reviews":0},"product_brand":[],"product_cat":[33],"product_tag":[],"class_list":{"0":"post-6829","1":"product","2":"type-product","3":"status-publish","4":"has-post-thumbnail","6":"product_cat-33","8":"first","9":"instock","10":"virtual","11":"purchasable","12":"product-type-simple"},"translation":{"provider":"WPGlobus","version":"3.0.2","language":"pl","enabled_languages":["uk","pl"],"languages":{"uk":{"title":true,"content":true,"excerpt":false},"pl":{"title":false,"content":false,"excerpt":false}}},"yoast_head":"<!-- This site is optimized with the Yoast SEO plugin v27.3 - https:\/\/yoast.com\/product\/yoast-seo-wordpress\/ -->\n<title>Klub Dyskusyjny dla nauczycieli j\u0119zyka polskiego - Polskie Centrum Kulturalno-Edukacyjne Drzewo<\/title>\n<meta name=\"robots\" content=\"index, follow, max-snippet:-1, max-image-preview:large, max-video-preview:-1\" \/>\n<link rel=\"canonical\" href=\"https:\/\/drzewo.ua\/product\/klub-dyskusyjny-dla-nauczycieli-jezyka-polskiego\/\" \/>\n<meta property=\"og:locale\" content=\"pl_PL\" \/>\n<meta property=\"og:type\" content=\"article\" \/>\n<meta property=\"og:title\" content=\"Klub Dyskusyjny dla nauczycieli j\u0119zyka polskiego - Polskie Centrum Kulturalno-Edukacyjne Drzewo\" \/>\n<meta property=\"og:url\" content=\"https:\/\/drzewo.ua\/product\/klub-dyskusyjny-dla-nauczycieli-jezyka-polskiego\/\" \/>\n<meta property=\"og:site_name\" content=\"Polskie Centrum Kulturalno-Edukacyjne Drzewo\" \/>\n<meta property=\"article:publisher\" content=\"https:\/\/www.facebook.com\/drzewo.polski\/\" \/>\n<meta property=\"article:modified_time\" content=\"2025-12-09T12:55:51+00:00\" \/>\n<meta property=\"og:image\" content=\"https:\/\/media.drzewo.ua\/wp-content\/uploads\/2025\/12\/05145333\/1.jpg\" \/>\n\t<meta property=\"og:image:width\" content=\"1080\" \/>\n\t<meta property=\"og:image:height\" content=\"1350\" \/>\n\t<meta property=\"og:image:type\" content=\"image\/jpeg\" \/>\n<meta name=\"twitter:card\" content=\"summary_large_image\" \/>\n<meta name=\"twitter:label1\" content=\"Szacowany czas czytania\" \/>\n\t<meta name=\"twitter:data1\" content=\"1 minuta\" \/>\n<script type=\"application\/ld+json\" class=\"yoast-schema-graph\">{\"@context\":\"https:\\\/\\\/schema.org\",\"@graph\":[{\"@type\":\"WebPage\",\"@id\":\"https:\\\/\\\/drzewo.ua\\\/product\\\/klub-dyskusyjny-dla-nauczycieli-jezyka-polskiego\\\/\",\"url\":\"https:\\\/\\\/drzewo.ua\\\/product\\\/klub-dyskusyjny-dla-nauczycieli-jezyka-polskiego\\\/\",\"name\":\"Klub Dyskusyjny dla nauczycieli j\u0119zyka polskiego - Polskie Centrum Kulturalno-Edukacyjne Drzewo\",\"isPartOf\":{\"@id\":\"https:\\\/\\\/drzewo.ua\\\/#website\"},\"primaryImageOfPage\":{\"@id\":\"https:\\\/\\\/drzewo.ua\\\/product\\\/klub-dyskusyjny-dla-nauczycieli-jezyka-polskiego\\\/#primaryimage\"},\"image\":{\"@id\":\"https:\\\/\\\/drzewo.ua\\\/product\\\/klub-dyskusyjny-dla-nauczycieli-jezyka-polskiego\\\/#primaryimage\"},\"thumbnailUrl\":\"https:\\\/\\\/media.drzewo.ua\\\/wp-content\\\/uploads\\\/2025\\\/12\\\/05145333\\\/1.jpg\",\"datePublished\":\"2025-12-05T12:54:11+00:00\",\"dateModified\":\"2025-12-09T12:55:51+00:00\",\"breadcrumb\":{\"@id\":\"https:\\\/\\\/drzewo.ua\\\/product\\\/klub-dyskusyjny-dla-nauczycieli-jezyka-polskiego\\\/#breadcrumb\"},\"inLanguage\":\"pl-PL\",\"potentialAction\":[{\"@type\":\"ReadAction\",\"target\":[\"https:\\\/\\\/drzewo.ua\\\/product\\\/klub-dyskusyjny-dla-nauczycieli-jezyka-polskiego\\\/\"]}]},{\"@type\":\"ImageObject\",\"inLanguage\":\"pl-PL\",\"@id\":\"https:\\\/\\\/drzewo.ua\\\/product\\\/klub-dyskusyjny-dla-nauczycieli-jezyka-polskiego\\\/#primaryimage\",\"url\":\"https:\\\/\\\/media.drzewo.ua\\\/wp-content\\\/uploads\\\/2025\\\/12\\\/05145333\\\/1.jpg\",\"contentUrl\":\"https:\\\/\\\/media.drzewo.ua\\\/wp-content\\\/uploads\\\/2025\\\/12\\\/05145333\\\/1.jpg\",\"width\":1080,\"height\":1350},{\"@type\":\"BreadcrumbList\",\"@id\":\"https:\\\/\\\/drzewo.ua\\\/product\\\/klub-dyskusyjny-dla-nauczycieli-jezyka-polskiego\\\/#breadcrumb\",\"itemListElement\":[{\"@type\":\"ListItem\",\"position\":1,\"name\":\"Home\",\"item\":\"https:\\\/\\\/drzewo.ua\\\/\"},{\"@type\":\"ListItem\",\"position\":2,\"name\":\"\u041c\u0430\u0433\u0430\u0437\u0438\u043d\",\"item\":\"https:\\\/\\\/drzewo.ua\\\/shop\\\/\"},{\"@type\":\"ListItem\",\"position\":3,\"name\":\"Klub Dyskusyjny dla nauczycieli j\u0119zyka polskiego\"}]},{\"@type\":\"WebSite\",\"@id\":\"https:\\\/\\\/drzewo.ua\\\/#website\",\"url\":\"https:\\\/\\\/drzewo.ua\\\/\",\"name\":\"Polskie Centrum Kulturalno-Edukacyjne Drzewo\",\"description\":\"J\u0119zyk polski\",\"publisher\":{\"@id\":\"https:\\\/\\\/drzewo.ua\\\/#organization\"},\"potentialAction\":[{\"@type\":\"SearchAction\",\"target\":{\"@type\":\"EntryPoint\",\"urlTemplate\":\"https:\\\/\\\/drzewo.ua\\\/?s={search_term_string}\"},\"query-input\":{\"@type\":\"PropertyValueSpecification\",\"valueRequired\":true,\"valueName\":\"search_term_string\"}}],\"inLanguage\":\"pl-PL\"},{\"@type\":\"Organization\",\"@id\":\"https:\\\/\\\/drzewo.ua\\\/#organization\",\"name\":\"Polskie Centrum Kulturalno-Edukacyjne \\\"Drzewo\\\"\",\"url\":\"https:\\\/\\\/drzewo.ua\\\/\",\"logo\":{\"@type\":\"ImageObject\",\"inLanguage\":\"pl-PL\",\"@id\":\"https:\\\/\\\/drzewo.ua\\\/#\\\/schema\\\/logo\\\/image\\\/\",\"url\":\"https:\\\/\\\/drevo-online.com\\\/wp-content\\\/uploads\\\/2018\\\/12\\\/banner.jpg\",\"contentUrl\":\"https:\\\/\\\/drevo-online.com\\\/wp-content\\\/uploads\\\/2018\\\/12\\\/banner.jpg\",\"width\":1280,\"height\":323,\"caption\":\"Polskie Centrum Kulturalno-Edukacyjne \\\"Drzewo\\\"\"},\"image\":{\"@id\":\"https:\\\/\\\/drzewo.ua\\\/#\\\/schema\\\/logo\\\/image\\\/\"},\"sameAs\":[\"https:\\\/\\\/www.facebook.com\\\/drzewo.polski\\\/\",\"https:\\\/\\\/www.instagram.com\\\/drzewo.online\\\/\"]}]}<\/script>\n<!-- \/ Yoast SEO plugin. -->","yoast_head_json":{"title":"Klub Dyskusyjny dla nauczycieli j\u0119zyka polskiego - Polskie Centrum Kulturalno-Edukacyjne Drzewo","robots":{"index":"index","follow":"follow","max-snippet":"max-snippet:-1","max-image-preview":"max-image-preview:large","max-video-preview":"max-video-preview:-1"},"canonical":"https:\/\/drzewo.ua\/product\/klub-dyskusyjny-dla-nauczycieli-jezyka-polskiego\/","og_locale":"pl_PL","og_type":"article","og_title":"Klub Dyskusyjny dla nauczycieli j\u0119zyka polskiego - Polskie Centrum Kulturalno-Edukacyjne Drzewo","og_url":"https:\/\/drzewo.ua\/product\/klub-dyskusyjny-dla-nauczycieli-jezyka-polskiego\/","og_site_name":"Polskie Centrum Kulturalno-Edukacyjne Drzewo","article_publisher":"https:\/\/www.facebook.com\/drzewo.polski\/","article_modified_time":"2025-12-09T12:55:51+00:00","og_image":[{"width":1080,"height":1350,"url":"https:\/\/media.drzewo.ua\/wp-content\/uploads\/2025\/12\/05145333\/1.jpg","type":"image\/jpeg"}],"twitter_card":"summary_large_image","twitter_misc":{"Szacowany czas czytania":"1 minuta"},"schema":{"@context":"https:\/\/schema.org","@graph":[{"@type":"WebPage","@id":"https:\/\/drzewo.ua\/product\/klub-dyskusyjny-dla-nauczycieli-jezyka-polskiego\/","url":"https:\/\/drzewo.ua\/product\/klub-dyskusyjny-dla-nauczycieli-jezyka-polskiego\/","name":"Klub Dyskusyjny dla nauczycieli j\u0119zyka polskiego - Polskie Centrum Kulturalno-Edukacyjne Drzewo","isPartOf":{"@id":"https:\/\/drzewo.ua\/#website"},"primaryImageOfPage":{"@id":"https:\/\/drzewo.ua\/product\/klub-dyskusyjny-dla-nauczycieli-jezyka-polskiego\/#primaryimage"},"image":{"@id":"https:\/\/drzewo.ua\/product\/klub-dyskusyjny-dla-nauczycieli-jezyka-polskiego\/#primaryimage"},"thumbnailUrl":"https:\/\/media.drzewo.ua\/wp-content\/uploads\/2025\/12\/05145333\/1.jpg","datePublished":"2025-12-05T12:54:11+00:00","dateModified":"2025-12-09T12:55:51+00:00","breadcrumb":{"@id":"https:\/\/drzewo.ua\/product\/klub-dyskusyjny-dla-nauczycieli-jezyka-polskiego\/#breadcrumb"},"inLanguage":"pl-PL","potentialAction":[{"@type":"ReadAction","target":["https:\/\/drzewo.ua\/product\/klub-dyskusyjny-dla-nauczycieli-jezyka-polskiego\/"]}]},{"@type":"ImageObject","inLanguage":"pl-PL","@id":"https:\/\/drzewo.ua\/product\/klub-dyskusyjny-dla-nauczycieli-jezyka-polskiego\/#primaryimage","url":"https:\/\/media.drzewo.ua\/wp-content\/uploads\/2025\/12\/05145333\/1.jpg","contentUrl":"https:\/\/media.drzewo.ua\/wp-content\/uploads\/2025\/12\/05145333\/1.jpg","width":1080,"height":1350},{"@type":"BreadcrumbList","@id":"https:\/\/drzewo.ua\/product\/klub-dyskusyjny-dla-nauczycieli-jezyka-polskiego\/#breadcrumb","itemListElement":[{"@type":"ListItem","position":1,"name":"Home","item":"https:\/\/drzewo.ua\/"},{"@type":"ListItem","position":2,"name":"\u041c\u0430\u0433\u0430\u0437\u0438\u043d","item":"https:\/\/drzewo.ua\/shop\/"},{"@type":"ListItem","position":3,"name":"Klub Dyskusyjny dla nauczycieli j\u0119zyka polskiego"}]},{"@type":"WebSite","@id":"https:\/\/drzewo.ua\/#website","url":"https:\/\/drzewo.ua\/","name":"Polskie Centrum Kulturalno-Edukacyjne Drzewo","description":"J\u0119zyk polski","publisher":{"@id":"https:\/\/drzewo.ua\/#organization"},"potentialAction":[{"@type":"SearchAction","target":{"@type":"EntryPoint","urlTemplate":"https:\/\/drzewo.ua\/?s={search_term_string}"},"query-input":{"@type":"PropertyValueSpecification","valueRequired":true,"valueName":"search_term_string"}}],"inLanguage":"pl-PL"},{"@type":"Organization","@id":"https:\/\/drzewo.ua\/#organization","name":"Polskie Centrum Kulturalno-Edukacyjne \"Drzewo\"","url":"https:\/\/drzewo.ua\/","logo":{"@type":"ImageObject","inLanguage":"pl-PL","@id":"https:\/\/drzewo.ua\/#\/schema\/logo\/image\/","url":"https:\/\/drevo-online.com\/wp-content\/uploads\/2018\/12\/banner.jpg","contentUrl":"https:\/\/drevo-online.com\/wp-content\/uploads\/2018\/12\/banner.jpg","width":1280,"height":323,"caption":"Polskie Centrum Kulturalno-Edukacyjne \"Drzewo\""},"image":{"@id":"https:\/\/drzewo.ua\/#\/schema\/logo\/image\/"},"sameAs":["https:\/\/www.facebook.com\/drzewo.polski\/","https:\/\/www.instagram.com\/drzewo.online\/"]}]}},"jetpack_sharing_enabled":true,"_links":{"self":[{"href":"https:\/\/drzewo.ua\/pl\/wp-json\/wp\/v2\/product\/6829","targetHints":{"allow":["GET"]}}],"collection":[{"href":"https:\/\/drzewo.ua\/pl\/wp-json\/wp\/v2\/product"}],"about":[{"href":"https:\/\/drzewo.ua\/pl\/wp-json\/wp\/v2\/types\/product"}],"replies":[{"embeddable":true,"href":"https:\/\/drzewo.ua\/pl\/wp-json\/wp\/v2\/comments?post=6829"}],"wp:featuredmedia":[{"embeddable":true,"href":"https:\/\/drzewo.ua\/pl\/wp-json\/wp\/v2\/media\/6830"}],"wp:attachment":[{"href":"https:\/\/drzewo.ua\/pl\/wp-json\/wp\/v2\/media?parent=6829"}],"wp:term":[{"taxonomy":"product_brand","embeddable":true,"href":"https:\/\/drzewo.ua\/pl\/wp-json\/wp\/v2\/product_brand?post=6829"},{"taxonomy":"product_cat","embeddable":true,"href":"https:\/\/drzewo.ua\/pl\/wp-json\/wp\/v2\/product_cat?post=6829"},{"taxonomy":"product_tag","embeddable":true,"href":"https:\/\/drzewo.ua\/pl\/wp-json\/wp\/v2\/product_tag?post=6829"}],"curies":[{"name":"wp","href":"https:\/\/api.w.org\/{rel}","templated":true}]}}