{"id":6379,"date":"2025-01-15T18:39:30","date_gmt":"2025-01-15T16:39:30","guid":{"rendered":"https:\/\/drzewo.ua\/?post_type=product&#038;p=6379"},"modified":"2025-01-15T18:43:31","modified_gmt":"2025-01-15T16:43:31","slug":"kraina-lodu-zeszyt-do-tworczych-zajec-na-poziomie-a2","status":"publish","type":"product","link":"https:\/\/drzewo.ua\/pl\/product\/kraina-lodu-zeszyt-do-tworczych-zajec-na-poziomie-a2\/","title":{"rendered":"Kraina lodu: zeszyt do tw\u00f3rczych zaj\u0119\u0107 na poziomie A2"},"content":{"rendered":"<p class=\"p1\"><strong>Kraina lodu: zeszyt do tw\u00f3rczych zaj\u0119\u0107 na poziomie A2<\/strong><\/p>\n<p class=\"p1\"><strong>autorka: Anna Py\u0142ypczuk<\/strong><\/p>\n<p class=\"p1\">\n<p class=\"p1\"><b>\u0444\u043e\u0440\u043c\u0430\u0442: pdf<br \/>\n<\/b><b>\u043a\u0456\u043b\u044c\u043a\u0456\u0441\u0442\u044c \u0441\u0442\u043e\u0440\u0456\u043d\u043e\u043a: 20<\/b><\/p>\n<p class=\"p1\">\n\u0426\u0435\u0439 \u043f\u043e\u0441\u0456\u0431\u043d\u0438\u043a \u0441\u0442\u0430\u043d\u0435 \u0447\u0443\u0434\u043e\u0432\u0438\u043c \u0432\u0438\u0431\u043e\u0440\u043e\u043c \u0434\u043b\u044f \u0432\u0441\u0456\u0445, \u0445\u0442\u043e \u0445\u043e\u0447\u0435 \u0432\u0438\u0432\u0447\u0430\u0442\u0438 \u043f\u043e\u043b\u044c\u0441\u044c\u043a\u0443 \u043c\u043e\u0432\u0443 \u0435\u0444\u0435\u043a\u0442\u0438\u0432\u043d\u043e \u0456 \u0446\u0456\u043a\u0430\u0432\u043e! \u2744\ufe0f \u0417\u0430\u0432\u0434\u0430\u043d\u043d\u044f, \u0449\u043e \u0432\u043a\u043b\u044e\u0447\u0435\u043d\u0456 \u0434\u043e \u0446\u044c\u043e\u0433\u043e \u0432\u043e\u0440\u043a\u0431\u0443\u043a\u0430, \u0434\u043e\u043f\u043e\u043c\u043e\u0436\u0443\u0442\u044c \u0432\u0430\u043c \u0437\u0430\u043a\u0440\u0456\u043f\u0438\u0442\u0438 \u0432\u0438\u0432\u0447\u0435\u043d\u0438\u0439 \u043c\u0430\u0442\u0435\u0440\u0456\u0430\u043b \u0456 \u0437\u0440\u043e\u0431\u0438\u0442\u0438 \u043f\u0440\u043e\u0446\u0435\u0441 \u043d\u0430\u0432\u0447\u0430\u043d\u043d\u044f \u043d\u0435 \u043b\u0438\u0448\u0435 \u043a\u043e\u0440\u0438\u0441\u043d\u0438\u043c, \u0430 \u0439 \u0437\u0430\u0445\u043e\u043f\u043b\u044e\u044e\u0447\u0438\u043c! \u2728<\/p>\n<p class=\"p1\">\u0426\u0435\u0439 \u0432\u043e\u0440\u043a\u0431\u0443\u043a \u0440\u043e\u0437\u0440\u043e\u0431\u043b\u0435\u043d\u0438\u0439 \u0434\u043b\u044f \u0440\u0456\u0432\u043d\u044f A2, \u0430\u043b\u0435 \u0442\u0430\u043a\u043e\u0436 \u0431\u0443\u0434\u0435 \u043a\u043e\u0440\u0438\u0441\u043d\u0438\u043c \u0434\u043b\u044f \u0442\u0438\u0445, \u0445\u0442\u043e \u0431\u0430\u0436\u0430\u0454 \u0437\u0430\u043a\u0440\u0456\u043f\u0438\u0442\u0438 \u0441\u0432\u043e\u0457 \u0437\u043d\u0430\u043d\u043d\u044f \u043d\u0430 \u0432\u0438\u0449\u0438\u0445 \u0440\u0456\u0432\u043d\u044f\u0445. \ud83d\udcda<\/p>\n<p class=\"p1\">\u0423 \u0440\u043e\u0431\u043e\u0447\u043e\u043c\u0443 \u0437\u043e\u0448\u0438\u0442\u0456 \u0432\u0438 \u0437\u043d\u0430\u0439\u0434\u0435\u0442\u0435:<\/p>\n<p class=\"p1\">\ud83d\udccc \u0421\u043b\u043e\u0432\u043d\u0438\u043a \u043e\u0441\u043d\u043e\u0432\u043d\u0438\u0445 \u0441\u043b\u0456\u0432 \u0442\u0430 \u0432\u0438\u0440\u0430\u0437\u0456\u0432 \u0437 \u043c\u0443\u043b\u044c\u0442\u0444\u0456\u043b\u044c\u043c\u0443, \u044f\u043a\u0438\u0439 \u0434\u043e\u043f\u043e\u043c\u043e\u0436\u0435 \u0432\u0430\u043c \u0448\u0432\u0438\u0434\u043a\u043e \u043e\u0441\u0432\u043e\u0457\u0442\u0438 \u043d\u043e\u0432\u0443 \u043b\u0435\u043a\u0441\u0438\u043a\u0443.<\/p>\n<p class=\"p1\">\ud83d\udccc \u0406\u043d\u0442\u0435\u0440\u0430\u043a\u0442\u0438\u0432\u043d\u0456 \u0437\u0430\u0432\u0434\u0430\u043d\u043d\u044f \u043d\u0430 \u043f\u043b\u0430\u0442\u0444\u043e\u0440\u043c\u0456 Quizlet \u0434\u043b\u044f \u0437\u0430\u043a\u0440\u0456\u043f\u043b\u0435\u043d\u043d\u044f \u0432\u0438\u0432\u0447\u0435\u043d\u0438\u0445 \u0441\u043b\u0456\u0432 \u0442\u0430 \u0432\u0438\u0440\u0430\u0437\u0456\u0432.<\/p>\n<p class=\"p1\">\ud83d\udccc \u0412\u043f\u0440\u0430\u0432\u0438 \u0434\u043b\u044f \u0437\u0430\u043a\u0440\u0456\u043f\u043b\u0435\u043d\u043d\u044f \u043b\u0435\u043a\u0441\u0438\u043a\u0438 \u043f\u0435\u0440\u0435\u0434 \u043f\u0435\u0440\u0435\u0433\u043b\u044f\u0434\u043e\u043c \u043c\u0443\u043b\u044c\u0442\u0444\u0456\u043b\u044c\u043c\u0443, \u0437\u043e\u043a\u0440\u0435\u043c\u0430 \u043a\u0440\u043e\u0441\u0432\u043e\u0440\u0434\u0438, \u0437\u0430\u0432\u0434\u0430\u043d\u043d\u044f \u043d\u0430 \u0441\u043f\u0456\u0432\u0432\u0456\u0434\u043d\u0435\u0441\u0435\u043d\u043d\u044f \u0441\u043b\u0456\u0432 \u0437 \u0457\u0445 \u0437\u043d\u0430\u0447\u0435\u043d\u043d\u044f\u043c\u0438, \u0430 \u0442\u0430\u043a\u043e\u0436 \u0432\u043f\u0440\u0430\u0432\u0438 \u0434\u043b\u044f \u0432\u0438\u043a\u043e\u0440\u0438\u0441\u0442\u0430\u043d\u043d\u044f \u043d\u043e\u0432\u0438\u0445 \u0441\u043b\u0456\u0432 \u0443 \u043f\u0438\u0441\u044c\u043c\u043e\u0432\u0438\u0445 \u0442\u0430 \u0443\u0441\u043d\u0438\u0445 \u0432\u0438\u0441\u043b\u043e\u0432\u043b\u044e\u0432\u0430\u043d\u043d\u044f\u0445.<\/p>\n<p class=\"p1\">\ud83d\udccc \u0417\u0430\u0432\u0434\u0430\u043d\u043d\u044f \u043d\u0430 \u0440\u043e\u0437\u0443\u043c\u0456\u043d\u043d\u044f \u043f\u0435\u0440\u0435\u0433\u043b\u044f\u043d\u0443\u0442\u043e\u0433\u043e \u0456 \u0440\u043e\u0437\u0432\u0438\u0442\u043a\u0443 \u043c\u043e\u0432\u043b\u0435\u043d\u043d\u0454\u0432\u0438\u0445 \u043d\u0430\u0432\u0438\u0447\u043e\u043a, \u0437\u043e\u043a\u0440\u0435\u043c\u0430 \u043e\u043f\u0438\u0441 \u043e\u0441\u043d\u043e\u0432\u043d\u0438\u0445 \u0441\u0446\u0435\u043d \u043c\u0443\u043b\u044c\u0442\u0444\u0456\u043b\u044c\u043c\u0443, \u0437\u0430\u0432\u0434\u0430\u043d\u043d\u044f &#8222;\u043f\u0440\u0430\u0432\u0434\u0430 \u0447\u0438 \u043d\u0435\u043f\u0440\u0430\u0432\u0434\u0430&#8221;, \u044f\u043a\u0435 \u043c\u043e\u0436\u043d\u0430 \u0432\u0438\u043a\u043e\u043d\u0443\u0432\u0430\u0442\u0438 \u044f\u043a \u0443 \u0437\u043e\u0448\u0438\u0442\u0456, \u0442\u0430\u043a \u0456 \u043d\u0430 \u0456\u043d\u0442\u0435\u0440\u0430\u043a\u0442\u0438\u0432\u043d\u0456\u0439 \u043f\u043b\u0430\u0442\u0444\u043e\u0440\u043c\u0456, \u0430 \u0442\u0430\u043a\u043e\u0436 \u0440\u0435\u0446\u0435\u043d\u0437\u0456\u044f \u043d\u0430 \u043f\u0435\u0440\u0435\u0433\u043b\u044f\u043d\u0443\u0442\u0438\u0439 \u043c\u0443\u043b\u044c\u0442\u0444\u0456\u043b\u044c\u043c.<\/p>\n<p class=\"p1\">\ud83d\udccc \u0417\u0430\u0432\u0434\u0430\u043d\u043d\u044f \u0434\u043b\u044f \u0440\u043e\u0437\u0432\u0438\u0442\u043a\u0443 \u0433\u0440\u0430\u043c\u0430\u0442\u0438\u0447\u043d\u0438\u0445 \u043d\u0430\u0432\u0438\u0447\u043e\u043a, \u0437\u043e\u043a\u0440\u0435\u043c\u0430 \u0434\u043b\u044f \u0432\u0438\u0432\u0447\u0435\u043d\u043d\u044f \u0442\u0430 \u043f\u043e\u0432\u0442\u043e\u0440\u0435\u043d\u043d\u044f tryb rozkazuj\u0105cy (\u043d\u0430\u043a\u0430\u0437\u043e\u0432\u043e\u0433\u043e \u0441\u043f\u043e\u0441\u043e\u0431\u0443). \u0412\u043e\u0440\u043a\u0431\u0443\u043a \u043c\u0456\u0441\u0442\u0438\u0442\u044c \u043f\u0440\u0430\u0432\u0438\u043b\u0430 \u0442\u0430 \u0432\u043f\u0440\u0430\u0432\u0438 \u0434\u043b\u044f \u0437\u0430\u043a\u0440\u0456\u043f\u043b\u0435\u043d\u043d\u044f \u043d\u043e\u0432\u043e\u0457 \u0442\u0435\u043c\u0438 \u044f\u043a \u0443 \u043f\u0438\u0441\u044c\u043c\u043e\u0432\u0456\u0439, \u0442\u0430\u043a \u0456 \u0432 \u0443\u0441\u043d\u0456\u0439 \u0444\u043e\u0440\u043c\u0456.<\/p>\n<p class=\"p1\">\ud83d\udccc QR-\u043a\u043e\u0434\u0438 \u0434\u043b\u044f \u0434\u043e\u0441\u0442\u0443\u043f\u0443 \u0434\u043e \u0434\u043e\u0434\u0430\u0442\u043a\u043e\u0432\u0438\u0445 \u0456\u043d\u0442\u0435\u0440\u0430\u043a\u0442\u0438\u0432\u043d\u0438\u0445 \u0432\u043f\u0440\u0430\u0432 \u043d\u0430 \u043e\u043d\u043b\u0430\u0439\u043d-\u043f\u043b\u0430\u0442\u0444\u043e\u0440\u043c\u0430\u0445.<\/p>\n<p class=\"p1\">\u0413\u043e\u0442\u043e\u0432\u0456 \u0434\u043e \u0437\u0438\u043c\u043e\u0432\u0438\u0445 \u043f\u0440\u0438\u0433\u043e\u0434 \u0456 \u043d\u043e\u0432\u0438\u0445 \u043c\u043e\u0432\u043d\u0438\u0445 \u0432\u0456\u0434\u043a\u0440\u0438\u0442\u0442\u0456\u0432? \u041f\u0440\u0438\u0433\u043e\u0442\u0443\u0439\u0442\u0435\u0441\u044f \u0434\u043e \u043d\u0435\u0437\u0430\u0431\u0443\u0442\u043d\u044c\u043e\u0457 \u043f\u043e\u0434\u043e\u0440\u043e\u0436\u0456! \u26c4\ufe0f\ud83c\udfac<\/p>\n","protected":false},"excerpt":{"rendered":"Kraina lodu: zeszyt do tw\u00f3rczych zaj\u0119\u0107 na poziomie A2 autorka: Anna Py\u0142ypczuk \u0444\u043e\u0440\u043c\u0430\u0442: pdf \u043a\u0456\u043b\u044c\u043a\u0456\u0441\u0442\u044c \u0441\u0442\u043e\u0440\u0456\u043d\u043e\u043a: 20 \u0426\u0435\u0439 \u043f\u043e\u0441\u0456\u0431\u043d\u0438\u043a \u0441\u0442\u0430\u043d\u0435 \u0447\u0443\u0434\u043e\u0432\u0438\u043c \u0432\u0438\u0431\u043e\u0440\u043e\u043c \u0434\u043b\u044f \u0432\u0441\u0456\u0445, \u0445\u0442\u043e \u0445\u043e\u0447\u0435 \u0432\u0438\u0432\u0447\u0430\u0442\u0438 \u043f\u043e\u043b\u044c\u0441\u044c\u043a\u0443 \u043c\u043e\u0432\u0443 \u0435\u0444\u0435\u043a\u0442\u0438\u0432\u043d\u043e \u0456 \u0446\u0456\u043a\u0430\u0432\u043e! \u2744\ufe0f \u0417\u0430\u0432\u0434\u0430\u043d\u043d\u044f, \u0449\u043e \u0432\u043a\u043b\u044e\u0447\u0435\u043d\u0456 \u0434\u043e \u0446\u044c\u043e\u0433\u043e \u0432\u043e\u0440\u043a\u0431\u0443\u043a\u0430, \u0434\u043e\u043f\u043e\u043c\u043e\u0436\u0443\u0442\u044c \u0432\u0430\u043c \u0437\u0430\u043a\u0440\u0456\u043f\u0438\u0442\u0438 \u0432\u0438\u0432\u0447\u0435\u043d\u0438\u0439 \u043c\u0430\u0442\u0435\u0440\u0456\u0430\u043b \u0456 \u0437\u0440\u043e\u0431\u0438\u0442\u0438 \u043f\u0440\u043e\u0446\u0435\u0441 \u043d\u0430\u0432\u0447\u0430\u043d\u043d\u044f \u043d\u0435 \u043b\u0438\u0448\u0435 \u043a\u043e\u0440\u0438\u0441\u043d\u0438\u043c, \u0430 \u0439 \u0437\u0430\u0445\u043e\u043f\u043b\u044e\u044e\u0447\u0438\u043c! \u2728&#8230; <a class=\"view-article\" href=\"https:\/\/drzewo.ua\/pl\/product\/kraina-lodu-zeszyt-do-tworczych-zajec-na-poziomie-a2\/\">Czyta\u0107 dalej<\/a>","protected":false},"featured_media":6382,"comment_status":"closed","ping_status":"closed","template":"","meta":{"_glsr_average":0,"_glsr_ranking":0,"_glsr_reviews":0},"product_brand":[],"product_cat":[33],"product_tag":[],"class_list":{"0":"post-6379","1":"product","2":"type-product","3":"status-publish","4":"has-post-thumbnail","6":"product_cat-33","8":"first","9":"instock","10":"sale","11":"downloadable","12":"shipping-taxable","13":"purchasable","14":"product-type-simple"},"translation":{"provider":"WPGlobus","version":"3.0.2","language":"pl","enabled_languages":["uk","pl"],"languages":{"uk":{"title":true,"content":true,"excerpt":false},"pl":{"title":false,"content":false,"excerpt":false}}},"yoast_head":"<!-- This site is optimized with the Yoast SEO plugin v27.3 - https:\/\/yoast.com\/product\/yoast-seo-wordpress\/ -->\n<title>Kraina lodu: zeszyt do tw\u00f3rczych zaj\u0119\u0107 na poziomie A2 - Polskie Centrum Kulturalno-Edukacyjne Drzewo<\/title>\n<meta name=\"robots\" content=\"index, follow, max-snippet:-1, max-image-preview:large, max-video-preview:-1\" \/>\n<link rel=\"canonical\" href=\"https:\/\/drzewo.ua\/product\/kraina-lodu-zeszyt-do-tworczych-zajec-na-poziomie-a2\/\" \/>\n<meta property=\"og:locale\" content=\"pl_PL\" \/>\n<meta property=\"og:type\" content=\"article\" \/>\n<meta property=\"og:title\" content=\"Kraina lodu: zeszyt do tw\u00f3rczych zaj\u0119\u0107 na poziomie A2 - Polskie Centrum Kulturalno-Edukacyjne Drzewo\" \/>\n<meta property=\"og:url\" content=\"https:\/\/drzewo.ua\/product\/kraina-lodu-zeszyt-do-tworczych-zajec-na-poziomie-a2\/\" \/>\n<meta property=\"og:site_name\" content=\"Polskie Centrum Kulturalno-Edukacyjne Drzewo\" \/>\n<meta property=\"article:publisher\" content=\"https:\/\/www.facebook.com\/drzewo.polski\/\" \/>\n<meta property=\"article:modified_time\" content=\"2025-01-15T16:43:31+00:00\" \/>\n<meta property=\"og:image\" content=\"https:\/\/media.drzewo.ua\/wp-content\/uploads\/2025\/01\/15183729\/%D0%97%D0%BD%D1%96%D0%BC%D0%BE%D0%BA-%D0%B5%D0%BA%D1%80%D0%B0%D0%BD%D0%B0-2025-01-15-%D0%BE-18.35.09.png\" \/>\n\t<meta property=\"og:image:width\" content=\"1238\" \/>\n\t<meta property=\"og:image:height\" content=\"1756\" \/>\n\t<meta property=\"og:image:type\" content=\"image\/png\" \/>\n<meta name=\"twitter:card\" content=\"summary_large_image\" \/>\n<meta name=\"twitter:label1\" content=\"Szacowany czas czytania\" \/>\n\t<meta name=\"twitter:data1\" content=\"2 minuty\" \/>\n<script type=\"application\/ld+json\" class=\"yoast-schema-graph\">{\"@context\":\"https:\\\/\\\/schema.org\",\"@graph\":[{\"@type\":\"WebPage\",\"@id\":\"https:\\\/\\\/drzewo.ua\\\/product\\\/kraina-lodu-zeszyt-do-tworczych-zajec-na-poziomie-a2\\\/\",\"url\":\"https:\\\/\\\/drzewo.ua\\\/product\\\/kraina-lodu-zeszyt-do-tworczych-zajec-na-poziomie-a2\\\/\",\"name\":\"Kraina lodu: zeszyt do tw\u00f3rczych zaj\u0119\u0107 na poziomie A2 - Polskie Centrum Kulturalno-Edukacyjne Drzewo\",\"isPartOf\":{\"@id\":\"https:\\\/\\\/drzewo.ua\\\/#website\"},\"primaryImageOfPage\":{\"@id\":\"https:\\\/\\\/drzewo.ua\\\/product\\\/kraina-lodu-zeszyt-do-tworczych-zajec-na-poziomie-a2\\\/#primaryimage\"},\"image\":{\"@id\":\"https:\\\/\\\/drzewo.ua\\\/product\\\/kraina-lodu-zeszyt-do-tworczych-zajec-na-poziomie-a2\\\/#primaryimage\"},\"thumbnailUrl\":\"https:\\\/\\\/media.drzewo.ua\\\/wp-content\\\/uploads\\\/2025\\\/01\\\/15183729\\\/%D0%97%D0%BD%D1%96%D0%BC%D0%BE%D0%BA-%D0%B5%D0%BA%D1%80%D0%B0%D0%BD%D0%B0-2025-01-15-%D0%BE-18.35.09.png\",\"datePublished\":\"2025-01-15T16:39:30+00:00\",\"dateModified\":\"2025-01-15T16:43:31+00:00\",\"breadcrumb\":{\"@id\":\"https:\\\/\\\/drzewo.ua\\\/product\\\/kraina-lodu-zeszyt-do-tworczych-zajec-na-poziomie-a2\\\/#breadcrumb\"},\"inLanguage\":\"pl-PL\",\"potentialAction\":[{\"@type\":\"ReadAction\",\"target\":[\"https:\\\/\\\/drzewo.ua\\\/product\\\/kraina-lodu-zeszyt-do-tworczych-zajec-na-poziomie-a2\\\/\"]}]},{\"@type\":\"ImageObject\",\"inLanguage\":\"pl-PL\",\"@id\":\"https:\\\/\\\/drzewo.ua\\\/product\\\/kraina-lodu-zeszyt-do-tworczych-zajec-na-poziomie-a2\\\/#primaryimage\",\"url\":\"https:\\\/\\\/media.drzewo.ua\\\/wp-content\\\/uploads\\\/2025\\\/01\\\/15183729\\\/%D0%97%D0%BD%D1%96%D0%BC%D0%BE%D0%BA-%D0%B5%D0%BA%D1%80%D0%B0%D0%BD%D0%B0-2025-01-15-%D0%BE-18.35.09.png\",\"contentUrl\":\"https:\\\/\\\/media.drzewo.ua\\\/wp-content\\\/uploads\\\/2025\\\/01\\\/15183729\\\/%D0%97%D0%BD%D1%96%D0%BC%D0%BE%D0%BA-%D0%B5%D0%BA%D1%80%D0%B0%D0%BD%D0%B0-2025-01-15-%D0%BE-18.35.09.png\",\"width\":1238,\"height\":1756},{\"@type\":\"BreadcrumbList\",\"@id\":\"https:\\\/\\\/drzewo.ua\\\/product\\\/kraina-lodu-zeszyt-do-tworczych-zajec-na-poziomie-a2\\\/#breadcrumb\",\"itemListElement\":[{\"@type\":\"ListItem\",\"position\":1,\"name\":\"Home\",\"item\":\"https:\\\/\\\/drzewo.ua\\\/\"},{\"@type\":\"ListItem\",\"position\":2,\"name\":\"\u041c\u0430\u0433\u0430\u0437\u0438\u043d\",\"item\":\"https:\\\/\\\/drzewo.ua\\\/shop\\\/\"},{\"@type\":\"ListItem\",\"position\":3,\"name\":\"Kraina lodu: zeszyt do tw\u00f3rczych zaj\u0119\u0107 na poziomie A2\"}]},{\"@type\":\"WebSite\",\"@id\":\"https:\\\/\\\/drzewo.ua\\\/#website\",\"url\":\"https:\\\/\\\/drzewo.ua\\\/\",\"name\":\"Polskie Centrum Kulturalno-Edukacyjne Drzewo\",\"description\":\"J\u0119zyk polski\",\"publisher\":{\"@id\":\"https:\\\/\\\/drzewo.ua\\\/#organization\"},\"potentialAction\":[{\"@type\":\"SearchAction\",\"target\":{\"@type\":\"EntryPoint\",\"urlTemplate\":\"https:\\\/\\\/drzewo.ua\\\/?s={search_term_string}\"},\"query-input\":{\"@type\":\"PropertyValueSpecification\",\"valueRequired\":true,\"valueName\":\"search_term_string\"}}],\"inLanguage\":\"pl-PL\"},{\"@type\":\"Organization\",\"@id\":\"https:\\\/\\\/drzewo.ua\\\/#organization\",\"name\":\"Polskie Centrum Kulturalno-Edukacyjne \\\"Drzewo\\\"\",\"url\":\"https:\\\/\\\/drzewo.ua\\\/\",\"logo\":{\"@type\":\"ImageObject\",\"inLanguage\":\"pl-PL\",\"@id\":\"https:\\\/\\\/drzewo.ua\\\/#\\\/schema\\\/logo\\\/image\\\/\",\"url\":\"https:\\\/\\\/drevo-online.com\\\/wp-content\\\/uploads\\\/2018\\\/12\\\/banner.jpg\",\"contentUrl\":\"https:\\\/\\\/drevo-online.com\\\/wp-content\\\/uploads\\\/2018\\\/12\\\/banner.jpg\",\"width\":1280,\"height\":323,\"caption\":\"Polskie Centrum Kulturalno-Edukacyjne \\\"Drzewo\\\"\"},\"image\":{\"@id\":\"https:\\\/\\\/drzewo.ua\\\/#\\\/schema\\\/logo\\\/image\\\/\"},\"sameAs\":[\"https:\\\/\\\/www.facebook.com\\\/drzewo.polski\\\/\",\"https:\\\/\\\/www.instagram.com\\\/drzewo.online\\\/\"]}]}<\/script>\n<!-- \/ Yoast SEO plugin. -->","yoast_head_json":{"title":"Kraina lodu: zeszyt do tw\u00f3rczych zaj\u0119\u0107 na poziomie A2 - Polskie Centrum Kulturalno-Edukacyjne Drzewo","robots":{"index":"index","follow":"follow","max-snippet":"max-snippet:-1","max-image-preview":"max-image-preview:large","max-video-preview":"max-video-preview:-1"},"canonical":"https:\/\/drzewo.ua\/product\/kraina-lodu-zeszyt-do-tworczych-zajec-na-poziomie-a2\/","og_locale":"pl_PL","og_type":"article","og_title":"Kraina lodu: zeszyt do tw\u00f3rczych zaj\u0119\u0107 na poziomie A2 - Polskie Centrum Kulturalno-Edukacyjne Drzewo","og_url":"https:\/\/drzewo.ua\/product\/kraina-lodu-zeszyt-do-tworczych-zajec-na-poziomie-a2\/","og_site_name":"Polskie Centrum Kulturalno-Edukacyjne Drzewo","article_publisher":"https:\/\/www.facebook.com\/drzewo.polski\/","article_modified_time":"2025-01-15T16:43:31+00:00","og_image":[{"width":1238,"height":1756,"url":"https:\/\/media.drzewo.ua\/wp-content\/uploads\/2025\/01\/15183729\/%D0%97%D0%BD%D1%96%D0%BC%D0%BE%D0%BA-%D0%B5%D0%BA%D1%80%D0%B0%D0%BD%D0%B0-2025-01-15-%D0%BE-18.35.09.png","type":"image\/png"}],"twitter_card":"summary_large_image","twitter_misc":{"Szacowany czas czytania":"2 minuty"},"schema":{"@context":"https:\/\/schema.org","@graph":[{"@type":"WebPage","@id":"https:\/\/drzewo.ua\/product\/kraina-lodu-zeszyt-do-tworczych-zajec-na-poziomie-a2\/","url":"https:\/\/drzewo.ua\/product\/kraina-lodu-zeszyt-do-tworczych-zajec-na-poziomie-a2\/","name":"Kraina lodu: zeszyt do tw\u00f3rczych zaj\u0119\u0107 na poziomie A2 - Polskie Centrum Kulturalno-Edukacyjne Drzewo","isPartOf":{"@id":"https:\/\/drzewo.ua\/#website"},"primaryImageOfPage":{"@id":"https:\/\/drzewo.ua\/product\/kraina-lodu-zeszyt-do-tworczych-zajec-na-poziomie-a2\/#primaryimage"},"image":{"@id":"https:\/\/drzewo.ua\/product\/kraina-lodu-zeszyt-do-tworczych-zajec-na-poziomie-a2\/#primaryimage"},"thumbnailUrl":"https:\/\/media.drzewo.ua\/wp-content\/uploads\/2025\/01\/15183729\/%D0%97%D0%BD%D1%96%D0%BC%D0%BE%D0%BA-%D0%B5%D0%BA%D1%80%D0%B0%D0%BD%D0%B0-2025-01-15-%D0%BE-18.35.09.png","datePublished":"2025-01-15T16:39:30+00:00","dateModified":"2025-01-15T16:43:31+00:00","breadcrumb":{"@id":"https:\/\/drzewo.ua\/product\/kraina-lodu-zeszyt-do-tworczych-zajec-na-poziomie-a2\/#breadcrumb"},"inLanguage":"pl-PL","potentialAction":[{"@type":"ReadAction","target":["https:\/\/drzewo.ua\/product\/kraina-lodu-zeszyt-do-tworczych-zajec-na-poziomie-a2\/"]}]},{"@type":"ImageObject","inLanguage":"pl-PL","@id":"https:\/\/drzewo.ua\/product\/kraina-lodu-zeszyt-do-tworczych-zajec-na-poziomie-a2\/#primaryimage","url":"https:\/\/media.drzewo.ua\/wp-content\/uploads\/2025\/01\/15183729\/%D0%97%D0%BD%D1%96%D0%BC%D0%BE%D0%BA-%D0%B5%D0%BA%D1%80%D0%B0%D0%BD%D0%B0-2025-01-15-%D0%BE-18.35.09.png","contentUrl":"https:\/\/media.drzewo.ua\/wp-content\/uploads\/2025\/01\/15183729\/%D0%97%D0%BD%D1%96%D0%BC%D0%BE%D0%BA-%D0%B5%D0%BA%D1%80%D0%B0%D0%BD%D0%B0-2025-01-15-%D0%BE-18.35.09.png","width":1238,"height":1756},{"@type":"BreadcrumbList","@id":"https:\/\/drzewo.ua\/product\/kraina-lodu-zeszyt-do-tworczych-zajec-na-poziomie-a2\/#breadcrumb","itemListElement":[{"@type":"ListItem","position":1,"name":"Home","item":"https:\/\/drzewo.ua\/"},{"@type":"ListItem","position":2,"name":"\u041c\u0430\u0433\u0430\u0437\u0438\u043d","item":"https:\/\/drzewo.ua\/shop\/"},{"@type":"ListItem","position":3,"name":"Kraina lodu: zeszyt do tw\u00f3rczych zaj\u0119\u0107 na poziomie A2"}]},{"@type":"WebSite","@id":"https:\/\/drzewo.ua\/#website","url":"https:\/\/drzewo.ua\/","name":"Polskie Centrum Kulturalno-Edukacyjne Drzewo","description":"J\u0119zyk polski","publisher":{"@id":"https:\/\/drzewo.ua\/#organization"},"potentialAction":[{"@type":"SearchAction","target":{"@type":"EntryPoint","urlTemplate":"https:\/\/drzewo.ua\/?s={search_term_string}"},"query-input":{"@type":"PropertyValueSpecification","valueRequired":true,"valueName":"search_term_string"}}],"inLanguage":"pl-PL"},{"@type":"Organization","@id":"https:\/\/drzewo.ua\/#organization","name":"Polskie Centrum Kulturalno-Edukacyjne \"Drzewo\"","url":"https:\/\/drzewo.ua\/","logo":{"@type":"ImageObject","inLanguage":"pl-PL","@id":"https:\/\/drzewo.ua\/#\/schema\/logo\/image\/","url":"https:\/\/drevo-online.com\/wp-content\/uploads\/2018\/12\/banner.jpg","contentUrl":"https:\/\/drevo-online.com\/wp-content\/uploads\/2018\/12\/banner.jpg","width":1280,"height":323,"caption":"Polskie Centrum Kulturalno-Edukacyjne \"Drzewo\""},"image":{"@id":"https:\/\/drzewo.ua\/#\/schema\/logo\/image\/"},"sameAs":["https:\/\/www.facebook.com\/drzewo.polski\/","https:\/\/www.instagram.com\/drzewo.online\/"]}]}},"jetpack_sharing_enabled":true,"_links":{"self":[{"href":"https:\/\/drzewo.ua\/pl\/wp-json\/wp\/v2\/product\/6379","targetHints":{"allow":["GET"]}}],"collection":[{"href":"https:\/\/drzewo.ua\/pl\/wp-json\/wp\/v2\/product"}],"about":[{"href":"https:\/\/drzewo.ua\/pl\/wp-json\/wp\/v2\/types\/product"}],"replies":[{"embeddable":true,"href":"https:\/\/drzewo.ua\/pl\/wp-json\/wp\/v2\/comments?post=6379"}],"wp:featuredmedia":[{"embeddable":true,"href":"https:\/\/drzewo.ua\/pl\/wp-json\/wp\/v2\/media\/6382"}],"wp:attachment":[{"href":"https:\/\/drzewo.ua\/pl\/wp-json\/wp\/v2\/media?parent=6379"}],"wp:term":[{"taxonomy":"product_brand","embeddable":true,"href":"https:\/\/drzewo.ua\/pl\/wp-json\/wp\/v2\/product_brand?post=6379"},{"taxonomy":"product_cat","embeddable":true,"href":"https:\/\/drzewo.ua\/pl\/wp-json\/wp\/v2\/product_cat?post=6379"},{"taxonomy":"product_tag","embeddable":true,"href":"https:\/\/drzewo.ua\/pl\/wp-json\/wp\/v2\/product_tag?post=6379"}],"curies":[{"name":"wp","href":"https:\/\/api.w.org\/{rel}","templated":true}]}}