{"id":6171,"date":"2024-11-12T17:48:47","date_gmt":"2024-11-12T15:48:47","guid":{"rendered":"https:\/\/drzewo.ua\/?post_type=product&#038;p=6171"},"modified":"2024-11-29T19:23:15","modified_gmt":"2024-11-29T17:23:15","slug":"online-warsztaty-dla-nauczycieli-jezyka-polskiego","status":"publish","type":"product","link":"https:\/\/drzewo.ua\/pl\/product\/online-warsztaty-dla-nauczycieli-jezyka-polskiego\/","title":{"rendered":"Online warsztaty dla nauczycieli j\u0119zyka polskiego"},"content":{"rendered":"<p>\ud83c\uddf5\ud83c\uddf1 Zapraszamy serdecznie do udzia\u0142u w <u>online<\/u> warsztatach <strong>dla nauczycieli j\u0119zyka polskiego<\/strong> pt. &#8222;Praktyczne narz\u0119dzia i inspiracje w pracy nauczyciela j\u0119zyka polskiego: od motywacji po technologie&#8221;.<\/p>\n<p>\ud83d\udd39 Kto organizuje?<br \/>\n\ud83d\udd38 Polskie Centrum Kulturalno\u2013Edukacyjne &#8222;Drzewo&#8221;<\/p>\n<p><strong><u>Projekt realizowany przy wsparciu Ma\u0142\u017conki Prezydenta RP Pani Agaty Kornahauser-Dudy<\/u><\/strong><\/p>\n<p>\ud83d\udc68\ud83c\udffb\u200d\ud83c\udf93Dla kogo?<\/p>\n<p>Projekt jest skierowany do nauczycieli j\u0119zyka polskiego, kt\u00f3rzy ucz\u0105 w szko\u0142ach pa\u0144stwowych lub prywatnych, w organizacjach polonijnych, w punktach nauczania przy parafiach, itd.;<\/p>\n<p>\ud83d\uddd3 Kiedy? 30.11\u201302.12.2024<\/p>\n<p>\ud83d\udcda Co zawiera program?<\/p>\n<p><strong>Program<\/strong>:<\/p>\n<p>(czas ukrai\u0144ski)<\/p>\n<p><strong><u>30.11.2024 (sobota)<\/u><\/strong><\/p>\n<p>10:00 &#8211; 10:30 Powitanie uczestnik\u00f3w<\/p>\n<p>10:30 &#8211; 12:00 Olena Rakowska \u201cJak utrzyma\u0107 motywacj\u0119 w nauce j\u0119zyka polskiego?\u201d<\/p>\n<p>Chodzi nie tylko o to jak zmotywowa\u0107 ucznia do nauki, ale i o tym jak nauczyciel mo\u017ce zmotywowa\u0107 siebie, sk\u0105d czerpa\u0107 i bra\u0107 motywacj\u0119.<\/p>\n<p>12:00 &#8211; 12:15 dyskusja<\/p>\n<p>12:15 &#8211; 13:45 Olga Warfo\u0142omiejewa \u201cPraktyka m\u00f3wienia na przyk\u0142adzie klub\u00f3w dyskusyjnych\u201d<\/p>\n<p>13:45 &#8211; 14:00 dyskusja<\/p>\n<p>14:00 &#8211; 15:00 przerwa obiadowa<\/p>\n<p>15:00 &#8211; 16:00 Anna Py\u0142ypczuk &#8222;Wykorzystanie sztucznej inteligencji w edukacji: pomys\u0142y i inspiracje. Uczciwo\u015b\u0107 akademicka.&#8221;<\/p>\n<p>16:00 &#8211; 16:45 warsztaty i dyskusja<span class=\"Apple-converted-space\">\u00a0<\/span><\/p>\n<p><strong><u>01.12.2024 (niedziela)<\/u><\/strong><\/p>\n<p>10:00 &#8211; 11:30 Olena Rakowska&#8221;Jak wykorzysta\u0107 filmy i seriale w nauczaniu j\u0119zyka polskiego jako obcego: przepisy i inspiracje&#8221;<\/p>\n<p>11:30 &#8211; 12:00 warsztaty i dyskusja<\/p>\n<p>12:00 &#8211; 13:30 Margaryta Kondratenko \u201cBajkoterapia. Tworzenie bajki terapeutycznej. O uczuciach nale\u017cy rozmawia\u0107\u201d<\/p>\n<p>13:30 &#8211; 13:45 dyskusja<\/p>\n<p>13:45 &#8211; 14:45 Iryna Warfo\u0142omiejewa &#8222;Integracja i inkluzja w edukacji. Codzienna praca i osi\u0105gni\u0119cia&#8221; (lekcja b\u0119dzie w j\u0119zyku ukrai\u0144skim)<span class=\"Apple-converted-space\">\u00a0<\/span><\/p>\n<p>14:45 &#8211; 15:45 dyskusja<\/p>\n<p>15:45 &#8211; 16:10 zako\u0144czenie, podsumowanie szkole\u0144<\/p>\n<p><strong><u>02.12.2024 (poniedzia\u0142ek)<\/u><\/strong><\/p>\n<p>15.30- (czasu PL) \u0142\u0105czenie online z <strong>Pierwsz\u0105 Dam\u0105 Rzeczypospolitej Polskiej, Pani\u0105 Agat\u0105 Kornahauser-Dud\u0105<\/strong>,(<u>godzina spotkania mo\u017ce ulec niedu\u017cej zmianie<\/u>)<\/p>\n<p>\ud83d\udcdaUczestnicy warsztat\u00f3w otrzymaj\u0105 nast\u0119puj\u0105ce ksi\u0105\u017cki, kt\u00f3re zosta\u0142y przekazane przez <strong>Ma\u0142\u017conk\u0119 Prezydenta RP , Pani\u0105 Agat\u0119 Kornhauser-Dud\u0119<\/strong>:<\/p>\n<p>\u2714\ufe0f<em>Co robi\u0105 uczucia? Autor: Tina Oziewicz<\/em><\/p>\n<p>\u2714\ufe0f<em>M\u00f3wi\u0119 po polsku Ai A2 \u0106wiczenia dla obcokrajowc\u00f3w, Autorzy: Anna M\u0105drecka Monika Gworys<\/em><\/p>\n<p>\u2714\ufe0f<em>Ksi\u0119ga 1000 Pyta\u0144 A1-C2 (EBOOK PDF). Autor: Joanna Pasek<\/em><\/p>\n<p>\ud83d\udccc Warunkiem uzyskania <strong>certyfikatu<\/strong> jest udzia\u0142 we wszystkich spotkaniach<\/p>\n<p>\ud83d\udcb0Koszt warsztat\u00f3w<span class=\"Apple-converted-space\">\u00a0 <\/span>\u2013 750 hrywien.<\/p>\n<p>\u2757\ufe0fLiczba miejsc ograniczona.<\/p>\n<p>\u2753W przypadku pyta\u0144 prosimy o kontakt (0932467829) Marharyta<\/p>\n","protected":false},"excerpt":{"rendered":"\ud83c\uddf5\ud83c\uddf1 Zapraszamy serdecznie do udzia\u0142u w online warsztatach dla nauczycieli j\u0119zyka polskiego pt. &#8222;Praktyczne narz\u0119dzia i inspiracje w pracy nauczyciela j\u0119zyka polskiego: od motywacji po technologie&#8221;. \ud83d\udd39 Kto organizuje? \ud83d\udd38 Polskie Centrum Kulturalno\u2013Edukacyjne &#8222;Drzewo&#8221; Projekt realizowany przy wsparciu Ma\u0142\u017conki Prezydenta RP Pani Agaty Kornahauser-Dudy \ud83d\udc68\ud83c\udffb\u200d\ud83c\udf93Dla kogo? Projekt jest skierowany do nauczycieli j\u0119zyka polskiego, kt\u00f3rzy ucz\u0105&#8230; <a class=\"view-article\" href=\"https:\/\/drzewo.ua\/pl\/product\/online-warsztaty-dla-nauczycieli-jezyka-polskiego\/\">Czyta\u0107 dalej<\/a>","protected":false},"featured_media":6186,"comment_status":"closed","ping_status":"closed","template":"","meta":{"_glsr_average":0,"_glsr_ranking":0,"_glsr_reviews":0},"product_brand":[],"product_cat":[35],"product_tag":[],"class_list":{"0":"post-6171","1":"product","2":"type-product","3":"status-publish","4":"has-post-thumbnail","6":"product_cat-course","8":"first","9":"outofstock","10":"virtual","11":"purchasable","12":"product-type-simple"},"translation":{"provider":"WPGlobus","version":"3.0.2","language":"pl","enabled_languages":["uk","pl"],"languages":{"uk":{"title":true,"content":true,"excerpt":false},"pl":{"title":false,"content":false,"excerpt":false}}},"yoast_head":"<!-- This site is optimized with the Yoast SEO plugin v27.3 - https:\/\/yoast.com\/product\/yoast-seo-wordpress\/ -->\n<title>Online warsztaty dla nauczycieli j\u0119zyka polskiego - Polskie Centrum Kulturalno-Edukacyjne Drzewo<\/title>\n<meta name=\"robots\" content=\"index, follow, max-snippet:-1, max-image-preview:large, max-video-preview:-1\" \/>\n<link rel=\"canonical\" href=\"https:\/\/drzewo.ua\/product\/online-warsztaty-dla-nauczycieli-jezyka-polskiego\/\" \/>\n<meta property=\"og:locale\" content=\"pl_PL\" \/>\n<meta property=\"og:type\" content=\"article\" \/>\n<meta property=\"og:title\" content=\"Online warsztaty dla nauczycieli j\u0119zyka polskiego - Polskie Centrum Kulturalno-Edukacyjne Drzewo\" \/>\n<meta property=\"og:url\" content=\"https:\/\/drzewo.ua\/product\/online-warsztaty-dla-nauczycieli-jezyka-polskiego\/\" \/>\n<meta property=\"og:site_name\" content=\"Polskie Centrum Kulturalno-Edukacyjne Drzewo\" \/>\n<meta property=\"article:publisher\" content=\"https:\/\/www.facebook.com\/drzewo.polski\/\" \/>\n<meta property=\"article:modified_time\" content=\"2024-11-29T17:23:15+00:00\" \/>\n<meta property=\"og:image\" content=\"https:\/\/media.drzewo.ua\/wp-content\/uploads\/2024\/11\/17095405\/IMG_6830.jpeg\" \/>\n\t<meta property=\"og:image:width\" content=\"1024\" \/>\n\t<meta property=\"og:image:height\" content=\"1280\" \/>\n\t<meta property=\"og:image:type\" content=\"image\/jpeg\" \/>\n<meta name=\"twitter:card\" content=\"summary_large_image\" \/>\n<meta name=\"twitter:label1\" content=\"Szacowany czas czytania\" \/>\n\t<meta name=\"twitter:data1\" content=\"2 minuty\" \/>\n<script type=\"application\/ld+json\" class=\"yoast-schema-graph\">{\"@context\":\"https:\\\/\\\/schema.org\",\"@graph\":[{\"@type\":\"WebPage\",\"@id\":\"https:\\\/\\\/drzewo.ua\\\/product\\\/online-warsztaty-dla-nauczycieli-jezyka-polskiego\\\/\",\"url\":\"https:\\\/\\\/drzewo.ua\\\/product\\\/online-warsztaty-dla-nauczycieli-jezyka-polskiego\\\/\",\"name\":\"Online warsztaty dla nauczycieli j\u0119zyka polskiego - Polskie Centrum Kulturalno-Edukacyjne Drzewo\",\"isPartOf\":{\"@id\":\"https:\\\/\\\/drzewo.ua\\\/#website\"},\"primaryImageOfPage\":{\"@id\":\"https:\\\/\\\/drzewo.ua\\\/product\\\/online-warsztaty-dla-nauczycieli-jezyka-polskiego\\\/#primaryimage\"},\"image\":{\"@id\":\"https:\\\/\\\/drzewo.ua\\\/product\\\/online-warsztaty-dla-nauczycieli-jezyka-polskiego\\\/#primaryimage\"},\"thumbnailUrl\":\"https:\\\/\\\/media.drzewo.ua\\\/wp-content\\\/uploads\\\/2024\\\/11\\\/17095405\\\/IMG_6830.jpeg\",\"datePublished\":\"2024-11-12T15:48:47+00:00\",\"dateModified\":\"2024-11-29T17:23:15+00:00\",\"breadcrumb\":{\"@id\":\"https:\\\/\\\/drzewo.ua\\\/product\\\/online-warsztaty-dla-nauczycieli-jezyka-polskiego\\\/#breadcrumb\"},\"inLanguage\":\"pl-PL\",\"potentialAction\":[{\"@type\":\"ReadAction\",\"target\":[\"https:\\\/\\\/drzewo.ua\\\/product\\\/online-warsztaty-dla-nauczycieli-jezyka-polskiego\\\/\"]}]},{\"@type\":\"ImageObject\",\"inLanguage\":\"pl-PL\",\"@id\":\"https:\\\/\\\/drzewo.ua\\\/product\\\/online-warsztaty-dla-nauczycieli-jezyka-polskiego\\\/#primaryimage\",\"url\":\"https:\\\/\\\/media.drzewo.ua\\\/wp-content\\\/uploads\\\/2024\\\/11\\\/17095405\\\/IMG_6830.jpeg\",\"contentUrl\":\"https:\\\/\\\/media.drzewo.ua\\\/wp-content\\\/uploads\\\/2024\\\/11\\\/17095405\\\/IMG_6830.jpeg\",\"width\":1024,\"height\":1280},{\"@type\":\"BreadcrumbList\",\"@id\":\"https:\\\/\\\/drzewo.ua\\\/product\\\/online-warsztaty-dla-nauczycieli-jezyka-polskiego\\\/#breadcrumb\",\"itemListElement\":[{\"@type\":\"ListItem\",\"position\":1,\"name\":\"Home\",\"item\":\"https:\\\/\\\/drzewo.ua\\\/\"},{\"@type\":\"ListItem\",\"position\":2,\"name\":\"\u041c\u0430\u0433\u0430\u0437\u0438\u043d\",\"item\":\"https:\\\/\\\/drzewo.ua\\\/shop\\\/\"},{\"@type\":\"ListItem\",\"position\":3,\"name\":\"Online warsztaty dla nauczycieli j\u0119zyka polskiego\"}]},{\"@type\":\"WebSite\",\"@id\":\"https:\\\/\\\/drzewo.ua\\\/#website\",\"url\":\"https:\\\/\\\/drzewo.ua\\\/\",\"name\":\"Polskie Centrum Kulturalno-Edukacyjne Drzewo\",\"description\":\"J\u0119zyk polski\",\"publisher\":{\"@id\":\"https:\\\/\\\/drzewo.ua\\\/#organization\"},\"potentialAction\":[{\"@type\":\"SearchAction\",\"target\":{\"@type\":\"EntryPoint\",\"urlTemplate\":\"https:\\\/\\\/drzewo.ua\\\/?s={search_term_string}\"},\"query-input\":{\"@type\":\"PropertyValueSpecification\",\"valueRequired\":true,\"valueName\":\"search_term_string\"}}],\"inLanguage\":\"pl-PL\"},{\"@type\":\"Organization\",\"@id\":\"https:\\\/\\\/drzewo.ua\\\/#organization\",\"name\":\"Polskie Centrum Kulturalno-Edukacyjne \\\"Drzewo\\\"\",\"url\":\"https:\\\/\\\/drzewo.ua\\\/\",\"logo\":{\"@type\":\"ImageObject\",\"inLanguage\":\"pl-PL\",\"@id\":\"https:\\\/\\\/drzewo.ua\\\/#\\\/schema\\\/logo\\\/image\\\/\",\"url\":\"https:\\\/\\\/drevo-online.com\\\/wp-content\\\/uploads\\\/2018\\\/12\\\/banner.jpg\",\"contentUrl\":\"https:\\\/\\\/drevo-online.com\\\/wp-content\\\/uploads\\\/2018\\\/12\\\/banner.jpg\",\"width\":1280,\"height\":323,\"caption\":\"Polskie Centrum Kulturalno-Edukacyjne \\\"Drzewo\\\"\"},\"image\":{\"@id\":\"https:\\\/\\\/drzewo.ua\\\/#\\\/schema\\\/logo\\\/image\\\/\"},\"sameAs\":[\"https:\\\/\\\/www.facebook.com\\\/drzewo.polski\\\/\",\"https:\\\/\\\/www.instagram.com\\\/drzewo.online\\\/\"]}]}<\/script>\n<!-- \/ Yoast SEO plugin. -->","yoast_head_json":{"title":"Online warsztaty dla nauczycieli j\u0119zyka polskiego - Polskie Centrum Kulturalno-Edukacyjne Drzewo","robots":{"index":"index","follow":"follow","max-snippet":"max-snippet:-1","max-image-preview":"max-image-preview:large","max-video-preview":"max-video-preview:-1"},"canonical":"https:\/\/drzewo.ua\/product\/online-warsztaty-dla-nauczycieli-jezyka-polskiego\/","og_locale":"pl_PL","og_type":"article","og_title":"Online warsztaty dla nauczycieli j\u0119zyka polskiego - Polskie Centrum Kulturalno-Edukacyjne Drzewo","og_url":"https:\/\/drzewo.ua\/product\/online-warsztaty-dla-nauczycieli-jezyka-polskiego\/","og_site_name":"Polskie Centrum Kulturalno-Edukacyjne Drzewo","article_publisher":"https:\/\/www.facebook.com\/drzewo.polski\/","article_modified_time":"2024-11-29T17:23:15+00:00","og_image":[{"width":1024,"height":1280,"url":"https:\/\/media.drzewo.ua\/wp-content\/uploads\/2024\/11\/17095405\/IMG_6830.jpeg","type":"image\/jpeg"}],"twitter_card":"summary_large_image","twitter_misc":{"Szacowany czas czytania":"2 minuty"},"schema":{"@context":"https:\/\/schema.org","@graph":[{"@type":"WebPage","@id":"https:\/\/drzewo.ua\/product\/online-warsztaty-dla-nauczycieli-jezyka-polskiego\/","url":"https:\/\/drzewo.ua\/product\/online-warsztaty-dla-nauczycieli-jezyka-polskiego\/","name":"Online warsztaty dla nauczycieli j\u0119zyka polskiego - Polskie Centrum Kulturalno-Edukacyjne Drzewo","isPartOf":{"@id":"https:\/\/drzewo.ua\/#website"},"primaryImageOfPage":{"@id":"https:\/\/drzewo.ua\/product\/online-warsztaty-dla-nauczycieli-jezyka-polskiego\/#primaryimage"},"image":{"@id":"https:\/\/drzewo.ua\/product\/online-warsztaty-dla-nauczycieli-jezyka-polskiego\/#primaryimage"},"thumbnailUrl":"https:\/\/media.drzewo.ua\/wp-content\/uploads\/2024\/11\/17095405\/IMG_6830.jpeg","datePublished":"2024-11-12T15:48:47+00:00","dateModified":"2024-11-29T17:23:15+00:00","breadcrumb":{"@id":"https:\/\/drzewo.ua\/product\/online-warsztaty-dla-nauczycieli-jezyka-polskiego\/#breadcrumb"},"inLanguage":"pl-PL","potentialAction":[{"@type":"ReadAction","target":["https:\/\/drzewo.ua\/product\/online-warsztaty-dla-nauczycieli-jezyka-polskiego\/"]}]},{"@type":"ImageObject","inLanguage":"pl-PL","@id":"https:\/\/drzewo.ua\/product\/online-warsztaty-dla-nauczycieli-jezyka-polskiego\/#primaryimage","url":"https:\/\/media.drzewo.ua\/wp-content\/uploads\/2024\/11\/17095405\/IMG_6830.jpeg","contentUrl":"https:\/\/media.drzewo.ua\/wp-content\/uploads\/2024\/11\/17095405\/IMG_6830.jpeg","width":1024,"height":1280},{"@type":"BreadcrumbList","@id":"https:\/\/drzewo.ua\/product\/online-warsztaty-dla-nauczycieli-jezyka-polskiego\/#breadcrumb","itemListElement":[{"@type":"ListItem","position":1,"name":"Home","item":"https:\/\/drzewo.ua\/"},{"@type":"ListItem","position":2,"name":"\u041c\u0430\u0433\u0430\u0437\u0438\u043d","item":"https:\/\/drzewo.ua\/shop\/"},{"@type":"ListItem","position":3,"name":"Online warsztaty dla nauczycieli j\u0119zyka polskiego"}]},{"@type":"WebSite","@id":"https:\/\/drzewo.ua\/#website","url":"https:\/\/drzewo.ua\/","name":"Polskie Centrum Kulturalno-Edukacyjne Drzewo","description":"J\u0119zyk polski","publisher":{"@id":"https:\/\/drzewo.ua\/#organization"},"potentialAction":[{"@type":"SearchAction","target":{"@type":"EntryPoint","urlTemplate":"https:\/\/drzewo.ua\/?s={search_term_string}"},"query-input":{"@type":"PropertyValueSpecification","valueRequired":true,"valueName":"search_term_string"}}],"inLanguage":"pl-PL"},{"@type":"Organization","@id":"https:\/\/drzewo.ua\/#organization","name":"Polskie Centrum Kulturalno-Edukacyjne \"Drzewo\"","url":"https:\/\/drzewo.ua\/","logo":{"@type":"ImageObject","inLanguage":"pl-PL","@id":"https:\/\/drzewo.ua\/#\/schema\/logo\/image\/","url":"https:\/\/drevo-online.com\/wp-content\/uploads\/2018\/12\/banner.jpg","contentUrl":"https:\/\/drevo-online.com\/wp-content\/uploads\/2018\/12\/banner.jpg","width":1280,"height":323,"caption":"Polskie Centrum Kulturalno-Edukacyjne \"Drzewo\""},"image":{"@id":"https:\/\/drzewo.ua\/#\/schema\/logo\/image\/"},"sameAs":["https:\/\/www.facebook.com\/drzewo.polski\/","https:\/\/www.instagram.com\/drzewo.online\/"]}]}},"jetpack_sharing_enabled":true,"_links":{"self":[{"href":"https:\/\/drzewo.ua\/pl\/wp-json\/wp\/v2\/product\/6171","targetHints":{"allow":["GET"]}}],"collection":[{"href":"https:\/\/drzewo.ua\/pl\/wp-json\/wp\/v2\/product"}],"about":[{"href":"https:\/\/drzewo.ua\/pl\/wp-json\/wp\/v2\/types\/product"}],"replies":[{"embeddable":true,"href":"https:\/\/drzewo.ua\/pl\/wp-json\/wp\/v2\/comments?post=6171"}],"wp:featuredmedia":[{"embeddable":true,"href":"https:\/\/drzewo.ua\/pl\/wp-json\/wp\/v2\/media\/6186"}],"wp:attachment":[{"href":"https:\/\/drzewo.ua\/pl\/wp-json\/wp\/v2\/media?parent=6171"}],"wp:term":[{"taxonomy":"product_brand","embeddable":true,"href":"https:\/\/drzewo.ua\/pl\/wp-json\/wp\/v2\/product_brand?post=6171"},{"taxonomy":"product_cat","embeddable":true,"href":"https:\/\/drzewo.ua\/pl\/wp-json\/wp\/v2\/product_cat?post=6171"},{"taxonomy":"product_tag","embeddable":true,"href":"https:\/\/drzewo.ua\/pl\/wp-json\/wp\/v2\/product_tag?post=6171"}],"curies":[{"name":"wp","href":"https:\/\/api.w.org\/{rel}","templated":true}]}}