{"id":5984,"date":"2024-09-20T13:04:30","date_gmt":"2024-09-20T10:04:30","guid":{"rendered":"https:\/\/drzewo.ua\/?post_type=product&#038;p=5984"},"modified":"2024-09-23T14:17:09","modified_gmt":"2024-09-23T11:17:09","slug":"lista-czasownikow-ktore-warto-znac-na-poziomie-%d1%811","status":"publish","type":"product","link":"https:\/\/drzewo.ua\/pl\/product\/lista-czasownikow-ktore-warto-znac-na-poziomie-%d1%811\/","title":{"rendered":"Lista czasownik\u00f3w, kt\u00f3re warto zna\u0107 na poziomie \u04211"},"content":{"rendered":"<p class=\"p1\"><em><strong>&#8222;\u0421\u043f\u0438\u0441\u043e\u043a \u0434\u0456\u0454\u0441\u043b\u0456\u0432, \u044f\u043a\u0456 \u0432\u0430\u0440\u0442\u043e \u0437\u043d\u0430\u0442\u0438 \u043d\u0430 \u0440\u0456\u0432\u043d\u0456 \u04211&#8221;<\/strong> <\/em><span class=\"s1\">\ud83d\udcda<\/span> \u2013 \u0446\u0435 \u0447\u0443\u0434\u043e\u0432\u0438\u0439 \u0456\u043d\u0441\u0442\u0440\u0443\u043c\u0435\u043d\u0442 \u0434\u043b\u044f \u0442\u0438\u0445, \u0445\u0442\u043e \u0432\u0438\u0432\u0447\u0430\u0454 \u043f\u043e\u043b\u044c\u0441\u044c\u043a\u0443 \u043c\u043e\u0432\u0443 <span class=\"s1\">\ud83c\uddf5\ud83c\uddf1<\/span>. \u0423 \u0446\u044c\u043e\u043c\u0443 \u0441\u043f\u0438\u0441\u043a\u0443 \u0437\u0456\u0431\u0440\u0430\u043d\u0456 \u043d\u0430\u0439\u0432\u0430\u0436\u043b\u0438\u0432\u0456\u0448\u0456 \u0434\u0456\u0454\u0441\u043b\u043e\u0432\u0430, \u043d\u0435\u043e\u0431\u0445\u0456\u0434\u043d\u0456 \u0434\u043b\u044f \u0435\u0444\u0435\u043a\u0442\u0438\u0432\u043d\u043e\u0433\u043e \u0441\u043f\u0456\u043b\u043a\u0443\u0432\u0430\u043d\u043d\u044f <span class=\"s1\">\ud83d\udde3\ufe0f<\/span> \u0432 \u043f\u043e\u0432\u0441\u044f\u043a\u0434\u0435\u043d\u043d\u0438\u0445 \u0441\u0438\u0442\u0443\u0430\u0446\u0456\u044f\u0445. \u041c\u0430\u0442\u0435\u0440\u0456\u0430\u043b \u0434\u043e\u043f\u043e\u043c\u043e\u0436\u0435 \u0440\u043e\u0437\u0448\u0438\u0440\u0438\u0442\u0438 \u0441\u043b\u043e\u0432\u043d\u0438\u043a\u043e\u0432\u0438\u0439 \u0437\u0430\u043f\u0430\u0441 <span class=\"s1\">\ud83d\udcdd<\/span>, \u043f\u043e\u043a\u0440\u0430\u0449\u0438\u0442\u0438 \u0433\u0440\u0430\u043c\u0430\u0442\u0438\u043a\u0443 <span class=\"s1\">\u270d\ufe0f<\/span> \u0442\u0430 \u0432\u043f\u0435\u0432\u043d\u0435\u043d\u0456\u0448\u0435 \u0432\u0438\u043a\u043e\u0440\u0438\u0441\u0442\u043e\u0432\u0443\u0432\u0430\u0442\u0438 \u043c\u043e\u0432\u0443 \u0432 \u0434\u0456\u0430\u043b\u043e\u0437\u0456 <span class=\"s1\">\ud83d\udcac<\/span>. \u0406\u0434\u0435\u0430\u043b\u044c\u043d\u043e \u043f\u0456\u0434\u0445\u043e\u0434\u0438\u0442\u044c \u0434\u043b\u044f \u0441\u0430\u043c\u043e\u0441\u0442\u0456\u0439\u043d\u043e\u0433\u043e \u043d\u0430\u0432\u0447\u0430\u043d\u043d\u044f <span class=\"s1\">\ud83c\udfaf<\/span>.<\/p>\n<p class=\"p1\"><strong>\u0414\u043e \u0441\u043f\u0438\u0441\u043a\u0443 \u0432\u0445\u043e\u0434\u044f\u0442\u044c \u0442\u0430\u043a\u0456 \u043a\u0430\u0442\u0435\u0433\u043e\u0440\u0456\u0457 \u0434\u0456\u0454\u0441\u043b\u0456\u0432:<\/strong><\/p>\n<ul>\n<li>Codzienne czynno\u015bci i obowi\u0105zki \ud83c\udfe0<\/li>\n<li>Czasowniki ruchu i podr\u00f3\u017cy \ud83d\udeb6\u200d\u2642\ufe0f\u2708\ufe0f<\/li>\n<li>Czasowniki dotycz\u0105ce czasu i planowania \u23f0\ud83d\uddd3\ufe0f<\/li>\n<li>Czasowniki dotycz\u0105ce uczu\u0107 i relacji \ud83d\udc96\ud83d\udc65<\/li>\n<li>Czasowniki zwi\u0105zane z komunikacj\u0105 \ud83d\udde3\ufe0f\ud83d\udcde<\/li>\n<li>Czasowniki zwi\u0105zane z prac\u0105 i nauk\u0105 \ud83d\udcbc\ud83d\udcda<\/li>\n<li>Czasowniki dotycz\u0105ce zdrowia \ud83e\ude7a\ud83d\udcaa<\/li>\n<li>Czasowniki dotycz\u0105ce technologii i medi\u00f3w \ud83d\udcbb\ud83d\udcf1<\/li>\n<li>Czasowniki zwi\u0105zane z biznesem i ekonomi\u0105\u00a0\ud83c\udfe2\ud83d\udcca<\/li>\n<li>Inne wa\u017cne czasowniki \ud83c\udf1f<\/li>\n<\/ul>\n<p>\u0426\u0435\u0439 \u043f\u0435\u0440\u0435\u043b\u0456\u043a \u043e\u0445\u043e\u043f\u043b\u044e\u0454 \u0432\u0441\u0456 \u043a\u043b\u044e\u0447\u043e\u0432\u0456 \u0441\u0444\u0435\u0440\u0438 \u0434\u043b\u044f \u0432\u0438\u0432\u0447\u0435\u043d\u043d\u044f \u043f\u043e\u043b\u044c\u0441\u044c\u043a\u043e\u0457 \u043c\u043e\u0432\u0438 \u043d\u0430 \u0440\u0456\u0432\u043d\u0456 \u04211.<\/p>\n<p><strong>\u0410\u0432\u0442\u043e\u0440:<\/strong> \u041c\u0430\u0440\u0433\u0430\u0440\u0438\u0442\u0430 \u041a\u043e\u043d\u0434\u0440\u0430\u0442\u0435\u043d\u043a\u043e<br \/>\n<strong>\u041a\u0456\u043b\u044c\u043a\u0456\u0441\u0442\u044c \u0441\u0442\u043e\u0440\u0456\u043d\u043e\u043a:<\/strong> 6<\/p>\n","protected":false},"excerpt":{"rendered":"&#8222;\u0421\u043f\u0438\u0441\u043e\u043a \u0434\u0456\u0454\u0441\u043b\u0456\u0432, \u044f\u043a\u0456 \u0432\u0430\u0440\u0442\u043e \u0437\u043d\u0430\u0442\u0438 \u043d\u0430 \u0440\u0456\u0432\u043d\u0456 \u04211&#8221; \ud83d\udcda \u2013 \u0446\u0435 \u0447\u0443\u0434\u043e\u0432\u0438\u0439 \u0456\u043d\u0441\u0442\u0440\u0443\u043c\u0435\u043d\u0442 \u0434\u043b\u044f \u0442\u0438\u0445, \u0445\u0442\u043e \u0432\u0438\u0432\u0447\u0430\u0454 \u043f\u043e\u043b\u044c\u0441\u044c\u043a\u0443 \u043c\u043e\u0432\u0443 \ud83c\uddf5\ud83c\uddf1. \u0423 \u0446\u044c\u043e\u043c\u0443 \u0441\u043f\u0438\u0441\u043a\u0443 \u0437\u0456\u0431\u0440\u0430\u043d\u0456 \u043d\u0430\u0439\u0432\u0430\u0436\u043b\u0438\u0432\u0456\u0448\u0456 \u0434\u0456\u0454\u0441\u043b\u043e\u0432\u0430, \u043d\u0435\u043e\u0431\u0445\u0456\u0434\u043d\u0456 \u0434\u043b\u044f \u0435\u0444\u0435\u043a\u0442\u0438\u0432\u043d\u043e\u0433\u043e \u0441\u043f\u0456\u043b\u043a\u0443\u0432\u0430\u043d\u043d\u044f \ud83d\udde3\ufe0f \u0432 \u043f\u043e\u0432\u0441\u044f\u043a\u0434\u0435\u043d\u043d\u0438\u0445 \u0441\u0438\u0442\u0443\u0430\u0446\u0456\u044f\u0445. \u041c\u0430\u0442\u0435\u0440\u0456\u0430\u043b \u0434\u043e\u043f\u043e\u043c\u043e\u0436\u0435 \u0440\u043e\u0437\u0448\u0438\u0440\u0438\u0442\u0438 \u0441\u043b\u043e\u0432\u043d\u0438\u043a\u043e\u0432\u0438\u0439 \u0437\u0430\u043f\u0430\u0441 \ud83d\udcdd, \u043f\u043e\u043a\u0440\u0430\u0449\u0438\u0442\u0438 \u0433\u0440\u0430\u043c\u0430\u0442\u0438\u043a\u0443 \u270d\ufe0f \u0442\u0430 \u0432\u043f\u0435\u0432\u043d\u0435\u043d\u0456\u0448\u0435 \u0432\u0438\u043a\u043e\u0440\u0438\u0441\u0442\u043e\u0432\u0443\u0432\u0430\u0442\u0438 \u043c\u043e\u0432\u0443 \u0432 \u0434\u0456\u0430\u043b\u043e\u0437\u0456 \ud83d\udcac. \u0406\u0434\u0435\u0430\u043b\u044c\u043d\u043e \u043f\u0456\u0434\u0445\u043e\u0434\u0438\u0442\u044c \u0434\u043b\u044f \u0441\u0430\u043c\u043e\u0441\u0442\u0456\u0439\u043d\u043e\u0433\u043e \u043d\u0430\u0432\u0447\u0430\u043d\u043d\u044f&#8230; <a class=\"view-article\" href=\"https:\/\/drzewo.ua\/pl\/product\/lista-czasownikow-ktore-warto-znac-na-poziomie-%d1%811\/\">Czyta\u0107 dalej<\/a>","protected":false},"featured_media":5986,"comment_status":"closed","ping_status":"closed","template":"","meta":{"_glsr_average":0,"_glsr_ranking":0,"_glsr_reviews":0},"product_brand":[],"product_cat":[33],"product_tag":[],"class_list":{"0":"post-5984","1":"product","2":"type-product","3":"status-publish","4":"has-post-thumbnail","6":"product_cat-33","8":"first","9":"instock","10":"downloadable","11":"shipping-taxable","12":"purchasable","13":"product-type-simple"},"translation":{"provider":"WPGlobus","version":"3.0.2","language":"pl","enabled_languages":["uk","pl"],"languages":{"uk":{"title":true,"content":true,"excerpt":false},"pl":{"title":false,"content":false,"excerpt":false}}},"yoast_head":"<!-- This site is optimized with the Yoast SEO plugin v27.3 - https:\/\/yoast.com\/product\/yoast-seo-wordpress\/ -->\n<title>Lista czasownik\u00f3w, kt\u00f3re warto zna\u0107 na poziomie \u04211 - Polskie Centrum Kulturalno-Edukacyjne Drzewo<\/title>\n<meta name=\"robots\" content=\"index, follow, max-snippet:-1, max-image-preview:large, max-video-preview:-1\" \/>\n<link rel=\"canonical\" href=\"https:\/\/drzewo.ua\/product\/lista-czasownikow-ktore-warto-znac-na-poziomie-\u04411\/\" \/>\n<meta property=\"og:locale\" content=\"pl_PL\" \/>\n<meta property=\"og:type\" content=\"article\" \/>\n<meta property=\"og:title\" content=\"Lista czasownik\u00f3w, kt\u00f3re warto zna\u0107 na poziomie \u04211 - Polskie Centrum Kulturalno-Edukacyjne Drzewo\" \/>\n<meta property=\"og:url\" content=\"https:\/\/drzewo.ua\/product\/lista-czasownikow-ktore-warto-znac-na-poziomie-\u04411\/\" \/>\n<meta property=\"og:site_name\" content=\"Polskie Centrum Kulturalno-Edukacyjne Drzewo\" \/>\n<meta property=\"article:publisher\" content=\"https:\/\/www.facebook.com\/drzewo.polski\/\" \/>\n<meta property=\"article:modified_time\" content=\"2024-09-23T11:17:09+00:00\" \/>\n<meta property=\"og:image\" content=\"https:\/\/media.drzewo.ua\/wp-content\/uploads\/2024\/09\/20130408\/%D0%97%D0%BD%D1%96%D0%BC%D0%BE%D0%BA-%D0%B5%D0%BA%D1%80%D0%B0%D0%BD%D0%B0-2024-09-20-%D0%BE-13.03.07.png\" \/>\n\t<meta property=\"og:image:width\" content=\"1598\" \/>\n\t<meta property=\"og:image:height\" content=\"1078\" \/>\n\t<meta property=\"og:image:type\" content=\"image\/png\" \/>\n<meta name=\"twitter:card\" content=\"summary_large_image\" \/>\n<meta name=\"twitter:label1\" content=\"Szacowany czas czytania\" \/>\n\t<meta name=\"twitter:data1\" content=\"1 minuta\" \/>\n<script type=\"application\/ld+json\" class=\"yoast-schema-graph\">{\"@context\":\"https:\\\/\\\/schema.org\",\"@graph\":[{\"@type\":\"WebPage\",\"@id\":\"https:\\\/\\\/drzewo.ua\\\/product\\\/lista-czasownikow-ktore-warto-znac-na-poziomie-%d1%811\\\/\",\"url\":\"https:\\\/\\\/drzewo.ua\\\/product\\\/lista-czasownikow-ktore-warto-znac-na-poziomie-%d1%811\\\/\",\"name\":\"Lista czasownik\u00f3w, kt\u00f3re warto zna\u0107 na poziomie \u04211 - Polskie Centrum Kulturalno-Edukacyjne Drzewo\",\"isPartOf\":{\"@id\":\"https:\\\/\\\/drzewo.ua\\\/#website\"},\"primaryImageOfPage\":{\"@id\":\"https:\\\/\\\/drzewo.ua\\\/product\\\/lista-czasownikow-ktore-warto-znac-na-poziomie-%d1%811\\\/#primaryimage\"},\"image\":{\"@id\":\"https:\\\/\\\/drzewo.ua\\\/product\\\/lista-czasownikow-ktore-warto-znac-na-poziomie-%d1%811\\\/#primaryimage\"},\"thumbnailUrl\":\"https:\\\/\\\/media.drzewo.ua\\\/wp-content\\\/uploads\\\/2024\\\/09\\\/20130408\\\/%D0%97%D0%BD%D1%96%D0%BC%D0%BE%D0%BA-%D0%B5%D0%BA%D1%80%D0%B0%D0%BD%D0%B0-2024-09-20-%D0%BE-13.03.07.png\",\"datePublished\":\"2024-09-20T10:04:30+00:00\",\"dateModified\":\"2024-09-23T11:17:09+00:00\",\"breadcrumb\":{\"@id\":\"https:\\\/\\\/drzewo.ua\\\/product\\\/lista-czasownikow-ktore-warto-znac-na-poziomie-%d1%811\\\/#breadcrumb\"},\"inLanguage\":\"pl-PL\",\"potentialAction\":[{\"@type\":\"ReadAction\",\"target\":[\"https:\\\/\\\/drzewo.ua\\\/product\\\/lista-czasownikow-ktore-warto-znac-na-poziomie-%d1%811\\\/\"]}]},{\"@type\":\"ImageObject\",\"inLanguage\":\"pl-PL\",\"@id\":\"https:\\\/\\\/drzewo.ua\\\/product\\\/lista-czasownikow-ktore-warto-znac-na-poziomie-%d1%811\\\/#primaryimage\",\"url\":\"https:\\\/\\\/media.drzewo.ua\\\/wp-content\\\/uploads\\\/2024\\\/09\\\/20130408\\\/%D0%97%D0%BD%D1%96%D0%BC%D0%BE%D0%BA-%D0%B5%D0%BA%D1%80%D0%B0%D0%BD%D0%B0-2024-09-20-%D0%BE-13.03.07.png\",\"contentUrl\":\"https:\\\/\\\/media.drzewo.ua\\\/wp-content\\\/uploads\\\/2024\\\/09\\\/20130408\\\/%D0%97%D0%BD%D1%96%D0%BC%D0%BE%D0%BA-%D0%B5%D0%BA%D1%80%D0%B0%D0%BD%D0%B0-2024-09-20-%D0%BE-13.03.07.png\",\"width\":1598,\"height\":1078},{\"@type\":\"BreadcrumbList\",\"@id\":\"https:\\\/\\\/drzewo.ua\\\/product\\\/lista-czasownikow-ktore-warto-znac-na-poziomie-%d1%811\\\/#breadcrumb\",\"itemListElement\":[{\"@type\":\"ListItem\",\"position\":1,\"name\":\"Home\",\"item\":\"https:\\\/\\\/drzewo.ua\\\/\"},{\"@type\":\"ListItem\",\"position\":2,\"name\":\"\u041c\u0430\u0433\u0430\u0437\u0438\u043d\",\"item\":\"https:\\\/\\\/drzewo.ua\\\/shop\\\/\"},{\"@type\":\"ListItem\",\"position\":3,\"name\":\"Lista czasownik\u00f3w, kt\u00f3re warto zna\u0107 na poziomie \u04211\"}]},{\"@type\":\"WebSite\",\"@id\":\"https:\\\/\\\/drzewo.ua\\\/#website\",\"url\":\"https:\\\/\\\/drzewo.ua\\\/\",\"name\":\"Polskie Centrum Kulturalno-Edukacyjne Drzewo\",\"description\":\"J\u0119zyk polski\",\"publisher\":{\"@id\":\"https:\\\/\\\/drzewo.ua\\\/#organization\"},\"potentialAction\":[{\"@type\":\"SearchAction\",\"target\":{\"@type\":\"EntryPoint\",\"urlTemplate\":\"https:\\\/\\\/drzewo.ua\\\/?s={search_term_string}\"},\"query-input\":{\"@type\":\"PropertyValueSpecification\",\"valueRequired\":true,\"valueName\":\"search_term_string\"}}],\"inLanguage\":\"pl-PL\"},{\"@type\":\"Organization\",\"@id\":\"https:\\\/\\\/drzewo.ua\\\/#organization\",\"name\":\"Polskie Centrum Kulturalno-Edukacyjne \\\"Drzewo\\\"\",\"url\":\"https:\\\/\\\/drzewo.ua\\\/\",\"logo\":{\"@type\":\"ImageObject\",\"inLanguage\":\"pl-PL\",\"@id\":\"https:\\\/\\\/drzewo.ua\\\/#\\\/schema\\\/logo\\\/image\\\/\",\"url\":\"https:\\\/\\\/drevo-online.com\\\/wp-content\\\/uploads\\\/2018\\\/12\\\/banner.jpg\",\"contentUrl\":\"https:\\\/\\\/drevo-online.com\\\/wp-content\\\/uploads\\\/2018\\\/12\\\/banner.jpg\",\"width\":1280,\"height\":323,\"caption\":\"Polskie Centrum Kulturalno-Edukacyjne \\\"Drzewo\\\"\"},\"image\":{\"@id\":\"https:\\\/\\\/drzewo.ua\\\/#\\\/schema\\\/logo\\\/image\\\/\"},\"sameAs\":[\"https:\\\/\\\/www.facebook.com\\\/drzewo.polski\\\/\",\"https:\\\/\\\/www.instagram.com\\\/drzewo.online\\\/\"]}]}<\/script>\n<!-- \/ Yoast SEO plugin. -->","yoast_head_json":{"title":"Lista czasownik\u00f3w, kt\u00f3re warto zna\u0107 na poziomie \u04211 - Polskie Centrum Kulturalno-Edukacyjne Drzewo","robots":{"index":"index","follow":"follow","max-snippet":"max-snippet:-1","max-image-preview":"max-image-preview:large","max-video-preview":"max-video-preview:-1"},"canonical":"https:\/\/drzewo.ua\/product\/lista-czasownikow-ktore-warto-znac-na-poziomie-\u04411\/","og_locale":"pl_PL","og_type":"article","og_title":"Lista czasownik\u00f3w, kt\u00f3re warto zna\u0107 na poziomie \u04211 - Polskie Centrum Kulturalno-Edukacyjne Drzewo","og_url":"https:\/\/drzewo.ua\/product\/lista-czasownikow-ktore-warto-znac-na-poziomie-\u04411\/","og_site_name":"Polskie Centrum Kulturalno-Edukacyjne Drzewo","article_publisher":"https:\/\/www.facebook.com\/drzewo.polski\/","article_modified_time":"2024-09-23T11:17:09+00:00","og_image":[{"width":1598,"height":1078,"url":"https:\/\/media.drzewo.ua\/wp-content\/uploads\/2024\/09\/20130408\/%D0%97%D0%BD%D1%96%D0%BC%D0%BE%D0%BA-%D0%B5%D0%BA%D1%80%D0%B0%D0%BD%D0%B0-2024-09-20-%D0%BE-13.03.07.png","type":"image\/png"}],"twitter_card":"summary_large_image","twitter_misc":{"Szacowany czas czytania":"1 minuta"},"schema":{"@context":"https:\/\/schema.org","@graph":[{"@type":"WebPage","@id":"https:\/\/drzewo.ua\/product\/lista-czasownikow-ktore-warto-znac-na-poziomie-%d1%811\/","url":"https:\/\/drzewo.ua\/product\/lista-czasownikow-ktore-warto-znac-na-poziomie-%d1%811\/","name":"Lista czasownik\u00f3w, kt\u00f3re warto zna\u0107 na poziomie \u04211 - Polskie Centrum Kulturalno-Edukacyjne Drzewo","isPartOf":{"@id":"https:\/\/drzewo.ua\/#website"},"primaryImageOfPage":{"@id":"https:\/\/drzewo.ua\/product\/lista-czasownikow-ktore-warto-znac-na-poziomie-%d1%811\/#primaryimage"},"image":{"@id":"https:\/\/drzewo.ua\/product\/lista-czasownikow-ktore-warto-znac-na-poziomie-%d1%811\/#primaryimage"},"thumbnailUrl":"https:\/\/media.drzewo.ua\/wp-content\/uploads\/2024\/09\/20130408\/%D0%97%D0%BD%D1%96%D0%BC%D0%BE%D0%BA-%D0%B5%D0%BA%D1%80%D0%B0%D0%BD%D0%B0-2024-09-20-%D0%BE-13.03.07.png","datePublished":"2024-09-20T10:04:30+00:00","dateModified":"2024-09-23T11:17:09+00:00","breadcrumb":{"@id":"https:\/\/drzewo.ua\/product\/lista-czasownikow-ktore-warto-znac-na-poziomie-%d1%811\/#breadcrumb"},"inLanguage":"pl-PL","potentialAction":[{"@type":"ReadAction","target":["https:\/\/drzewo.ua\/product\/lista-czasownikow-ktore-warto-znac-na-poziomie-%d1%811\/"]}]},{"@type":"ImageObject","inLanguage":"pl-PL","@id":"https:\/\/drzewo.ua\/product\/lista-czasownikow-ktore-warto-znac-na-poziomie-%d1%811\/#primaryimage","url":"https:\/\/media.drzewo.ua\/wp-content\/uploads\/2024\/09\/20130408\/%D0%97%D0%BD%D1%96%D0%BC%D0%BE%D0%BA-%D0%B5%D0%BA%D1%80%D0%B0%D0%BD%D0%B0-2024-09-20-%D0%BE-13.03.07.png","contentUrl":"https:\/\/media.drzewo.ua\/wp-content\/uploads\/2024\/09\/20130408\/%D0%97%D0%BD%D1%96%D0%BC%D0%BE%D0%BA-%D0%B5%D0%BA%D1%80%D0%B0%D0%BD%D0%B0-2024-09-20-%D0%BE-13.03.07.png","width":1598,"height":1078},{"@type":"BreadcrumbList","@id":"https:\/\/drzewo.ua\/product\/lista-czasownikow-ktore-warto-znac-na-poziomie-%d1%811\/#breadcrumb","itemListElement":[{"@type":"ListItem","position":1,"name":"Home","item":"https:\/\/drzewo.ua\/"},{"@type":"ListItem","position":2,"name":"\u041c\u0430\u0433\u0430\u0437\u0438\u043d","item":"https:\/\/drzewo.ua\/shop\/"},{"@type":"ListItem","position":3,"name":"Lista czasownik\u00f3w, kt\u00f3re warto zna\u0107 na poziomie \u04211"}]},{"@type":"WebSite","@id":"https:\/\/drzewo.ua\/#website","url":"https:\/\/drzewo.ua\/","name":"Polskie Centrum Kulturalno-Edukacyjne Drzewo","description":"J\u0119zyk polski","publisher":{"@id":"https:\/\/drzewo.ua\/#organization"},"potentialAction":[{"@type":"SearchAction","target":{"@type":"EntryPoint","urlTemplate":"https:\/\/drzewo.ua\/?s={search_term_string}"},"query-input":{"@type":"PropertyValueSpecification","valueRequired":true,"valueName":"search_term_string"}}],"inLanguage":"pl-PL"},{"@type":"Organization","@id":"https:\/\/drzewo.ua\/#organization","name":"Polskie Centrum Kulturalno-Edukacyjne \"Drzewo\"","url":"https:\/\/drzewo.ua\/","logo":{"@type":"ImageObject","inLanguage":"pl-PL","@id":"https:\/\/drzewo.ua\/#\/schema\/logo\/image\/","url":"https:\/\/drevo-online.com\/wp-content\/uploads\/2018\/12\/banner.jpg","contentUrl":"https:\/\/drevo-online.com\/wp-content\/uploads\/2018\/12\/banner.jpg","width":1280,"height":323,"caption":"Polskie Centrum Kulturalno-Edukacyjne \"Drzewo\""},"image":{"@id":"https:\/\/drzewo.ua\/#\/schema\/logo\/image\/"},"sameAs":["https:\/\/www.facebook.com\/drzewo.polski\/","https:\/\/www.instagram.com\/drzewo.online\/"]}]}},"jetpack_sharing_enabled":true,"_links":{"self":[{"href":"https:\/\/drzewo.ua\/pl\/wp-json\/wp\/v2\/product\/5984","targetHints":{"allow":["GET"]}}],"collection":[{"href":"https:\/\/drzewo.ua\/pl\/wp-json\/wp\/v2\/product"}],"about":[{"href":"https:\/\/drzewo.ua\/pl\/wp-json\/wp\/v2\/types\/product"}],"replies":[{"embeddable":true,"href":"https:\/\/drzewo.ua\/pl\/wp-json\/wp\/v2\/comments?post=5984"}],"wp:featuredmedia":[{"embeddable":true,"href":"https:\/\/drzewo.ua\/pl\/wp-json\/wp\/v2\/media\/5986"}],"wp:attachment":[{"href":"https:\/\/drzewo.ua\/pl\/wp-json\/wp\/v2\/media?parent=5984"}],"wp:term":[{"taxonomy":"product_brand","embeddable":true,"href":"https:\/\/drzewo.ua\/pl\/wp-json\/wp\/v2\/product_brand?post=5984"},{"taxonomy":"product_cat","embeddable":true,"href":"https:\/\/drzewo.ua\/pl\/wp-json\/wp\/v2\/product_cat?post=5984"},{"taxonomy":"product_tag","embeddable":true,"href":"https:\/\/drzewo.ua\/pl\/wp-json\/wp\/v2\/product_tag?post=5984"}],"curies":[{"name":"wp","href":"https:\/\/api.w.org\/{rel}","templated":true}]}}