{"id":5377,"date":"2023-12-05T10:27:40","date_gmt":"2023-12-05T08:27:40","guid":{"rendered":"https:\/\/drzewo.ua\/?post_type=product&#038;p=5377"},"modified":"2024-05-28T20:50:02","modified_gmt":"2024-05-28T17:50:02","slug":"seans-filmowy","status":"publish","type":"product","link":"https:\/\/drzewo.ua\/pl\/product\/seans-filmowy\/","title":{"rendered":"Seans filmowy"},"content":{"rendered":"<p>W grudniu ka\u017cdy z nas ma du\u017co k\u0142opot\u00f3w przed \u015bwi\u0119tami: sprz\u0105tanie dom\u00f3w,, dekorowanie choinek i oczywi\u015bcie zakupy prezent\u00f3w. A dla niekt\u00f3rych bliskich warto tak\u017ce nada\u0107 paczk\u0119 z prezentami za po\u015brednictwem wydzia\u0142u kurierskiego. I chocia\u017c z ka\u017cdym rokiem odbieramy takie us\u0142ugi wi\u0119cej, ale strasznie boimy si\u0119 tego, \u017ceby nie by\u0142o jakiej\u015b pomy\u0142ki z t\u0105 s\u0142u\u017cb\u0105 kuriersk\u0105. Jednak co robi\u0107, gdy wredny wsp\u00f3\u0142pracownik sabotuje prac\u0119 kurierki?<\/p>\n<p>Zapraszamy do naszego biura na seans filmowy z filmem \u201eJESZCZE PRZED \u015aWI\u0118TAMI\u201d, aby poogl\u0105da\u0107, co w takim razie b\u0119d\u0105 robi\u0107 gwiazdy polskiego kina. Do oferty b\u0119dzie tylko pierwsza cz\u0119\u015b\u0107 filmu. Opr\u00f3cz ogl\u0105dania czeka na Pa\u0144stwo praca ze s\u0142ownictwem z filmu.<\/p>\n<p>Dzie\u0144 seansu<br \/>\n09.12.2023<\/p>\n<p>Czas seansu:<br \/>\n16.30 \u2013 18.00<\/p>\n","protected":false},"excerpt":{"rendered":"W grudniu ka\u017cdy z nas ma du\u017co k\u0142opot\u00f3w przed \u015bwi\u0119tami: sprz\u0105tanie dom\u00f3w,, dekorowanie choinek i oczywi\u015bcie zakupy prezent\u00f3w. A dla niekt\u00f3rych bliskich warto tak\u017ce nada\u0107 paczk\u0119 z prezentami za po\u015brednictwem wydzia\u0142u kurierskiego. I chocia\u017c z ka\u017cdym rokiem odbieramy takie us\u0142ugi wi\u0119cej, ale strasznie boimy si\u0119 tego, \u017ceby nie by\u0142o jakiej\u015b pomy\u0142ki z t\u0105 s\u0142u\u017cb\u0105 kuriersk\u0105&#8230;. <a class=\"view-article\" href=\"https:\/\/drzewo.ua\/pl\/product\/seans-filmowy\/\">Czyta\u0107 dalej<\/a>","protected":false},"featured_media":5378,"comment_status":"closed","ping_status":"closed","template":"","meta":{"_glsr_average":0,"_glsr_ranking":0,"_glsr_reviews":0},"product_brand":[],"product_cat":[33],"product_tag":[],"class_list":{"0":"post-5377","1":"product","2":"type-product","3":"status-publish","4":"has-post-thumbnail","6":"product_cat-33","8":"first","9":"outofstock","10":"virtual","11":"purchasable","12":"product-type-simple"},"translation":{"provider":"WPGlobus","version":"3.0.2","language":"pl","enabled_languages":["uk","pl"],"languages":{"uk":{"title":true,"content":true,"excerpt":false},"pl":{"title":false,"content":false,"excerpt":false}}},"yoast_head":"<!-- This site is optimized with the Yoast SEO plugin v27.3 - https:\/\/yoast.com\/product\/yoast-seo-wordpress\/ -->\n<title>Seans filmowy - Polskie Centrum Kulturalno-Edukacyjne Drzewo<\/title>\n<meta name=\"robots\" content=\"index, follow, max-snippet:-1, max-image-preview:large, max-video-preview:-1\" \/>\n<link rel=\"canonical\" href=\"https:\/\/drzewo.ua\/product\/seans-filmowy\/\" \/>\n<meta property=\"og:locale\" content=\"pl_PL\" \/>\n<meta property=\"og:type\" content=\"article\" \/>\n<meta property=\"og:title\" content=\"Seans filmowy - Polskie Centrum Kulturalno-Edukacyjne Drzewo\" \/>\n<meta property=\"og:url\" content=\"https:\/\/drzewo.ua\/product\/seans-filmowy\/\" \/>\n<meta property=\"og:site_name\" content=\"Polskie Centrum Kulturalno-Edukacyjne Drzewo\" \/>\n<meta property=\"article:publisher\" content=\"https:\/\/www.facebook.com\/drzewo.polski\/\" \/>\n<meta property=\"article:modified_time\" content=\"2024-05-28T17:50:02+00:00\" \/>\n<meta property=\"og:image\" content=\"https:\/\/media.drzewo.ua\/wp-content\/uploads\/2023\/12\/05102709\/AAAABXlfJGpZmnVdsMMx4W5JCUfo8xjU00w0QZCQp_57XU8hRGCpDH1hPRNog7WEF1xb0MxEVz_u9rLkIBxTsyQsKrSoRWzE99bQAzl3.jpeg\" \/>\n\t<meta property=\"og:image:width\" content=\"1280\" \/>\n\t<meta property=\"og:image:height\" content=\"720\" \/>\n\t<meta property=\"og:image:type\" content=\"image\/jpeg\" \/>\n<meta name=\"twitter:card\" content=\"summary_large_image\" \/>\n<meta name=\"twitter:label1\" content=\"Szacowany czas czytania\" \/>\n\t<meta name=\"twitter:data1\" content=\"1 minuta\" \/>\n<script type=\"application\/ld+json\" class=\"yoast-schema-graph\">{\"@context\":\"https:\\\/\\\/schema.org\",\"@graph\":[{\"@type\":\"WebPage\",\"@id\":\"https:\\\/\\\/drzewo.ua\\\/product\\\/seans-filmowy\\\/\",\"url\":\"https:\\\/\\\/drzewo.ua\\\/product\\\/seans-filmowy\\\/\",\"name\":\"Seans filmowy - Polskie Centrum Kulturalno-Edukacyjne Drzewo\",\"isPartOf\":{\"@id\":\"https:\\\/\\\/drzewo.ua\\\/#website\"},\"primaryImageOfPage\":{\"@id\":\"https:\\\/\\\/drzewo.ua\\\/product\\\/seans-filmowy\\\/#primaryimage\"},\"image\":{\"@id\":\"https:\\\/\\\/drzewo.ua\\\/product\\\/seans-filmowy\\\/#primaryimage\"},\"thumbnailUrl\":\"https:\\\/\\\/media.drzewo.ua\\\/wp-content\\\/uploads\\\/2023\\\/12\\\/05102709\\\/AAAABXlfJGpZmnVdsMMx4W5JCUfo8xjU00w0QZCQp_57XU8hRGCpDH1hPRNog7WEF1xb0MxEVz_u9rLkIBxTsyQsKrSoRWzE99bQAzl3.jpeg\",\"datePublished\":\"2023-12-05T08:27:40+00:00\",\"dateModified\":\"2024-05-28T17:50:02+00:00\",\"breadcrumb\":{\"@id\":\"https:\\\/\\\/drzewo.ua\\\/product\\\/seans-filmowy\\\/#breadcrumb\"},\"inLanguage\":\"pl-PL\",\"potentialAction\":[{\"@type\":\"ReadAction\",\"target\":[\"https:\\\/\\\/drzewo.ua\\\/product\\\/seans-filmowy\\\/\"]}]},{\"@type\":\"ImageObject\",\"inLanguage\":\"pl-PL\",\"@id\":\"https:\\\/\\\/drzewo.ua\\\/product\\\/seans-filmowy\\\/#primaryimage\",\"url\":\"https:\\\/\\\/media.drzewo.ua\\\/wp-content\\\/uploads\\\/2023\\\/12\\\/05102709\\\/AAAABXlfJGpZmnVdsMMx4W5JCUfo8xjU00w0QZCQp_57XU8hRGCpDH1hPRNog7WEF1xb0MxEVz_u9rLkIBxTsyQsKrSoRWzE99bQAzl3.jpeg\",\"contentUrl\":\"https:\\\/\\\/media.drzewo.ua\\\/wp-content\\\/uploads\\\/2023\\\/12\\\/05102709\\\/AAAABXlfJGpZmnVdsMMx4W5JCUfo8xjU00w0QZCQp_57XU8hRGCpDH1hPRNog7WEF1xb0MxEVz_u9rLkIBxTsyQsKrSoRWzE99bQAzl3.jpeg\",\"width\":1280,\"height\":720},{\"@type\":\"BreadcrumbList\",\"@id\":\"https:\\\/\\\/drzewo.ua\\\/product\\\/seans-filmowy\\\/#breadcrumb\",\"itemListElement\":[{\"@type\":\"ListItem\",\"position\":1,\"name\":\"Home\",\"item\":\"https:\\\/\\\/drzewo.ua\\\/\"},{\"@type\":\"ListItem\",\"position\":2,\"name\":\"\u041c\u0430\u0433\u0430\u0437\u0438\u043d\",\"item\":\"https:\\\/\\\/drzewo.ua\\\/shop\\\/\"},{\"@type\":\"ListItem\",\"position\":3,\"name\":\"Seans filmowy\"}]},{\"@type\":\"WebSite\",\"@id\":\"https:\\\/\\\/drzewo.ua\\\/#website\",\"url\":\"https:\\\/\\\/drzewo.ua\\\/\",\"name\":\"Polskie Centrum Kulturalno-Edukacyjne Drzewo\",\"description\":\"J\u0119zyk polski\",\"publisher\":{\"@id\":\"https:\\\/\\\/drzewo.ua\\\/#organization\"},\"potentialAction\":[{\"@type\":\"SearchAction\",\"target\":{\"@type\":\"EntryPoint\",\"urlTemplate\":\"https:\\\/\\\/drzewo.ua\\\/?s={search_term_string}\"},\"query-input\":{\"@type\":\"PropertyValueSpecification\",\"valueRequired\":true,\"valueName\":\"search_term_string\"}}],\"inLanguage\":\"pl-PL\"},{\"@type\":\"Organization\",\"@id\":\"https:\\\/\\\/drzewo.ua\\\/#organization\",\"name\":\"Polskie Centrum Kulturalno-Edukacyjne \\\"Drzewo\\\"\",\"url\":\"https:\\\/\\\/drzewo.ua\\\/\",\"logo\":{\"@type\":\"ImageObject\",\"inLanguage\":\"pl-PL\",\"@id\":\"https:\\\/\\\/drzewo.ua\\\/#\\\/schema\\\/logo\\\/image\\\/\",\"url\":\"https:\\\/\\\/drevo-online.com\\\/wp-content\\\/uploads\\\/2018\\\/12\\\/banner.jpg\",\"contentUrl\":\"https:\\\/\\\/drevo-online.com\\\/wp-content\\\/uploads\\\/2018\\\/12\\\/banner.jpg\",\"width\":1280,\"height\":323,\"caption\":\"Polskie Centrum Kulturalno-Edukacyjne \\\"Drzewo\\\"\"},\"image\":{\"@id\":\"https:\\\/\\\/drzewo.ua\\\/#\\\/schema\\\/logo\\\/image\\\/\"},\"sameAs\":[\"https:\\\/\\\/www.facebook.com\\\/drzewo.polski\\\/\",\"https:\\\/\\\/www.instagram.com\\\/drzewo.online\\\/\"]}]}<\/script>\n<!-- \/ Yoast SEO plugin. -->","yoast_head_json":{"title":"Seans filmowy - Polskie Centrum Kulturalno-Edukacyjne Drzewo","robots":{"index":"index","follow":"follow","max-snippet":"max-snippet:-1","max-image-preview":"max-image-preview:large","max-video-preview":"max-video-preview:-1"},"canonical":"https:\/\/drzewo.ua\/product\/seans-filmowy\/","og_locale":"pl_PL","og_type":"article","og_title":"Seans filmowy - Polskie Centrum Kulturalno-Edukacyjne Drzewo","og_url":"https:\/\/drzewo.ua\/product\/seans-filmowy\/","og_site_name":"Polskie Centrum Kulturalno-Edukacyjne Drzewo","article_publisher":"https:\/\/www.facebook.com\/drzewo.polski\/","article_modified_time":"2024-05-28T17:50:02+00:00","og_image":[{"width":1280,"height":720,"url":"https:\/\/media.drzewo.ua\/wp-content\/uploads\/2023\/12\/05102709\/AAAABXlfJGpZmnVdsMMx4W5JCUfo8xjU00w0QZCQp_57XU8hRGCpDH1hPRNog7WEF1xb0MxEVz_u9rLkIBxTsyQsKrSoRWzE99bQAzl3.jpeg","type":"image\/jpeg"}],"twitter_card":"summary_large_image","twitter_misc":{"Szacowany czas czytania":"1 minuta"},"schema":{"@context":"https:\/\/schema.org","@graph":[{"@type":"WebPage","@id":"https:\/\/drzewo.ua\/product\/seans-filmowy\/","url":"https:\/\/drzewo.ua\/product\/seans-filmowy\/","name":"Seans filmowy - Polskie Centrum Kulturalno-Edukacyjne Drzewo","isPartOf":{"@id":"https:\/\/drzewo.ua\/#website"},"primaryImageOfPage":{"@id":"https:\/\/drzewo.ua\/product\/seans-filmowy\/#primaryimage"},"image":{"@id":"https:\/\/drzewo.ua\/product\/seans-filmowy\/#primaryimage"},"thumbnailUrl":"https:\/\/media.drzewo.ua\/wp-content\/uploads\/2023\/12\/05102709\/AAAABXlfJGpZmnVdsMMx4W5JCUfo8xjU00w0QZCQp_57XU8hRGCpDH1hPRNog7WEF1xb0MxEVz_u9rLkIBxTsyQsKrSoRWzE99bQAzl3.jpeg","datePublished":"2023-12-05T08:27:40+00:00","dateModified":"2024-05-28T17:50:02+00:00","breadcrumb":{"@id":"https:\/\/drzewo.ua\/product\/seans-filmowy\/#breadcrumb"},"inLanguage":"pl-PL","potentialAction":[{"@type":"ReadAction","target":["https:\/\/drzewo.ua\/product\/seans-filmowy\/"]}]},{"@type":"ImageObject","inLanguage":"pl-PL","@id":"https:\/\/drzewo.ua\/product\/seans-filmowy\/#primaryimage","url":"https:\/\/media.drzewo.ua\/wp-content\/uploads\/2023\/12\/05102709\/AAAABXlfJGpZmnVdsMMx4W5JCUfo8xjU00w0QZCQp_57XU8hRGCpDH1hPRNog7WEF1xb0MxEVz_u9rLkIBxTsyQsKrSoRWzE99bQAzl3.jpeg","contentUrl":"https:\/\/media.drzewo.ua\/wp-content\/uploads\/2023\/12\/05102709\/AAAABXlfJGpZmnVdsMMx4W5JCUfo8xjU00w0QZCQp_57XU8hRGCpDH1hPRNog7WEF1xb0MxEVz_u9rLkIBxTsyQsKrSoRWzE99bQAzl3.jpeg","width":1280,"height":720},{"@type":"BreadcrumbList","@id":"https:\/\/drzewo.ua\/product\/seans-filmowy\/#breadcrumb","itemListElement":[{"@type":"ListItem","position":1,"name":"Home","item":"https:\/\/drzewo.ua\/"},{"@type":"ListItem","position":2,"name":"\u041c\u0430\u0433\u0430\u0437\u0438\u043d","item":"https:\/\/drzewo.ua\/shop\/"},{"@type":"ListItem","position":3,"name":"Seans filmowy"}]},{"@type":"WebSite","@id":"https:\/\/drzewo.ua\/#website","url":"https:\/\/drzewo.ua\/","name":"Polskie Centrum Kulturalno-Edukacyjne Drzewo","description":"J\u0119zyk polski","publisher":{"@id":"https:\/\/drzewo.ua\/#organization"},"potentialAction":[{"@type":"SearchAction","target":{"@type":"EntryPoint","urlTemplate":"https:\/\/drzewo.ua\/?s={search_term_string}"},"query-input":{"@type":"PropertyValueSpecification","valueRequired":true,"valueName":"search_term_string"}}],"inLanguage":"pl-PL"},{"@type":"Organization","@id":"https:\/\/drzewo.ua\/#organization","name":"Polskie Centrum Kulturalno-Edukacyjne \"Drzewo\"","url":"https:\/\/drzewo.ua\/","logo":{"@type":"ImageObject","inLanguage":"pl-PL","@id":"https:\/\/drzewo.ua\/#\/schema\/logo\/image\/","url":"https:\/\/drevo-online.com\/wp-content\/uploads\/2018\/12\/banner.jpg","contentUrl":"https:\/\/drevo-online.com\/wp-content\/uploads\/2018\/12\/banner.jpg","width":1280,"height":323,"caption":"Polskie Centrum Kulturalno-Edukacyjne \"Drzewo\""},"image":{"@id":"https:\/\/drzewo.ua\/#\/schema\/logo\/image\/"},"sameAs":["https:\/\/www.facebook.com\/drzewo.polski\/","https:\/\/www.instagram.com\/drzewo.online\/"]}]}},"jetpack_sharing_enabled":true,"_links":{"self":[{"href":"https:\/\/drzewo.ua\/pl\/wp-json\/wp\/v2\/product\/5377","targetHints":{"allow":["GET"]}}],"collection":[{"href":"https:\/\/drzewo.ua\/pl\/wp-json\/wp\/v2\/product"}],"about":[{"href":"https:\/\/drzewo.ua\/pl\/wp-json\/wp\/v2\/types\/product"}],"replies":[{"embeddable":true,"href":"https:\/\/drzewo.ua\/pl\/wp-json\/wp\/v2\/comments?post=5377"}],"wp:featuredmedia":[{"embeddable":true,"href":"https:\/\/drzewo.ua\/pl\/wp-json\/wp\/v2\/media\/5378"}],"wp:attachment":[{"href":"https:\/\/drzewo.ua\/pl\/wp-json\/wp\/v2\/media?parent=5377"}],"wp:term":[{"taxonomy":"product_brand","embeddable":true,"href":"https:\/\/drzewo.ua\/pl\/wp-json\/wp\/v2\/product_brand?post=5377"},{"taxonomy":"product_cat","embeddable":true,"href":"https:\/\/drzewo.ua\/pl\/wp-json\/wp\/v2\/product_cat?post=5377"},{"taxonomy":"product_tag","embeddable":true,"href":"https:\/\/drzewo.ua\/pl\/wp-json\/wp\/v2\/product_tag?post=5377"}],"curies":[{"name":"wp","href":"https:\/\/api.w.org\/{rel}","templated":true}]}}