{"id":5373,"date":"2023-12-04T13:47:20","date_gmt":"2023-12-04T11:47:20","guid":{"rendered":"https:\/\/drzewo.ua\/?post_type=product&#038;p=5373"},"modified":"2024-05-28T20:49:47","modified_gmt":"2024-05-28T17:49:47","slug":"warsztaty-bozonarodzeniowe-dla-doroslych","status":"publish","type":"product","link":"https:\/\/drzewo.ua\/pl\/product\/warsztaty-bozonarodzeniowe-dla-doroslych\/","title":{"rendered":"Warsztaty Bo\u017conarodzeniowe dla doros\u0142ych"},"content":{"rendered":"<p>Za oknem pada \u015bnieg, w kubeczku jest gor\u0105ca kawa lub herbata z cytryn\u0105 . Szary mro\u017any wiatr nie puszcza na ulic\u0119. To wspania\u0142y czas zajrze\u0107 do naszego biura i sp\u0119dzi\u0107 czas na warsztacie z robienia dekoracji do \u015bwi\u0105t. Gwarantujemy rozmowy po polsku, s\u0142uchanie i \u015bpiewanie kol\u0119d, dzielenie si\u0119 pomys\u0142ami na prezenty. Razem damy rad\u0119, aby ka\u017cdy wzi\u0105\u0142 \u015bwi\u0105teczny duch do swojego domu.<\/p>\n<p><strong>Potrzebne materia\u0142y:<\/strong><br \/>\nWyobra\u017ania i u\u015bmiech!<\/p>\n<p><strong>Kiedy?<\/strong><br \/>\n09.12.2023 0 15:00 \u2013 16:00<\/p>\n<p><strong>Gdzie?<\/strong><br \/>\nul. Trinklera, 2, biuro 626, Chark\u00f3w<\/p>\n<p>W przypadku pyta\u0144 prosimy o kontakt<br \/>\n+380 63 445 36 06<\/p>\n","protected":false},"excerpt":{"rendered":"Za oknem pada \u015bnieg, w kubeczku jest gor\u0105ca kawa lub herbata z cytryn\u0105 . Szary mro\u017any wiatr nie puszcza na ulic\u0119. To wspania\u0142y czas zajrze\u0107 do naszego biura i sp\u0119dzi\u0107 czas na warsztacie z robienia dekoracji do \u015bwi\u0105t. Gwarantujemy rozmowy po polsku, s\u0142uchanie i \u015bpiewanie kol\u0119d, dzielenie si\u0119 pomys\u0142ami na prezenty. Razem damy rad\u0119, aby&#8230; <a class=\"view-article\" href=\"https:\/\/drzewo.ua\/pl\/product\/warsztaty-bozonarodzeniowe-dla-doroslych\/\">Czyta\u0107 dalej<\/a>","protected":false},"featured_media":5374,"comment_status":"closed","ping_status":"closed","template":"","meta":{"_glsr_average":0,"_glsr_ranking":0,"_glsr_reviews":0},"product_brand":[],"product_cat":[33],"product_tag":[],"class_list":{"0":"post-5373","1":"product","2":"type-product","3":"status-publish","4":"has-post-thumbnail","6":"product_cat-33","8":"first","9":"outofstock","10":"virtual","11":"purchasable","12":"product-type-simple"},"translation":{"provider":"WPGlobus","version":"3.0.2","language":"pl","enabled_languages":["uk","pl"],"languages":{"uk":{"title":true,"content":true,"excerpt":false},"pl":{"title":false,"content":false,"excerpt":false}}},"yoast_head":"<!-- This site is optimized with the Yoast SEO plugin v27.3 - https:\/\/yoast.com\/product\/yoast-seo-wordpress\/ -->\n<title>Warsztaty Bo\u017conarodzeniowe dla doros\u0142ych - Polskie Centrum Kulturalno-Edukacyjne Drzewo<\/title>\n<meta name=\"robots\" content=\"index, follow, max-snippet:-1, max-image-preview:large, max-video-preview:-1\" \/>\n<link rel=\"canonical\" href=\"https:\/\/drzewo.ua\/product\/warsztaty-bozonarodzeniowe-dla-doroslych\/\" \/>\n<meta property=\"og:locale\" content=\"pl_PL\" \/>\n<meta property=\"og:type\" content=\"article\" \/>\n<meta property=\"og:title\" content=\"Warsztaty Bo\u017conarodzeniowe dla doros\u0142ych - Polskie Centrum Kulturalno-Edukacyjne Drzewo\" \/>\n<meta property=\"og:url\" content=\"https:\/\/drzewo.ua\/product\/warsztaty-bozonarodzeniowe-dla-doroslych\/\" \/>\n<meta property=\"og:site_name\" content=\"Polskie Centrum Kulturalno-Edukacyjne Drzewo\" \/>\n<meta property=\"article:publisher\" content=\"https:\/\/www.facebook.com\/drzewo.polski\/\" \/>\n<meta property=\"article:modified_time\" content=\"2024-05-28T17:49:47+00:00\" \/>\n<meta property=\"og:image\" content=\"https:\/\/media.drzewo.ua\/wp-content\/uploads\/2023\/12\/04134713\/photo_2023-12-04_13-45-44.jpg\" \/>\n\t<meta property=\"og:image:width\" content=\"1024\" \/>\n\t<meta property=\"og:image:height\" content=\"1024\" \/>\n\t<meta property=\"og:image:type\" content=\"image\/jpeg\" \/>\n<meta name=\"twitter:card\" content=\"summary_large_image\" \/>\n<meta name=\"twitter:label1\" content=\"Szacowany czas czytania\" \/>\n\t<meta name=\"twitter:data1\" content=\"1 minuta\" \/>\n<script type=\"application\/ld+json\" class=\"yoast-schema-graph\">{\"@context\":\"https:\\\/\\\/schema.org\",\"@graph\":[{\"@type\":\"WebPage\",\"@id\":\"https:\\\/\\\/drzewo.ua\\\/product\\\/warsztaty-bozonarodzeniowe-dla-doroslych\\\/\",\"url\":\"https:\\\/\\\/drzewo.ua\\\/product\\\/warsztaty-bozonarodzeniowe-dla-doroslych\\\/\",\"name\":\"Warsztaty Bo\u017conarodzeniowe dla doros\u0142ych - Polskie Centrum Kulturalno-Edukacyjne Drzewo\",\"isPartOf\":{\"@id\":\"https:\\\/\\\/drzewo.ua\\\/#website\"},\"primaryImageOfPage\":{\"@id\":\"https:\\\/\\\/drzewo.ua\\\/product\\\/warsztaty-bozonarodzeniowe-dla-doroslych\\\/#primaryimage\"},\"image\":{\"@id\":\"https:\\\/\\\/drzewo.ua\\\/product\\\/warsztaty-bozonarodzeniowe-dla-doroslych\\\/#primaryimage\"},\"thumbnailUrl\":\"https:\\\/\\\/media.drzewo.ua\\\/wp-content\\\/uploads\\\/2023\\\/12\\\/04134713\\\/photo_2023-12-04_13-45-44.jpg\",\"datePublished\":\"2023-12-04T11:47:20+00:00\",\"dateModified\":\"2024-05-28T17:49:47+00:00\",\"breadcrumb\":{\"@id\":\"https:\\\/\\\/drzewo.ua\\\/product\\\/warsztaty-bozonarodzeniowe-dla-doroslych\\\/#breadcrumb\"},\"inLanguage\":\"pl-PL\",\"potentialAction\":[{\"@type\":\"ReadAction\",\"target\":[\"https:\\\/\\\/drzewo.ua\\\/product\\\/warsztaty-bozonarodzeniowe-dla-doroslych\\\/\"]}]},{\"@type\":\"ImageObject\",\"inLanguage\":\"pl-PL\",\"@id\":\"https:\\\/\\\/drzewo.ua\\\/product\\\/warsztaty-bozonarodzeniowe-dla-doroslych\\\/#primaryimage\",\"url\":\"https:\\\/\\\/media.drzewo.ua\\\/wp-content\\\/uploads\\\/2023\\\/12\\\/04134713\\\/photo_2023-12-04_13-45-44.jpg\",\"contentUrl\":\"https:\\\/\\\/media.drzewo.ua\\\/wp-content\\\/uploads\\\/2023\\\/12\\\/04134713\\\/photo_2023-12-04_13-45-44.jpg\",\"width\":1024,\"height\":1024},{\"@type\":\"BreadcrumbList\",\"@id\":\"https:\\\/\\\/drzewo.ua\\\/product\\\/warsztaty-bozonarodzeniowe-dla-doroslych\\\/#breadcrumb\",\"itemListElement\":[{\"@type\":\"ListItem\",\"position\":1,\"name\":\"Home\",\"item\":\"https:\\\/\\\/drzewo.ua\\\/\"},{\"@type\":\"ListItem\",\"position\":2,\"name\":\"\u041c\u0430\u0433\u0430\u0437\u0438\u043d\",\"item\":\"https:\\\/\\\/drzewo.ua\\\/shop\\\/\"},{\"@type\":\"ListItem\",\"position\":3,\"name\":\"Warsztaty Bo\u017conarodzeniowe dla doros\u0142ych\"}]},{\"@type\":\"WebSite\",\"@id\":\"https:\\\/\\\/drzewo.ua\\\/#website\",\"url\":\"https:\\\/\\\/drzewo.ua\\\/\",\"name\":\"Polskie Centrum Kulturalno-Edukacyjne Drzewo\",\"description\":\"J\u0119zyk polski\",\"publisher\":{\"@id\":\"https:\\\/\\\/drzewo.ua\\\/#organization\"},\"potentialAction\":[{\"@type\":\"SearchAction\",\"target\":{\"@type\":\"EntryPoint\",\"urlTemplate\":\"https:\\\/\\\/drzewo.ua\\\/?s={search_term_string}\"},\"query-input\":{\"@type\":\"PropertyValueSpecification\",\"valueRequired\":true,\"valueName\":\"search_term_string\"}}],\"inLanguage\":\"pl-PL\"},{\"@type\":\"Organization\",\"@id\":\"https:\\\/\\\/drzewo.ua\\\/#organization\",\"name\":\"Polskie Centrum Kulturalno-Edukacyjne \\\"Drzewo\\\"\",\"url\":\"https:\\\/\\\/drzewo.ua\\\/\",\"logo\":{\"@type\":\"ImageObject\",\"inLanguage\":\"pl-PL\",\"@id\":\"https:\\\/\\\/drzewo.ua\\\/#\\\/schema\\\/logo\\\/image\\\/\",\"url\":\"https:\\\/\\\/drevo-online.com\\\/wp-content\\\/uploads\\\/2018\\\/12\\\/banner.jpg\",\"contentUrl\":\"https:\\\/\\\/drevo-online.com\\\/wp-content\\\/uploads\\\/2018\\\/12\\\/banner.jpg\",\"width\":1280,\"height\":323,\"caption\":\"Polskie Centrum Kulturalno-Edukacyjne \\\"Drzewo\\\"\"},\"image\":{\"@id\":\"https:\\\/\\\/drzewo.ua\\\/#\\\/schema\\\/logo\\\/image\\\/\"},\"sameAs\":[\"https:\\\/\\\/www.facebook.com\\\/drzewo.polski\\\/\",\"https:\\\/\\\/www.instagram.com\\\/drzewo.online\\\/\"]}]}<\/script>\n<!-- \/ Yoast SEO plugin. -->","yoast_head_json":{"title":"Warsztaty Bo\u017conarodzeniowe dla doros\u0142ych - Polskie Centrum Kulturalno-Edukacyjne Drzewo","robots":{"index":"index","follow":"follow","max-snippet":"max-snippet:-1","max-image-preview":"max-image-preview:large","max-video-preview":"max-video-preview:-1"},"canonical":"https:\/\/drzewo.ua\/product\/warsztaty-bozonarodzeniowe-dla-doroslych\/","og_locale":"pl_PL","og_type":"article","og_title":"Warsztaty Bo\u017conarodzeniowe dla doros\u0142ych - Polskie Centrum Kulturalno-Edukacyjne Drzewo","og_url":"https:\/\/drzewo.ua\/product\/warsztaty-bozonarodzeniowe-dla-doroslych\/","og_site_name":"Polskie Centrum Kulturalno-Edukacyjne Drzewo","article_publisher":"https:\/\/www.facebook.com\/drzewo.polski\/","article_modified_time":"2024-05-28T17:49:47+00:00","og_image":[{"width":1024,"height":1024,"url":"https:\/\/media.drzewo.ua\/wp-content\/uploads\/2023\/12\/04134713\/photo_2023-12-04_13-45-44.jpg","type":"image\/jpeg"}],"twitter_card":"summary_large_image","twitter_misc":{"Szacowany czas czytania":"1 minuta"},"schema":{"@context":"https:\/\/schema.org","@graph":[{"@type":"WebPage","@id":"https:\/\/drzewo.ua\/product\/warsztaty-bozonarodzeniowe-dla-doroslych\/","url":"https:\/\/drzewo.ua\/product\/warsztaty-bozonarodzeniowe-dla-doroslych\/","name":"Warsztaty Bo\u017conarodzeniowe dla doros\u0142ych - Polskie Centrum Kulturalno-Edukacyjne Drzewo","isPartOf":{"@id":"https:\/\/drzewo.ua\/#website"},"primaryImageOfPage":{"@id":"https:\/\/drzewo.ua\/product\/warsztaty-bozonarodzeniowe-dla-doroslych\/#primaryimage"},"image":{"@id":"https:\/\/drzewo.ua\/product\/warsztaty-bozonarodzeniowe-dla-doroslych\/#primaryimage"},"thumbnailUrl":"https:\/\/media.drzewo.ua\/wp-content\/uploads\/2023\/12\/04134713\/photo_2023-12-04_13-45-44.jpg","datePublished":"2023-12-04T11:47:20+00:00","dateModified":"2024-05-28T17:49:47+00:00","breadcrumb":{"@id":"https:\/\/drzewo.ua\/product\/warsztaty-bozonarodzeniowe-dla-doroslych\/#breadcrumb"},"inLanguage":"pl-PL","potentialAction":[{"@type":"ReadAction","target":["https:\/\/drzewo.ua\/product\/warsztaty-bozonarodzeniowe-dla-doroslych\/"]}]},{"@type":"ImageObject","inLanguage":"pl-PL","@id":"https:\/\/drzewo.ua\/product\/warsztaty-bozonarodzeniowe-dla-doroslych\/#primaryimage","url":"https:\/\/media.drzewo.ua\/wp-content\/uploads\/2023\/12\/04134713\/photo_2023-12-04_13-45-44.jpg","contentUrl":"https:\/\/media.drzewo.ua\/wp-content\/uploads\/2023\/12\/04134713\/photo_2023-12-04_13-45-44.jpg","width":1024,"height":1024},{"@type":"BreadcrumbList","@id":"https:\/\/drzewo.ua\/product\/warsztaty-bozonarodzeniowe-dla-doroslych\/#breadcrumb","itemListElement":[{"@type":"ListItem","position":1,"name":"Home","item":"https:\/\/drzewo.ua\/"},{"@type":"ListItem","position":2,"name":"\u041c\u0430\u0433\u0430\u0437\u0438\u043d","item":"https:\/\/drzewo.ua\/shop\/"},{"@type":"ListItem","position":3,"name":"Warsztaty Bo\u017conarodzeniowe dla doros\u0142ych"}]},{"@type":"WebSite","@id":"https:\/\/drzewo.ua\/#website","url":"https:\/\/drzewo.ua\/","name":"Polskie Centrum Kulturalno-Edukacyjne Drzewo","description":"J\u0119zyk polski","publisher":{"@id":"https:\/\/drzewo.ua\/#organization"},"potentialAction":[{"@type":"SearchAction","target":{"@type":"EntryPoint","urlTemplate":"https:\/\/drzewo.ua\/?s={search_term_string}"},"query-input":{"@type":"PropertyValueSpecification","valueRequired":true,"valueName":"search_term_string"}}],"inLanguage":"pl-PL"},{"@type":"Organization","@id":"https:\/\/drzewo.ua\/#organization","name":"Polskie Centrum Kulturalno-Edukacyjne \"Drzewo\"","url":"https:\/\/drzewo.ua\/","logo":{"@type":"ImageObject","inLanguage":"pl-PL","@id":"https:\/\/drzewo.ua\/#\/schema\/logo\/image\/","url":"https:\/\/drevo-online.com\/wp-content\/uploads\/2018\/12\/banner.jpg","contentUrl":"https:\/\/drevo-online.com\/wp-content\/uploads\/2018\/12\/banner.jpg","width":1280,"height":323,"caption":"Polskie Centrum Kulturalno-Edukacyjne \"Drzewo\""},"image":{"@id":"https:\/\/drzewo.ua\/#\/schema\/logo\/image\/"},"sameAs":["https:\/\/www.facebook.com\/drzewo.polski\/","https:\/\/www.instagram.com\/drzewo.online\/"]}]}},"jetpack_sharing_enabled":true,"_links":{"self":[{"href":"https:\/\/drzewo.ua\/pl\/wp-json\/wp\/v2\/product\/5373","targetHints":{"allow":["GET"]}}],"collection":[{"href":"https:\/\/drzewo.ua\/pl\/wp-json\/wp\/v2\/product"}],"about":[{"href":"https:\/\/drzewo.ua\/pl\/wp-json\/wp\/v2\/types\/product"}],"replies":[{"embeddable":true,"href":"https:\/\/drzewo.ua\/pl\/wp-json\/wp\/v2\/comments?post=5373"}],"wp:featuredmedia":[{"embeddable":true,"href":"https:\/\/drzewo.ua\/pl\/wp-json\/wp\/v2\/media\/5374"}],"wp:attachment":[{"href":"https:\/\/drzewo.ua\/pl\/wp-json\/wp\/v2\/media?parent=5373"}],"wp:term":[{"taxonomy":"product_brand","embeddable":true,"href":"https:\/\/drzewo.ua\/pl\/wp-json\/wp\/v2\/product_brand?post=5373"},{"taxonomy":"product_cat","embeddable":true,"href":"https:\/\/drzewo.ua\/pl\/wp-json\/wp\/v2\/product_cat?post=5373"},{"taxonomy":"product_tag","embeddable":true,"href":"https:\/\/drzewo.ua\/pl\/wp-json\/wp\/v2\/product_tag?post=5373"}],"curies":[{"name":"wp","href":"https:\/\/api.w.org\/{rel}","templated":true}]}}