{"id":5370,"date":"2023-12-04T13:40:06","date_gmt":"2023-12-04T11:40:06","guid":{"rendered":"https:\/\/drzewo.ua\/?post_type=product&#038;p=5370"},"modified":"2024-05-28T20:49:25","modified_gmt":"2024-05-28T17:49:25","slug":"warsztaty-bozonarodzeniowe-dla-dzieci","status":"publish","type":"product","link":"https:\/\/drzewo.ua\/pl\/product\/warsztaty-bozonarodzeniowe-dla-dzieci\/","title":{"rendered":"Warsztaty Bo\u017conarodzeniowe dla dzieci"},"content":{"rendered":"<p>Z rado\u015bci\u0105 serdecznie zapraszamy ma\u0142ych mi\u0142o\u015bnik\u00f3w JP na wyj\u0105tkowy warsztat, kt\u00f3ry odb\u0119dzie si\u0119 w naszym centrum pe\u0142nym magicznego \u015bwi\u0105tecznego nastroju. Chcemy wsp\u00f3lnie zanurzy\u0107 si\u0119 w atmosfer\u0119 tworzenia pi\u0119knych dekoracji choinkowych, kt\u00f3re ozdobi\u0105 wasze domy podczas nadchodz\u0105cych \u015awi\u0105t Bo\u017cego Narodzenia.<\/p>\n<p><strong>Co b\u0119dziecie mogli zrobi\u0107 na warsztacie?<\/strong><br \/>\n&#8211; dowiedzie\u0107 si\u0119, o tradycjach Bo\u017cego Narodzenia<br \/>\n&#8211; stworzy\u0107 oryginalne ozdoby choinkowe<br \/>\n&#8211; wzi\u0105\u0107 udzia\u0142 w konkursie na najpi\u0119kniejsz\u0105 kolorowank\u0119<br \/>\n&#8211; po\u015bpiewa\u0107 kol\u0119d w j\u0119zyku polskim<br \/>\n&#8211; podzieli\u0107 dobrym humorem z innymi uczestnikami.<\/p>\n<p><strong>Kiedy?<\/strong><br \/>\n09.12.2023 0 13:00 &#8211; 14:00<\/p>\n<p><strong>Gdzie?<\/strong><br \/>\nul. Trinklera, 2, biuro 626, Chark\u00f3w<\/p>\n<p>W przypadku pyta\u0144 prosimy o kontakt<br \/>\n+380 63 445 36 06<\/p>\n","protected":false},"excerpt":{"rendered":"Z rado\u015bci\u0105 serdecznie zapraszamy ma\u0142ych mi\u0142o\u015bnik\u00f3w JP na wyj\u0105tkowy warsztat, kt\u00f3ry odb\u0119dzie si\u0119 w naszym centrum pe\u0142nym magicznego \u015bwi\u0105tecznego nastroju. Chcemy wsp\u00f3lnie zanurzy\u0107 si\u0119 w atmosfer\u0119 tworzenia pi\u0119knych dekoracji choinkowych, kt\u00f3re ozdobi\u0105 wasze domy podczas nadchodz\u0105cych \u015awi\u0105t Bo\u017cego Narodzenia. Co b\u0119dziecie mogli zrobi\u0107 na warsztacie? &#8211; dowiedzie\u0107 si\u0119, o tradycjach Bo\u017cego Narodzenia &#8211; stworzy\u0107 oryginalne&#8230; <a class=\"view-article\" href=\"https:\/\/drzewo.ua\/pl\/product\/warsztaty-bozonarodzeniowe-dla-dzieci\/\">Czyta\u0107 dalej<\/a>","protected":false},"featured_media":5371,"comment_status":"closed","ping_status":"closed","template":"","meta":{"_glsr_average":0,"_glsr_ranking":0,"_glsr_reviews":0},"product_brand":[],"product_cat":[33],"product_tag":[],"class_list":{"0":"post-5370","1":"product","2":"type-product","3":"status-publish","4":"has-post-thumbnail","6":"product_cat-33","8":"first","9":"outofstock","10":"virtual","11":"purchasable","12":"product-type-simple"},"translation":{"provider":"WPGlobus","version":"3.0.2","language":"pl","enabled_languages":["uk","pl"],"languages":{"uk":{"title":true,"content":true,"excerpt":false},"pl":{"title":false,"content":false,"excerpt":false}}},"yoast_head":"<!-- This site is optimized with the Yoast SEO plugin v27.3 - https:\/\/yoast.com\/product\/yoast-seo-wordpress\/ -->\n<title>Warsztaty Bo\u017conarodzeniowe dla dzieci - Polskie Centrum Kulturalno-Edukacyjne Drzewo<\/title>\n<meta name=\"robots\" content=\"index, follow, max-snippet:-1, max-image-preview:large, max-video-preview:-1\" \/>\n<link rel=\"canonical\" href=\"https:\/\/drzewo.ua\/product\/warsztaty-bozonarodzeniowe-dla-dzieci\/\" \/>\n<meta property=\"og:locale\" content=\"pl_PL\" \/>\n<meta property=\"og:type\" content=\"article\" \/>\n<meta property=\"og:title\" content=\"Warsztaty Bo\u017conarodzeniowe dla dzieci - Polskie Centrum Kulturalno-Edukacyjne Drzewo\" \/>\n<meta property=\"og:url\" content=\"https:\/\/drzewo.ua\/product\/warsztaty-bozonarodzeniowe-dla-dzieci\/\" \/>\n<meta property=\"og:site_name\" content=\"Polskie Centrum Kulturalno-Edukacyjne Drzewo\" \/>\n<meta property=\"article:publisher\" content=\"https:\/\/www.facebook.com\/drzewo.polski\/\" \/>\n<meta property=\"article:modified_time\" content=\"2024-05-28T17:49:25+00:00\" \/>\n<meta property=\"og:image\" content=\"https:\/\/media.drzewo.ua\/wp-content\/uploads\/2023\/12\/04133451\/photo_2023-12-04_13-26-16.jpg\" \/>\n\t<meta property=\"og:image:width\" content=\"1024\" \/>\n\t<meta property=\"og:image:height\" content=\"1024\" \/>\n\t<meta property=\"og:image:type\" content=\"image\/jpeg\" \/>\n<meta name=\"twitter:card\" content=\"summary_large_image\" \/>\n<meta name=\"twitter:label1\" content=\"Szacowany czas czytania\" \/>\n\t<meta name=\"twitter:data1\" content=\"1 minuta\" \/>\n<script type=\"application\/ld+json\" class=\"yoast-schema-graph\">{\"@context\":\"https:\\\/\\\/schema.org\",\"@graph\":[{\"@type\":\"WebPage\",\"@id\":\"https:\\\/\\\/drzewo.ua\\\/product\\\/warsztaty-bozonarodzeniowe-dla-dzieci\\\/\",\"url\":\"https:\\\/\\\/drzewo.ua\\\/product\\\/warsztaty-bozonarodzeniowe-dla-dzieci\\\/\",\"name\":\"Warsztaty Bo\u017conarodzeniowe dla dzieci - Polskie Centrum Kulturalno-Edukacyjne Drzewo\",\"isPartOf\":{\"@id\":\"https:\\\/\\\/drzewo.ua\\\/#website\"},\"primaryImageOfPage\":{\"@id\":\"https:\\\/\\\/drzewo.ua\\\/product\\\/warsztaty-bozonarodzeniowe-dla-dzieci\\\/#primaryimage\"},\"image\":{\"@id\":\"https:\\\/\\\/drzewo.ua\\\/product\\\/warsztaty-bozonarodzeniowe-dla-dzieci\\\/#primaryimage\"},\"thumbnailUrl\":\"https:\\\/\\\/media.drzewo.ua\\\/wp-content\\\/uploads\\\/2023\\\/12\\\/04133451\\\/photo_2023-12-04_13-26-16.jpg\",\"datePublished\":\"2023-12-04T11:40:06+00:00\",\"dateModified\":\"2024-05-28T17:49:25+00:00\",\"breadcrumb\":{\"@id\":\"https:\\\/\\\/drzewo.ua\\\/product\\\/warsztaty-bozonarodzeniowe-dla-dzieci\\\/#breadcrumb\"},\"inLanguage\":\"pl-PL\",\"potentialAction\":[{\"@type\":\"ReadAction\",\"target\":[\"https:\\\/\\\/drzewo.ua\\\/product\\\/warsztaty-bozonarodzeniowe-dla-dzieci\\\/\"]}]},{\"@type\":\"ImageObject\",\"inLanguage\":\"pl-PL\",\"@id\":\"https:\\\/\\\/drzewo.ua\\\/product\\\/warsztaty-bozonarodzeniowe-dla-dzieci\\\/#primaryimage\",\"url\":\"https:\\\/\\\/media.drzewo.ua\\\/wp-content\\\/uploads\\\/2023\\\/12\\\/04133451\\\/photo_2023-12-04_13-26-16.jpg\",\"contentUrl\":\"https:\\\/\\\/media.drzewo.ua\\\/wp-content\\\/uploads\\\/2023\\\/12\\\/04133451\\\/photo_2023-12-04_13-26-16.jpg\",\"width\":1024,\"height\":1024},{\"@type\":\"BreadcrumbList\",\"@id\":\"https:\\\/\\\/drzewo.ua\\\/product\\\/warsztaty-bozonarodzeniowe-dla-dzieci\\\/#breadcrumb\",\"itemListElement\":[{\"@type\":\"ListItem\",\"position\":1,\"name\":\"Home\",\"item\":\"https:\\\/\\\/drzewo.ua\\\/\"},{\"@type\":\"ListItem\",\"position\":2,\"name\":\"\u041c\u0430\u0433\u0430\u0437\u0438\u043d\",\"item\":\"https:\\\/\\\/drzewo.ua\\\/shop\\\/\"},{\"@type\":\"ListItem\",\"position\":3,\"name\":\"Warsztaty Bo\u017conarodzeniowe dla dzieci\"}]},{\"@type\":\"WebSite\",\"@id\":\"https:\\\/\\\/drzewo.ua\\\/#website\",\"url\":\"https:\\\/\\\/drzewo.ua\\\/\",\"name\":\"Polskie Centrum Kulturalno-Edukacyjne Drzewo\",\"description\":\"J\u0119zyk polski\",\"publisher\":{\"@id\":\"https:\\\/\\\/drzewo.ua\\\/#organization\"},\"potentialAction\":[{\"@type\":\"SearchAction\",\"target\":{\"@type\":\"EntryPoint\",\"urlTemplate\":\"https:\\\/\\\/drzewo.ua\\\/?s={search_term_string}\"},\"query-input\":{\"@type\":\"PropertyValueSpecification\",\"valueRequired\":true,\"valueName\":\"search_term_string\"}}],\"inLanguage\":\"pl-PL\"},{\"@type\":\"Organization\",\"@id\":\"https:\\\/\\\/drzewo.ua\\\/#organization\",\"name\":\"Polskie Centrum Kulturalno-Edukacyjne \\\"Drzewo\\\"\",\"url\":\"https:\\\/\\\/drzewo.ua\\\/\",\"logo\":{\"@type\":\"ImageObject\",\"inLanguage\":\"pl-PL\",\"@id\":\"https:\\\/\\\/drzewo.ua\\\/#\\\/schema\\\/logo\\\/image\\\/\",\"url\":\"https:\\\/\\\/drevo-online.com\\\/wp-content\\\/uploads\\\/2018\\\/12\\\/banner.jpg\",\"contentUrl\":\"https:\\\/\\\/drevo-online.com\\\/wp-content\\\/uploads\\\/2018\\\/12\\\/banner.jpg\",\"width\":1280,\"height\":323,\"caption\":\"Polskie Centrum Kulturalno-Edukacyjne \\\"Drzewo\\\"\"},\"image\":{\"@id\":\"https:\\\/\\\/drzewo.ua\\\/#\\\/schema\\\/logo\\\/image\\\/\"},\"sameAs\":[\"https:\\\/\\\/www.facebook.com\\\/drzewo.polski\\\/\",\"https:\\\/\\\/www.instagram.com\\\/drzewo.online\\\/\"]}]}<\/script>\n<!-- \/ Yoast SEO plugin. -->","yoast_head_json":{"title":"Warsztaty Bo\u017conarodzeniowe dla dzieci - Polskie Centrum Kulturalno-Edukacyjne Drzewo","robots":{"index":"index","follow":"follow","max-snippet":"max-snippet:-1","max-image-preview":"max-image-preview:large","max-video-preview":"max-video-preview:-1"},"canonical":"https:\/\/drzewo.ua\/product\/warsztaty-bozonarodzeniowe-dla-dzieci\/","og_locale":"pl_PL","og_type":"article","og_title":"Warsztaty Bo\u017conarodzeniowe dla dzieci - Polskie Centrum Kulturalno-Edukacyjne Drzewo","og_url":"https:\/\/drzewo.ua\/product\/warsztaty-bozonarodzeniowe-dla-dzieci\/","og_site_name":"Polskie Centrum Kulturalno-Edukacyjne Drzewo","article_publisher":"https:\/\/www.facebook.com\/drzewo.polski\/","article_modified_time":"2024-05-28T17:49:25+00:00","og_image":[{"width":1024,"height":1024,"url":"https:\/\/media.drzewo.ua\/wp-content\/uploads\/2023\/12\/04133451\/photo_2023-12-04_13-26-16.jpg","type":"image\/jpeg"}],"twitter_card":"summary_large_image","twitter_misc":{"Szacowany czas czytania":"1 minuta"},"schema":{"@context":"https:\/\/schema.org","@graph":[{"@type":"WebPage","@id":"https:\/\/drzewo.ua\/product\/warsztaty-bozonarodzeniowe-dla-dzieci\/","url":"https:\/\/drzewo.ua\/product\/warsztaty-bozonarodzeniowe-dla-dzieci\/","name":"Warsztaty Bo\u017conarodzeniowe dla dzieci - Polskie Centrum Kulturalno-Edukacyjne Drzewo","isPartOf":{"@id":"https:\/\/drzewo.ua\/#website"},"primaryImageOfPage":{"@id":"https:\/\/drzewo.ua\/product\/warsztaty-bozonarodzeniowe-dla-dzieci\/#primaryimage"},"image":{"@id":"https:\/\/drzewo.ua\/product\/warsztaty-bozonarodzeniowe-dla-dzieci\/#primaryimage"},"thumbnailUrl":"https:\/\/media.drzewo.ua\/wp-content\/uploads\/2023\/12\/04133451\/photo_2023-12-04_13-26-16.jpg","datePublished":"2023-12-04T11:40:06+00:00","dateModified":"2024-05-28T17:49:25+00:00","breadcrumb":{"@id":"https:\/\/drzewo.ua\/product\/warsztaty-bozonarodzeniowe-dla-dzieci\/#breadcrumb"},"inLanguage":"pl-PL","potentialAction":[{"@type":"ReadAction","target":["https:\/\/drzewo.ua\/product\/warsztaty-bozonarodzeniowe-dla-dzieci\/"]}]},{"@type":"ImageObject","inLanguage":"pl-PL","@id":"https:\/\/drzewo.ua\/product\/warsztaty-bozonarodzeniowe-dla-dzieci\/#primaryimage","url":"https:\/\/media.drzewo.ua\/wp-content\/uploads\/2023\/12\/04133451\/photo_2023-12-04_13-26-16.jpg","contentUrl":"https:\/\/media.drzewo.ua\/wp-content\/uploads\/2023\/12\/04133451\/photo_2023-12-04_13-26-16.jpg","width":1024,"height":1024},{"@type":"BreadcrumbList","@id":"https:\/\/drzewo.ua\/product\/warsztaty-bozonarodzeniowe-dla-dzieci\/#breadcrumb","itemListElement":[{"@type":"ListItem","position":1,"name":"Home","item":"https:\/\/drzewo.ua\/"},{"@type":"ListItem","position":2,"name":"\u041c\u0430\u0433\u0430\u0437\u0438\u043d","item":"https:\/\/drzewo.ua\/shop\/"},{"@type":"ListItem","position":3,"name":"Warsztaty Bo\u017conarodzeniowe dla dzieci"}]},{"@type":"WebSite","@id":"https:\/\/drzewo.ua\/#website","url":"https:\/\/drzewo.ua\/","name":"Polskie Centrum Kulturalno-Edukacyjne Drzewo","description":"J\u0119zyk polski","publisher":{"@id":"https:\/\/drzewo.ua\/#organization"},"potentialAction":[{"@type":"SearchAction","target":{"@type":"EntryPoint","urlTemplate":"https:\/\/drzewo.ua\/?s={search_term_string}"},"query-input":{"@type":"PropertyValueSpecification","valueRequired":true,"valueName":"search_term_string"}}],"inLanguage":"pl-PL"},{"@type":"Organization","@id":"https:\/\/drzewo.ua\/#organization","name":"Polskie Centrum Kulturalno-Edukacyjne \"Drzewo\"","url":"https:\/\/drzewo.ua\/","logo":{"@type":"ImageObject","inLanguage":"pl-PL","@id":"https:\/\/drzewo.ua\/#\/schema\/logo\/image\/","url":"https:\/\/drevo-online.com\/wp-content\/uploads\/2018\/12\/banner.jpg","contentUrl":"https:\/\/drevo-online.com\/wp-content\/uploads\/2018\/12\/banner.jpg","width":1280,"height":323,"caption":"Polskie Centrum Kulturalno-Edukacyjne \"Drzewo\""},"image":{"@id":"https:\/\/drzewo.ua\/#\/schema\/logo\/image\/"},"sameAs":["https:\/\/www.facebook.com\/drzewo.polski\/","https:\/\/www.instagram.com\/drzewo.online\/"]}]}},"jetpack_sharing_enabled":true,"_links":{"self":[{"href":"https:\/\/drzewo.ua\/pl\/wp-json\/wp\/v2\/product\/5370","targetHints":{"allow":["GET"]}}],"collection":[{"href":"https:\/\/drzewo.ua\/pl\/wp-json\/wp\/v2\/product"}],"about":[{"href":"https:\/\/drzewo.ua\/pl\/wp-json\/wp\/v2\/types\/product"}],"replies":[{"embeddable":true,"href":"https:\/\/drzewo.ua\/pl\/wp-json\/wp\/v2\/comments?post=5370"}],"wp:featuredmedia":[{"embeddable":true,"href":"https:\/\/drzewo.ua\/pl\/wp-json\/wp\/v2\/media\/5371"}],"wp:attachment":[{"href":"https:\/\/drzewo.ua\/pl\/wp-json\/wp\/v2\/media?parent=5370"}],"wp:term":[{"taxonomy":"product_brand","embeddable":true,"href":"https:\/\/drzewo.ua\/pl\/wp-json\/wp\/v2\/product_brand?post=5370"},{"taxonomy":"product_cat","embeddable":true,"href":"https:\/\/drzewo.ua\/pl\/wp-json\/wp\/v2\/product_cat?post=5370"},{"taxonomy":"product_tag","embeddable":true,"href":"https:\/\/drzewo.ua\/pl\/wp-json\/wp\/v2\/product_tag?post=5370"}],"curies":[{"name":"wp","href":"https:\/\/api.w.org\/{rel}","templated":true}]}}