{"id":76,"date":"2018-12-07T15:45:17","date_gmt":"2018-12-07T13:45:17","guid":{"rendered":"https:\/\/drevo-online.com\/?page_id=76"},"modified":"2023-03-30T20:06:57","modified_gmt":"2023-03-30T17:06:57","slug":"%d1%8d%d1%84%d1%84%d0%b5%d0%ba%d1%82%d0%b8%d0%b2%d0%bd%d0%be%d0%b5-%d0%b8%d0%b7%d1%83%d1%87%d0%b5%d0%bd%d0%b8%d0%b5-%d0%bf%d0%be%d0%bb%d1%8c%d1%81%d0%ba%d0%be%d0%b3%d0%be-%d1%8f%d0%b7%d1%8b%d0%ba","status":"publish","type":"page","link":"https:\/\/drzewo.ua\/pl\/","title":{"rendered":"Skuteczna nauka j\u0119zyka polskiego"},"content":{"rendered":"<div class=\"banner\">\n<div class=\"container\"><\/div>\n<\/div>\n<div class=\"advantages container\">\n<h2><a>Drzewo<\/a>\u00a0&#8211; SKUTECZNA NAUKA J\u0118ZYKA POLSKIEGO<\/h2>\n<div class=\"advantages container\">\n<p>\u0412\u0438\u0432\u0447\u0435\u043d\u043d\u044f \u043c\u043e\u0432\u0438 \u0441\u043f\u0440\u0438\u044f\u0454 \u0437\u0430\u043d\u0443\u0440\u0435\u043d\u043d\u044e \u0432 \u043a\u0443\u043b\u044c\u0442\u0443\u0440\u043d\u0435 \u0442\u0430 \u0441\u0443\u0441\u043f\u0456\u043b\u044c\u043d\u0435 \u0436\u0438\u0442\u0442\u044f \u043a\u0440\u0430\u0457\u043d\u0438, \u0434\u043e\u043f\u043e\u043c\u0430\u0433\u0430\u0454 \u0432\u0456\u0434\u0447\u0443\u0442\u0438 \u043a\u043e\u043b\u043e\u0440\u0438\u0442 \u0456 \u0441\u0430\u043c\u043e\u0431\u0443\u0442\u043d\u0456\u0441\u0442\u044c \u0442\u0440\u0430\u0434\u0438\u0446\u0456\u0439 \u0442\u0430 \u043d\u0430\u0446\u0456\u043e\u043d\u0430\u043b\u044c\u043d\u0438\u0445 \u043e\u0441\u043e\u0431\u043b\u0438\u0432\u043e\u0441\u0442\u0435\u0439. \u0421\u0430\u043c\u0435 \u0442\u0430\u043a\u0438\u0439 \u0441\u043f\u043e\u0441\u0456\u0431 \u043f\u0456\u0437\u043d\u0430\u043d\u043d\u044f \u0454 \u0446\u0456\u043a\u0430\u0432\u0438\u043c \u0442\u0430 \u0437\u0430\u0445\u043e\u043f\u043b\u044e\u044e\u0447\u0438\u043c, \u043f\u0440\u0438\u043d\u043e\u0441\u0438\u0442\u044c \u0440\u0430\u0434\u0456\u0441\u0442\u044c \u0442\u0430 \u0434\u0430\u0440\u0443\u0454 \u043c\u043e\u0442\u0438\u0432\u0430\u0446\u0456\u044e.\u00a0 \u0414\u0430\u043d\u0438\u0439 \u0441\u0430\u0439\u0442 \u0441\u0442\u0430\u043d\u0435 \u0432\u0430\u0448\u0438\u043c \u043f\u043e\u043c\u0456\u0447\u043d\u0438\u043a\u043e\u043c \u0456 \u0441\u043e\u044e\u0437\u043d\u0438\u043a\u043e\u043c \u0432 \u0434\u043e\u0441\u044f\u0433\u043d\u0435\u043d\u043d\u0456 \u043f\u043e\u0441\u0442\u0430\u0432\u043b\u0435\u043d\u043e\u0457 \u043c\u0435\u0442\u0438.<\/p>\n<\/div>\n<div class=\"program\">\n<div class=\"container\">\n<div class=\"image-block\"><\/div>\n<\/div>\n<\/div>\n<\/div>\n<div class=\"program\">\n<div class=\"container\">\n<div class=\"image-block\"><img decoding=\"async\" class=\"d-none d-md-block\" src=\"\/wp-content\/uploads\/2018\/12\/Kyrsu_v_Khark.jpg\" alt=\"Kursy w Charkowie\" \/><\/div>\n<div class=\"description\">\n<h3>\u041a\u0423\u0420\u0421\u0418 \u0412 \u0425\u0410\u0420\u041a\u041e\u0412\u0406<\/h3>\n<p>\u041a\u0443\u0440\u0441\u0438 &#8222;Drzewo&#8221; \u0434\u043e\u043f\u043e\u043c\u043e\u0436\u0443\u0442\u044c \u0412\u0430\u043c \u043e\u0432\u043e\u043b\u043e\u0434\u0456\u0442\u0438 \u043f\u043e\u043b\u044c\u0441\u044c\u043a\u043e\u044e \u043c\u043e\u0432\u043e\u044e, \u043f\u043e\u0437\u043d\u0430\u0439\u043e\u043c\u0438\u0442\u0438\u0441\u044c \u0437 \u043a\u0443\u043b\u044c\u0442\u0443\u0440\u043e\u044e \u0442\u0430 \u0442\u0440\u0430\u0434\u0438\u0446\u0456\u044f\u043c\u0438 \u041f\u043e\u043b\u044c\u0449\u0456, \u0432\u0456\u0434\u0447\u0443\u0442\u0438 \u043d\u0430 \u0441\u043e\u0431\u0456 \u0443\u0432\u0435\u0441\u044c \u0457\u0457 \u043a\u043e\u043b\u043e\u0440\u0438\u0442 \u0442\u0430 \u043d\u0435\u043f\u043e\u0432\u0442\u043e\u0440\u043d\u0456\u0441\u0442\u044c. \u041c\u0438 \u043f\u0440\u0430\u0433\u043d\u0435\u043c\u043e, \u0449\u043e\u0431 \u043d\u0430\u0448\u0456 \u0441\u0442\u0443\u0434\u0435\u043d\u0442\u0438 \u0432\u043c\u0456\u043b\u0438 \u043d\u0435 \u043b\u0438\u0448\u0435 \u0433\u043e\u0432\u043e\u0440\u0438\u0442\u0438, \u0430\u043b\u0435 \u0439 \u0434\u0443\u043c\u0430\u0442\u0438 \u043f\u043e\u043b\u044c\u0441\u044c\u043a\u043e\u044e. \u0412\u0438\u0441\u043e\u043a\u043e\u043a\u0432\u0430\u043b\u0456\u0444\u0456\u043a\u0430\u0432\u0430\u043d\u0456 \u0432\u0438\u043a\u043b\u0430\u0434\u0430\u0447\u0456, \u0440\u0435\u0442\u0435\u043b\u044c\u043d\u043e \u043f\u0456\u0434\u0456\u0431\u0440\u0430\u043d\u0456 \u044f\u043a\u0456\u0441\u043d\u0456 \u043c\u0430\u0442\u0435\u0440\u0456\u0430\u043b\u0438 \u0442\u0430 \u0437\u0430\u0442\u0438\u0448\u043d\u0430 \u0430\u0442\u043c\u043e\u0441\u0444\u0435\u0440\u0430 \u0434\u043e\u043f\u043e\u043c\u043e\u0436\u0443\u0442\u044c \u0412\u0430\u043c \u0443 \u0434\u043e\u0441\u044f\u0433\u043d\u0435\u043d\u043d\u0456 \u043f\u043e\u0441\u0442\u0430\u0432\u043b\u0435\u043d\u043d\u043e\u0457 \u043c\u0435\u0442\u0438, \u0430\u0434\u0436\u0435 \u043d\u0430\u0432\u0447\u0430\u043d\u043d\u044f \u0431\u0443\u0434\u0435 \u0432 \u0440\u0430\u0434\u0456\u0441\u0442\u044c.<\/p>\n<h3><a class=\"btn callback-btn\" href=\"#\">\u041f\u0435\u0440\u0435\u0434\u0437\u0432\u043e\u043d\u0456\u0442\u044c \u043c\u0435\u043d\u0456<\/a><\/h3>\n<\/div>\n<\/div>\n<\/div>\n<div class=\"program\">\n<div class=\"container\">\n<div class=\"description\">\n<h3>\u0423\u0420\u041e\u041a\u0418 \u041e\u041d\u041b\u0410\u0419\u041d<\/h3>\n<p>\u0417 \u043a\u043e\u0436\u043d\u0438\u043c \u0440\u043e\u043a\u043e\u043c \u043d\u0430\u0432\u0447\u0430\u043d\u043d\u044f \u0432 \u0441\u043a\u0430\u0439\u043f\u0456 \u0441\u0442\u0430\u0454 \u0432\u0441\u0435 \u0431\u0456\u043b\u044c\u0448 \u043f\u043e\u043f\u0443\u043b\u044f\u0440\u043d\u0438\u043c. \u0406 \u043d\u0435 \u0434\u0430\u0440\u0435\u043c\u043d\u043e, \u0430\u0434\u0436\u0435 \u0412\u0430\u043c \u043d\u0435 \u043f\u043e\u0442\u0440\u0456\u0431\u043d\u043e \u0432\u0438\u0442\u0440\u0430\u0447\u0430\u0442\u0438 \u0447\u0430\u0441 \u043d\u0430 \u0434\u043e\u0440\u043e\u0433\u0443, \u043d\u0435 \u0442\u0440\u0435\u0431\u0430 \u043f\u0456\u0434\u043b\u0430\u0448\u0442\u043e\u0432\u0443\u0432\u0430\u0442\u0438\u0441\u044c \u043f\u0456\u0434 \u0440\u043e\u0437\u043a\u043b\u0430\u0434 \u0433\u0440\u0443\u043f\u0438, \u0430\u0431\u043e \u043f\u0440\u0438\u0431\u0438\u0440\u0430\u0442\u0438 \u0432\u0434\u043e\u043c\u0430 \u043f\u0435\u0440\u0435\u0434 \u0432\u0456\u0437\u0438\u0442\u043e\u043c \u0432\u0438\u043a\u043b\u0430\u0434\u0430\u0447\u0430. \u0414\u043e\u0441\u0442\u0430\u0442\u043d\u044c\u043e \u043f\u0440\u043e\u0441\u0442\u043e \u0437\u043d\u0430\u0439\u0442\u0438 \u0437\u0430\u0442\u0438\u0448\u043d\u0438\u0439 \u043a\u0443\u0442\u043e\u0447\u043e\u043a \u0456 \u043f\u0456\u0434\u0433\u043e\u0442\u0443\u0432\u0430\u0442\u0438 \u043a\u043e\u043c\u043f\u044c\u044e\u0442\u0435\u0440 \u0434\u043e \u0440\u043e\u0431\u043e\u0442\u0438.<\/p>\n<h3><a class=\"btn\" href=\"\/pl\/request_form\/\">\u041f\u043e\u0434\u0430\u0442\u0438 \u0437\u0430\u044f\u0432\u043a\u0443<\/a><\/h3>\n<\/div>\n<div class=\"image-block\"><img decoding=\"async\" class=\"d-none d-md-block\" src=\"\/wp-content\/uploads\/2018\/12\/blog.jpg\" alt=\"Zaj\u0119cia w Skype\" \/><\/div>\n<\/div>\n<\/div>\n<div class=\"program\">\n<div class=\"container\">\n<div class=\"image-block\"><img decoding=\"async\" class=\"d-none d-md-block\" src=\"\/wp-content\/uploads\/2018\/12\/remote_study.jpg\" alt=\"Uczenie si\u0119 na odleg\u0142o\u015b\u0107\" \/><\/div>\n<div class=\"description\">\n<h3>\u0414\u0418\u0421\u0422\u0410\u041d\u0426\u0406\u0419\u041d\u0415 \u041d\u0410\u0412\u0427\u0410\u041d\u041d\u042f<\/h3>\n<p>\u0414\u0430\u043d\u0438\u0439 \u0442\u0438\u043f \u0447\u0443\u0434\u043e\u0432\u043e \u043f\u0456\u0434\u0456\u0439\u0434\u0435 \u0434\u043b\u044f \u0442\u0438\u0445, \u0445\u0442\u043e \u0432\u0456\u0434\u0434\u0430\u0454 \u043f\u0435\u0440\u0435\u0432\u0430\u0433\u0443 \u0441\u0430\u043c\u043e\u0441\u0442\u0456\u0439\u043d\u043e\u043c\u0443 \u043d\u0430\u0432\u0447\u0430\u043d\u043d\u044e. \u0412\u0438\u043a\u043e\u043d\u0443\u0432\u0430\u0442\u0438 \u0437\u0430\u0432\u0434\u0430\u043d\u043d\u044f \u043c\u043e\u0436\u043d\u0430 \u0443 \u0437\u0440\u0443\u0447\u043d\u0438\u0439 \u0434\u043b\u044f \u0412\u0430\u0441 \u0447\u0430\u0441 \u043f\u0440\u0438 \u0446\u044c\u043e\u043c\u0443 \u043a\u043e\u043d\u0442\u0440\u043e\u043b\u044e\u044e\u0447\u0438 \u0457\u0445 \u0442\u0440\u0438\u0432\u0430\u043b\u0456\u0441\u0442\u044c. \u0410 \u044f\u043a\u0449\u043e \u0432\u0438\u043d\u0438\u043a\u0430\u044e\u0442\u044c \u043f\u0438\u0442\u0430\u043d\u043d\u044f, \u0437\u0430\u0432\u0436\u0434\u0438 \u043c\u043e\u0436\u043d\u0430 \u0437\u0432\u0435\u0440\u043d\u0443\u0442\u0438\u0441\u044c \u0434\u043e \u0432\u0438\u043a\u043b\u0430\u0434\u0430\u0447\u0430, \u0432\u0438\u043a\u043e\u0440\u0438\u0441\u0442\u043e\u0432\u0443\u044e\u044e\u0447\u0438 \u0441\u043f\u0435\u0446\u0456\u0430\u043b\u044c\u043d\u0443 \u0444\u043e\u0440\u043c\u0443, \u0430\u0431\u043e \u0437\u0430\u043f\u0438\u0441\u0430\u0442\u0438\u0441\u044c \u043d\u0430 \u0437\u0430\u043d\u044f\u0442\u0442\u044f \u0432 \u0441\u043a\u0430\u0439\u043f\u0456.<\/p>\n<p><a class=\"btn\" href=\"\/pl\/shop\">\u041e\u0431\u0440\u0430\u0442\u0438 \u043a\u0443\u0440\u0441<\/a>\n<\/div>\n<\/div>\n<\/div>\n","protected":false},"excerpt":{"rendered":"Drzewo\u00a0&#8211; SKUTECZNA NAUKA J\u0118ZYKA POLSKIEGO \u0412\u0438\u0432\u0447\u0435\u043d\u043d\u044f \u043c\u043e\u0432\u0438 \u0441\u043f\u0440\u0438\u044f\u0454 \u0437\u0430\u043d\u0443\u0440\u0435\u043d\u043d\u044e \u0432 \u043a\u0443\u043b\u044c\u0442\u0443\u0440\u043d\u0435 \u0442\u0430 \u0441\u0443\u0441\u043f\u0456\u043b\u044c\u043d\u0435 \u0436\u0438\u0442\u0442\u044f \u043a\u0440\u0430\u0457\u043d\u0438, \u0434\u043e\u043f\u043e\u043c\u0430\u0433\u0430\u0454 \u0432\u0456\u0434\u0447\u0443\u0442\u0438 \u043a\u043e\u043b\u043e\u0440\u0438\u0442 \u0456 \u0441\u0430\u043c\u043e\u0431\u0443\u0442\u043d\u0456\u0441\u0442\u044c \u0442\u0440\u0430\u0434\u0438\u0446\u0456\u0439 \u0442\u0430 \u043d\u0430\u0446\u0456\u043e\u043d\u0430\u043b\u044c\u043d\u0438\u0445 \u043e\u0441\u043e\u0431\u043b\u0438\u0432\u043e\u0441\u0442\u0435\u0439. \u0421\u0430\u043c\u0435 \u0442\u0430\u043a\u0438\u0439 \u0441\u043f\u043e\u0441\u0456\u0431 \u043f\u0456\u0437\u043d\u0430\u043d\u043d\u044f \u0454 \u0446\u0456\u043a\u0430\u0432\u0438\u043c \u0442\u0430 \u0437\u0430\u0445\u043e\u043f\u043b\u044e\u044e\u0447\u0438\u043c, \u043f\u0440\u0438\u043d\u043e\u0441\u0438\u0442\u044c \u0440\u0430\u0434\u0456\u0441\u0442\u044c \u0442\u0430 \u0434\u0430\u0440\u0443\u0454 \u043c\u043e\u0442\u0438\u0432\u0430\u0446\u0456\u044e.\u00a0 \u0414\u0430\u043d\u0438\u0439 \u0441\u0430\u0439\u0442 \u0441\u0442\u0430\u043d\u0435 \u0432\u0430\u0448\u0438\u043c \u043f\u043e\u043c\u0456\u0447\u043d\u0438\u043a\u043e\u043c \u0456 \u0441\u043e\u044e\u0437\u043d\u0438\u043a\u043e\u043c \u0432 \u0434\u043e\u0441\u044f\u0433\u043d\u0435\u043d\u043d\u0456 \u043f\u043e\u0441\u0442\u0430\u0432\u043b\u0435\u043d\u043e\u0457 \u043c\u0435\u0442\u0438. \u041a\u0423\u0420\u0421\u0418 \u0412 \u0425\u0410\u0420\u041a\u041e\u0412\u0406 \u041a\u0443\u0440\u0441\u0438 &#8222;Drzewo&#8221; \u0434\u043e\u043f\u043e\u043c\u043e\u0436\u0443\u0442\u044c \u0412\u0430\u043c&#8230; <a class=\"view-article\" href=\"https:\/\/drzewo.ua\/pl\/\">Czyta\u0107 dalej<\/a>","protected":false},"author":2,"featured_media":0,"parent":0,"menu_order":0,"comment_status":"closed","ping_status":"closed","template":"front-page.php","meta":{"_glsr_average":0,"_glsr_ranking":0,"_glsr_reviews":0,"footnotes":""},"class_list":["post-76","page","type-page","status-publish","hentry"],"translation":{"provider":"WPGlobus","version":"3.0.2","language":"pl","enabled_languages":["uk","pl"],"languages":{"uk":{"title":true,"content":true,"excerpt":false},"pl":{"title":true,"content":true,"excerpt":false}}},"yoast_head":"<!-- This site is optimized with the Yoast SEO plugin v27.3 - https:\/\/yoast.com\/product\/yoast-seo-wordpress\/ -->\n<title>Skuteczna nauka j\u0119zyka polskiego<\/title>\n<meta name=\"robots\" content=\"index, follow, max-snippet:-1, max-image-preview:large, max-video-preview:-1\" \/>\n<link rel=\"canonical\" href=\"https:\/\/drzewo.ua\/\" \/>\n<meta property=\"og:locale\" content=\"pl_PL\" \/>\n<meta property=\"og:type\" content=\"article\" \/>\n<meta property=\"og:title\" content=\"Skuteczna nauka j\u0119zyka polskiego\" \/>\n<meta property=\"og:url\" content=\"https:\/\/drzewo.ua\/\" \/>\n<meta property=\"og:site_name\" content=\"Polskie Centrum Kulturalno-Edukacyjne Drzewo\" \/>\n<meta property=\"article:publisher\" content=\"https:\/\/www.facebook.com\/drzewo.polski\/\" \/>\n<meta property=\"article:modified_time\" content=\"2023-03-30T17:06:57+00:00\" \/>\n<meta property=\"og:image\" content=\"https:\/\/drzewo.ua\/wp-content\/uploads\/2018\/12\/banner.jpg\" \/>\n\t<meta property=\"og:image:width\" content=\"1280\" \/>\n\t<meta property=\"og:image:height\" content=\"323\" \/>\n\t<meta property=\"og:image:type\" content=\"image\/jpeg\" \/>\n<meta name=\"twitter:card\" content=\"summary_large_image\" \/>\n<meta name=\"twitter:label1\" content=\"Szacowany czas czytania\" \/>\n\t<meta name=\"twitter:data1\" content=\"2 minuty\" \/>\n<script type=\"application\/ld+json\" class=\"yoast-schema-graph\">{\"@context\":\"https:\\\/\\\/schema.org\",\"@graph\":[{\"@type\":\"WebPage\",\"@id\":\"https:\\\/\\\/drzewo.ua\\\/\",\"url\":\"https:\\\/\\\/drzewo.ua\\\/\",\"name\":\"Skuteczna nauka j\u0119zyka polskiego\",\"isPartOf\":{\"@id\":\"https:\\\/\\\/drzewo.ua\\\/#website\"},\"datePublished\":\"2018-12-07T13:45:17+00:00\",\"dateModified\":\"2023-03-30T17:06:57+00:00\",\"breadcrumb\":{\"@id\":\"https:\\\/\\\/drzewo.ua\\\/#breadcrumb\"},\"inLanguage\":\"pl-PL\",\"potentialAction\":[{\"@type\":\"ReadAction\",\"target\":[\"https:\\\/\\\/drzewo.ua\\\/\"]}]},{\"@type\":\"BreadcrumbList\",\"@id\":\"https:\\\/\\\/drzewo.ua\\\/#breadcrumb\",\"itemListElement\":[{\"@type\":\"ListItem\",\"position\":1,\"name\":\"Home\",\"item\":\"https:\\\/\\\/drzewo.ua\\\/\"},{\"@type\":\"ListItem\",\"position\":2,\"name\":\"\u0415\u0444\u0435\u043a\u0442\u0438\u0432\u043d\u0435 \u0432\u0438\u0432\u0447\u0435\u043d\u043d\u044f \u043f\u043e\u043b\u044c\u0441\u044c\u043a\u043e\u0457 \u043c\u043e\u0432\u0438\"}]},{\"@type\":\"WebSite\",\"@id\":\"https:\\\/\\\/drzewo.ua\\\/#website\",\"url\":\"https:\\\/\\\/drzewo.ua\\\/\",\"name\":\"Polskie Centrum Kulturalno-Edukacyjne Drzewo\",\"description\":\"J\u0119zyk polski\",\"publisher\":{\"@id\":\"https:\\\/\\\/drzewo.ua\\\/#organization\"},\"potentialAction\":[{\"@type\":\"SearchAction\",\"target\":{\"@type\":\"EntryPoint\",\"urlTemplate\":\"https:\\\/\\\/drzewo.ua\\\/?s={search_term_string}\"},\"query-input\":{\"@type\":\"PropertyValueSpecification\",\"valueRequired\":true,\"valueName\":\"search_term_string\"}}],\"inLanguage\":\"pl-PL\"},{\"@type\":\"Organization\",\"@id\":\"https:\\\/\\\/drzewo.ua\\\/#organization\",\"name\":\"Polskie Centrum Kulturalno-Edukacyjne \\\"Drzewo\\\"\",\"url\":\"https:\\\/\\\/drzewo.ua\\\/\",\"logo\":{\"@type\":\"ImageObject\",\"inLanguage\":\"pl-PL\",\"@id\":\"https:\\\/\\\/drzewo.ua\\\/#\\\/schema\\\/logo\\\/image\\\/\",\"url\":\"https:\\\/\\\/drevo-online.com\\\/wp-content\\\/uploads\\\/2018\\\/12\\\/banner.jpg\",\"contentUrl\":\"https:\\\/\\\/drevo-online.com\\\/wp-content\\\/uploads\\\/2018\\\/12\\\/banner.jpg\",\"width\":1280,\"height\":323,\"caption\":\"Polskie Centrum Kulturalno-Edukacyjne \\\"Drzewo\\\"\"},\"image\":{\"@id\":\"https:\\\/\\\/drzewo.ua\\\/#\\\/schema\\\/logo\\\/image\\\/\"},\"sameAs\":[\"https:\\\/\\\/www.facebook.com\\\/drzewo.polski\\\/\",\"https:\\\/\\\/www.instagram.com\\\/drzewo.online\\\/\"]}]}<\/script>\n<!-- \/ Yoast SEO plugin. -->","yoast_head_json":{"title":"Skuteczna nauka j\u0119zyka polskiego","robots":{"index":"index","follow":"follow","max-snippet":"max-snippet:-1","max-image-preview":"max-image-preview:large","max-video-preview":"max-video-preview:-1"},"canonical":"https:\/\/drzewo.ua\/","og_locale":"pl_PL","og_type":"article","og_title":"Skuteczna nauka j\u0119zyka polskiego","og_url":"https:\/\/drzewo.ua\/","og_site_name":"Polskie Centrum Kulturalno-Edukacyjne Drzewo","article_publisher":"https:\/\/www.facebook.com\/drzewo.polski\/","article_modified_time":"2023-03-30T17:06:57+00:00","og_image":[{"width":1280,"height":323,"url":"https:\/\/drzewo.ua\/wp-content\/uploads\/2018\/12\/banner.jpg","type":"image\/jpeg"}],"twitter_card":"summary_large_image","twitter_misc":{"Szacowany czas czytania":"2 minuty"},"schema":{"@context":"https:\/\/schema.org","@graph":[{"@type":"WebPage","@id":"https:\/\/drzewo.ua\/","url":"https:\/\/drzewo.ua\/","name":"Skuteczna nauka j\u0119zyka polskiego","isPartOf":{"@id":"https:\/\/drzewo.ua\/#website"},"datePublished":"2018-12-07T13:45:17+00:00","dateModified":"2023-03-30T17:06:57+00:00","breadcrumb":{"@id":"https:\/\/drzewo.ua\/#breadcrumb"},"inLanguage":"pl-PL","potentialAction":[{"@type":"ReadAction","target":["https:\/\/drzewo.ua\/"]}]},{"@type":"BreadcrumbList","@id":"https:\/\/drzewo.ua\/#breadcrumb","itemListElement":[{"@type":"ListItem","position":1,"name":"Home","item":"https:\/\/drzewo.ua\/"},{"@type":"ListItem","position":2,"name":"\u0415\u0444\u0435\u043a\u0442\u0438\u0432\u043d\u0435 \u0432\u0438\u0432\u0447\u0435\u043d\u043d\u044f \u043f\u043e\u043b\u044c\u0441\u044c\u043a\u043e\u0457 \u043c\u043e\u0432\u0438"}]},{"@type":"WebSite","@id":"https:\/\/drzewo.ua\/#website","url":"https:\/\/drzewo.ua\/","name":"Polskie Centrum Kulturalno-Edukacyjne Drzewo","description":"J\u0119zyk polski","publisher":{"@id":"https:\/\/drzewo.ua\/#organization"},"potentialAction":[{"@type":"SearchAction","target":{"@type":"EntryPoint","urlTemplate":"https:\/\/drzewo.ua\/?s={search_term_string}"},"query-input":{"@type":"PropertyValueSpecification","valueRequired":true,"valueName":"search_term_string"}}],"inLanguage":"pl-PL"},{"@type":"Organization","@id":"https:\/\/drzewo.ua\/#organization","name":"Polskie Centrum Kulturalno-Edukacyjne \"Drzewo\"","url":"https:\/\/drzewo.ua\/","logo":{"@type":"ImageObject","inLanguage":"pl-PL","@id":"https:\/\/drzewo.ua\/#\/schema\/logo\/image\/","url":"https:\/\/drevo-online.com\/wp-content\/uploads\/2018\/12\/banner.jpg","contentUrl":"https:\/\/drevo-online.com\/wp-content\/uploads\/2018\/12\/banner.jpg","width":1280,"height":323,"caption":"Polskie Centrum Kulturalno-Edukacyjne \"Drzewo\""},"image":{"@id":"https:\/\/drzewo.ua\/#\/schema\/logo\/image\/"},"sameAs":["https:\/\/www.facebook.com\/drzewo.polski\/","https:\/\/www.instagram.com\/drzewo.online\/"]}]}},"jetpack_sharing_enabled":true,"_links":{"self":[{"href":"https:\/\/drzewo.ua\/pl\/wp-json\/wp\/v2\/pages\/76","targetHints":{"allow":["GET"]}}],"collection":[{"href":"https:\/\/drzewo.ua\/pl\/wp-json\/wp\/v2\/pages"}],"about":[{"href":"https:\/\/drzewo.ua\/pl\/wp-json\/wp\/v2\/types\/page"}],"author":[{"embeddable":true,"href":"https:\/\/drzewo.ua\/pl\/wp-json\/wp\/v2\/users\/2"}],"replies":[{"embeddable":true,"href":"https:\/\/drzewo.ua\/pl\/wp-json\/wp\/v2\/comments?post=76"}],"version-history":[{"count":54,"href":"https:\/\/drzewo.ua\/pl\/wp-json\/wp\/v2\/pages\/76\/revisions"}],"predecessor-version":[{"id":3472,"href":"https:\/\/drzewo.ua\/pl\/wp-json\/wp\/v2\/pages\/76\/revisions\/3472"}],"wp:attachment":[{"href":"https:\/\/drzewo.ua\/pl\/wp-json\/wp\/v2\/media?parent=76"}],"curies":[{"name":"wp","href":"https:\/\/api.w.org\/{rel}","templated":true}]}}