{"id":1645,"date":"2020-01-28T18:12:02","date_gmt":"2020-01-28T16:12:02","guid":{"rendered":"https:\/\/drevo-online.com\/?page_id=1645"},"modified":"2026-02-08T11:50:43","modified_gmt":"2026-02-08T09:50:43","slug":"o-naszej-dzialalnosci","status":"publish","type":"page","link":"https:\/\/drzewo.ua\/pl\/o-naszej-dzialalnosci\/","title":{"rendered":"O naszej dzia\u0142alno\u015bci"},"content":{"rendered":"<div class=\"_2cuy _3dgx _2vxa\"><span class=\"_4yxo _4yxp\"><img loading=\"lazy\" decoding=\"async\" class=\"alignnone wp-image-6892 size-full\" src=\"https:\/\/media.drzewo.ua\/wp-content\/uploads\/2026\/02\/08114936\/o-naszym-centrum-Drzewo-e1580213977753-1-scaled.jpg\" alt=\"\" width=\"2560\" height=\"967\" srcset=\"https:\/\/media.drzewo.ua\/wp-content\/uploads\/2026\/02\/08114936\/o-naszym-centrum-Drzewo-e1580213977753-1-scaled.jpg 2560w, https:\/\/media.drzewo.ua\/wp-content\/uploads\/2026\/02\/08114936\/o-naszym-centrum-Drzewo-e1580213977753-1-250x94.jpg 250w, https:\/\/media.drzewo.ua\/wp-content\/uploads\/2026\/02\/08114936\/o-naszym-centrum-Drzewo-e1580213977753-1-700x264.jpg 700w, https:\/\/media.drzewo.ua\/wp-content\/uploads\/2026\/02\/08114936\/o-naszym-centrum-Drzewo-e1580213977753-1-768x290.jpg 768w, https:\/\/media.drzewo.ua\/wp-content\/uploads\/2026\/02\/08114936\/o-naszym-centrum-Drzewo-e1580213977753-1-1536x580.jpg 1536w, https:\/\/media.drzewo.ua\/wp-content\/uploads\/2026\/02\/08114936\/o-naszym-centrum-Drzewo-e1580213977753-1-2048x773.jpg 2048w, https:\/\/media.drzewo.ua\/wp-content\/uploads\/2026\/02\/08114936\/o-naszym-centrum-Drzewo-e1580213977753-1-120x45.jpg 120w, https:\/\/media.drzewo.ua\/wp-content\/uploads\/2026\/02\/08114936\/o-naszym-centrum-Drzewo-e1580213977753-1-600x227.jpg 600w\" sizes=\"auto, (max-width: 2560px) 100vw, 2560px\" \/><br \/>\nCzym zajmujemy si\u0119 w naszym Centrum?<\/span><\/div>\n<ol class=\"_5a_q _509r\" dir=\"ltr\">\n<li class=\"_2cuy _509s _2vxa\"><span class=\"_4yxp\">Promujemy j\u0119zyk, literatur\u0119 i kultur\u0119 polsk\u0105.<\/span><\/li>\n<li class=\"_2cuy _509s _2vxa\"><span class=\"_4yxp\">Obchodzimy polskie \u015bwi\u0119ta i uroczysto\u015bci.<\/span><\/li>\n<li class=\"_2cuy _509s _2vxa\"><span class=\"_4yxp\">Prowadzimy klub dyskusyjny dla wszystkich ch\u0119tnych charkowian.<\/span><\/li>\n<li class=\"_2cuy _509s _2vxa\"><span class=\"_4yxp\">Prowadzimy kursy j\u0119zyka polskiego.<br \/>\nD\u0105\u017cymy do tego, aby nasi uczniowie mogli my\u015ble\u0107 po polsku. Dlatego stosujemy g\u0142\u00f3wnie metod\u0119<\/span> <span class=\"_4yxp\">komunikatywn\u0105. Lekcje s\u0105 prowadzone tylko i wy\u0142\u0105cznie po polsku. Mamy kreatywne podej\u015bcie do pracy, stosujemy nowatorskie metody wprowadzaj\u0105c nowy materia\u0142.<br \/>\nNasi nauczyciele rozwijaj\u0105 si\u0119 nieustannie, uczestnicz\u0105 w kursach w celu podwy\u017cszenia kwalifikacji, konferencjach, festiwalach i szkoleniach zar\u00f3wno na Ukrainie, jak i w Polsce.<\/span><\/li>\n<li class=\"_2cuy _509s _2vxa\"><span class=\"_4yxp\">Organizujemy wyk\u0142ady o polskiej literaturze, historii i kulturze.<\/span><\/li>\n<li class=\"_2cuy _509s _2vxa\"><span class=\"_4yxp\">Zapewniamy dost\u0119p do naszej biblioteki.<\/span><\/li>\n<li class=\"_2cuy _509s _2vxa\"><span class=\"_4yxp\">Wsp\u00f3\u0142pracujemy z polskimi fundacjami.<\/span><\/li>\n<li class=\"_2cuy _509s _2vxa\"><span class=\"_4yxp\">Jeste\u015bmy otwarci na wsp\u00f3\u0142prac\u0119 i nawi\u0105zanie kontakt\u00f3w z innymi organizacjami polonijnymi.<\/span><\/li>\n<\/ol>\n","protected":false},"excerpt":{"rendered":"Czym zajmujemy si\u0119 w naszym Centrum? Promujemy j\u0119zyk, literatur\u0119 i kultur\u0119 polsk\u0105. Obchodzimy polskie \u015bwi\u0119ta i uroczysto\u015bci. Prowadzimy klub dyskusyjny dla wszystkich ch\u0119tnych charkowian. Prowadzimy kursy j\u0119zyka polskiego. D\u0105\u017cymy do tego, aby nasi uczniowie mogli my\u015ble\u0107 po polsku. Dlatego stosujemy g\u0142\u00f3wnie metod\u0119 komunikatywn\u0105. Lekcje s\u0105 prowadzone tylko i wy\u0142\u0105cznie po polsku. Mamy kreatywne podej\u015bcie do&#8230; <a class=\"view-article\" href=\"https:\/\/drzewo.ua\/pl\/o-naszej-dzialalnosci\/\">Czyta\u0107 dalej<\/a>","protected":false},"author":2,"featured_media":0,"parent":0,"menu_order":0,"comment_status":"closed","ping_status":"closed","template":"inner-page.php","meta":{"_glsr_average":0,"_glsr_ranking":0,"_glsr_reviews":0,"footnotes":""},"class_list":["post-1645","page","type-page","status-publish","hentry"],"translation":{"provider":"WPGlobus","version":"3.0.2","language":"pl","enabled_languages":["uk","pl"],"languages":{"uk":{"title":true,"content":true,"excerpt":false},"pl":{"title":true,"content":true,"excerpt":false}}},"yoast_head":"<!-- This site is optimized with the Yoast SEO plugin v27.3 - https:\/\/yoast.com\/product\/yoast-seo-wordpress\/ -->\n<title>O naszej dzia\u0142alno\u015bci - Polskie Centrum Kulturalno-Edukacyjne Drzewo<\/title>\n<meta name=\"robots\" content=\"index, follow, max-snippet:-1, max-image-preview:large, max-video-preview:-1\" \/>\n<link rel=\"canonical\" href=\"https:\/\/drzewo.ua\/o-naszej-dzialalnosci\/\" \/>\n<meta property=\"og:locale\" content=\"pl_PL\" \/>\n<meta property=\"og:type\" content=\"article\" \/>\n<meta property=\"og:title\" content=\"O naszej dzia\u0142alno\u015bci - Polskie Centrum Kulturalno-Edukacyjne Drzewo\" \/>\n<meta property=\"og:url\" content=\"https:\/\/drzewo.ua\/o-naszej-dzialalnosci\/\" \/>\n<meta property=\"og:site_name\" content=\"Polskie Centrum Kulturalno-Edukacyjne Drzewo\" \/>\n<meta property=\"article:publisher\" content=\"https:\/\/www.facebook.com\/drzewo.polski\/\" \/>\n<meta property=\"article:modified_time\" content=\"2026-02-08T09:50:43+00:00\" \/>\n<meta property=\"og:image\" content=\"https:\/\/drzewo.ua\/wp-content\/uploads\/2026\/02\/o-naszym-centrum-Drzewo-e1580213977753-1-scaled.jpg\" \/>\n<meta name=\"twitter:card\" content=\"summary_large_image\" \/>\n<meta name=\"twitter:label1\" content=\"Szacowany czas czytania\" \/>\n\t<meta name=\"twitter:data1\" content=\"1 minuta\" \/>\n<script type=\"application\/ld+json\" class=\"yoast-schema-graph\">{\"@context\":\"https:\\\/\\\/schema.org\",\"@graph\":[{\"@type\":\"WebPage\",\"@id\":\"https:\\\/\\\/drzewo.ua\\\/o-naszej-dzialalnosci\\\/\",\"url\":\"https:\\\/\\\/drzewo.ua\\\/o-naszej-dzialalnosci\\\/\",\"name\":\"O naszej dzia\u0142alno\u015bci - Polskie Centrum Kulturalno-Edukacyjne Drzewo\",\"isPartOf\":{\"@id\":\"https:\\\/\\\/drzewo.ua\\\/#website\"},\"primaryImageOfPage\":{\"@id\":\"https:\\\/\\\/drzewo.ua\\\/o-naszej-dzialalnosci\\\/#primaryimage\"},\"image\":{\"@id\":\"https:\\\/\\\/drzewo.ua\\\/o-naszej-dzialalnosci\\\/#primaryimage\"},\"thumbnailUrl\":\"https:\\\/\\\/drzewo.ua\\\/wp-content\\\/uploads\\\/2026\\\/02\\\/o-naszym-centrum-Drzewo-e1580213977753-1-scaled.jpg\",\"datePublished\":\"2020-01-28T16:12:02+00:00\",\"dateModified\":\"2026-02-08T09:50:43+00:00\",\"breadcrumb\":{\"@id\":\"https:\\\/\\\/drzewo.ua\\\/o-naszej-dzialalnosci\\\/#breadcrumb\"},\"inLanguage\":\"pl-PL\",\"potentialAction\":[{\"@type\":\"ReadAction\",\"target\":[\"https:\\\/\\\/drzewo.ua\\\/o-naszej-dzialalnosci\\\/\"]}]},{\"@type\":\"ImageObject\",\"inLanguage\":\"pl-PL\",\"@id\":\"https:\\\/\\\/drzewo.ua\\\/o-naszej-dzialalnosci\\\/#primaryimage\",\"url\":\"https:\\\/\\\/drzewo.ua\\\/wp-content\\\/uploads\\\/2026\\\/02\\\/o-naszym-centrum-Drzewo-e1580213977753-1-scaled.jpg\",\"contentUrl\":\"https:\\\/\\\/drzewo.ua\\\/wp-content\\\/uploads\\\/2026\\\/02\\\/o-naszym-centrum-Drzewo-e1580213977753-1-scaled.jpg\"},{\"@type\":\"BreadcrumbList\",\"@id\":\"https:\\\/\\\/drzewo.ua\\\/o-naszej-dzialalnosci\\\/#breadcrumb\",\"itemListElement\":[{\"@type\":\"ListItem\",\"position\":1,\"name\":\"Home\",\"item\":\"https:\\\/\\\/drzewo.ua\\\/\"},{\"@type\":\"ListItem\",\"position\":2,\"name\":\"\u041f\u0440\u043e \u043d\u0430\u0448\u0443 \u0434\u0456\u044f\u043b\u044c\u043d\u0456\u0441\u0442\u044c\"}]},{\"@type\":\"WebSite\",\"@id\":\"https:\\\/\\\/drzewo.ua\\\/#website\",\"url\":\"https:\\\/\\\/drzewo.ua\\\/\",\"name\":\"Polskie Centrum Kulturalno-Edukacyjne Drzewo\",\"description\":\"J\u0119zyk polski\",\"publisher\":{\"@id\":\"https:\\\/\\\/drzewo.ua\\\/#organization\"},\"potentialAction\":[{\"@type\":\"SearchAction\",\"target\":{\"@type\":\"EntryPoint\",\"urlTemplate\":\"https:\\\/\\\/drzewo.ua\\\/?s={search_term_string}\"},\"query-input\":{\"@type\":\"PropertyValueSpecification\",\"valueRequired\":true,\"valueName\":\"search_term_string\"}}],\"inLanguage\":\"pl-PL\"},{\"@type\":\"Organization\",\"@id\":\"https:\\\/\\\/drzewo.ua\\\/#organization\",\"name\":\"Polskie Centrum Kulturalno-Edukacyjne \\\"Drzewo\\\"\",\"url\":\"https:\\\/\\\/drzewo.ua\\\/\",\"logo\":{\"@type\":\"ImageObject\",\"inLanguage\":\"pl-PL\",\"@id\":\"https:\\\/\\\/drzewo.ua\\\/#\\\/schema\\\/logo\\\/image\\\/\",\"url\":\"https:\\\/\\\/drevo-online.com\\\/wp-content\\\/uploads\\\/2018\\\/12\\\/banner.jpg\",\"contentUrl\":\"https:\\\/\\\/drevo-online.com\\\/wp-content\\\/uploads\\\/2018\\\/12\\\/banner.jpg\",\"width\":1280,\"height\":323,\"caption\":\"Polskie Centrum Kulturalno-Edukacyjne \\\"Drzewo\\\"\"},\"image\":{\"@id\":\"https:\\\/\\\/drzewo.ua\\\/#\\\/schema\\\/logo\\\/image\\\/\"},\"sameAs\":[\"https:\\\/\\\/www.facebook.com\\\/drzewo.polski\\\/\",\"https:\\\/\\\/www.instagram.com\\\/drzewo.online\\\/\"]}]}<\/script>\n<!-- \/ Yoast SEO plugin. -->","yoast_head_json":{"title":"O naszej dzia\u0142alno\u015bci - Polskie Centrum Kulturalno-Edukacyjne Drzewo","robots":{"index":"index","follow":"follow","max-snippet":"max-snippet:-1","max-image-preview":"max-image-preview:large","max-video-preview":"max-video-preview:-1"},"canonical":"https:\/\/drzewo.ua\/o-naszej-dzialalnosci\/","og_locale":"pl_PL","og_type":"article","og_title":"O naszej dzia\u0142alno\u015bci - Polskie Centrum Kulturalno-Edukacyjne Drzewo","og_url":"https:\/\/drzewo.ua\/o-naszej-dzialalnosci\/","og_site_name":"Polskie Centrum Kulturalno-Edukacyjne Drzewo","article_publisher":"https:\/\/www.facebook.com\/drzewo.polski\/","article_modified_time":"2026-02-08T09:50:43+00:00","og_image":[{"url":"https:\/\/drzewo.ua\/wp-content\/uploads\/2026\/02\/o-naszym-centrum-Drzewo-e1580213977753-1-scaled.jpg","type":"","width":"","height":""}],"twitter_card":"summary_large_image","twitter_misc":{"Szacowany czas czytania":"1 minuta"},"schema":{"@context":"https:\/\/schema.org","@graph":[{"@type":"WebPage","@id":"https:\/\/drzewo.ua\/o-naszej-dzialalnosci\/","url":"https:\/\/drzewo.ua\/o-naszej-dzialalnosci\/","name":"O naszej dzia\u0142alno\u015bci - Polskie Centrum Kulturalno-Edukacyjne Drzewo","isPartOf":{"@id":"https:\/\/drzewo.ua\/#website"},"primaryImageOfPage":{"@id":"https:\/\/drzewo.ua\/o-naszej-dzialalnosci\/#primaryimage"},"image":{"@id":"https:\/\/drzewo.ua\/o-naszej-dzialalnosci\/#primaryimage"},"thumbnailUrl":"https:\/\/drzewo.ua\/wp-content\/uploads\/2026\/02\/o-naszym-centrum-Drzewo-e1580213977753-1-scaled.jpg","datePublished":"2020-01-28T16:12:02+00:00","dateModified":"2026-02-08T09:50:43+00:00","breadcrumb":{"@id":"https:\/\/drzewo.ua\/o-naszej-dzialalnosci\/#breadcrumb"},"inLanguage":"pl-PL","potentialAction":[{"@type":"ReadAction","target":["https:\/\/drzewo.ua\/o-naszej-dzialalnosci\/"]}]},{"@type":"ImageObject","inLanguage":"pl-PL","@id":"https:\/\/drzewo.ua\/o-naszej-dzialalnosci\/#primaryimage","url":"https:\/\/drzewo.ua\/wp-content\/uploads\/2026\/02\/o-naszym-centrum-Drzewo-e1580213977753-1-scaled.jpg","contentUrl":"https:\/\/drzewo.ua\/wp-content\/uploads\/2026\/02\/o-naszym-centrum-Drzewo-e1580213977753-1-scaled.jpg"},{"@type":"BreadcrumbList","@id":"https:\/\/drzewo.ua\/o-naszej-dzialalnosci\/#breadcrumb","itemListElement":[{"@type":"ListItem","position":1,"name":"Home","item":"https:\/\/drzewo.ua\/"},{"@type":"ListItem","position":2,"name":"\u041f\u0440\u043e \u043d\u0430\u0448\u0443 \u0434\u0456\u044f\u043b\u044c\u043d\u0456\u0441\u0442\u044c"}]},{"@type":"WebSite","@id":"https:\/\/drzewo.ua\/#website","url":"https:\/\/drzewo.ua\/","name":"Polskie Centrum Kulturalno-Edukacyjne Drzewo","description":"J\u0119zyk polski","publisher":{"@id":"https:\/\/drzewo.ua\/#organization"},"potentialAction":[{"@type":"SearchAction","target":{"@type":"EntryPoint","urlTemplate":"https:\/\/drzewo.ua\/?s={search_term_string}"},"query-input":{"@type":"PropertyValueSpecification","valueRequired":true,"valueName":"search_term_string"}}],"inLanguage":"pl-PL"},{"@type":"Organization","@id":"https:\/\/drzewo.ua\/#organization","name":"Polskie Centrum Kulturalno-Edukacyjne \"Drzewo\"","url":"https:\/\/drzewo.ua\/","logo":{"@type":"ImageObject","inLanguage":"pl-PL","@id":"https:\/\/drzewo.ua\/#\/schema\/logo\/image\/","url":"https:\/\/drevo-online.com\/wp-content\/uploads\/2018\/12\/banner.jpg","contentUrl":"https:\/\/drevo-online.com\/wp-content\/uploads\/2018\/12\/banner.jpg","width":1280,"height":323,"caption":"Polskie Centrum Kulturalno-Edukacyjne \"Drzewo\""},"image":{"@id":"https:\/\/drzewo.ua\/#\/schema\/logo\/image\/"},"sameAs":["https:\/\/www.facebook.com\/drzewo.polski\/","https:\/\/www.instagram.com\/drzewo.online\/"]}]}},"jetpack_sharing_enabled":true,"_links":{"self":[{"href":"https:\/\/drzewo.ua\/pl\/wp-json\/wp\/v2\/pages\/1645","targetHints":{"allow":["GET"]}}],"collection":[{"href":"https:\/\/drzewo.ua\/pl\/wp-json\/wp\/v2\/pages"}],"about":[{"href":"https:\/\/drzewo.ua\/pl\/wp-json\/wp\/v2\/types\/page"}],"author":[{"embeddable":true,"href":"https:\/\/drzewo.ua\/pl\/wp-json\/wp\/v2\/users\/2"}],"replies":[{"embeddable":true,"href":"https:\/\/drzewo.ua\/pl\/wp-json\/wp\/v2\/comments?post=1645"}],"version-history":[{"count":37,"href":"https:\/\/drzewo.ua\/pl\/wp-json\/wp\/v2\/pages\/1645\/revisions"}],"predecessor-version":[{"id":6890,"href":"https:\/\/drzewo.ua\/pl\/wp-json\/wp\/v2\/pages\/1645\/revisions\/6890"}],"wp:attachment":[{"href":"https:\/\/drzewo.ua\/pl\/wp-json\/wp\/v2\/media?parent=1645"}],"curies":[{"name":"wp","href":"https:\/\/api.w.org\/{rel}","templated":true}]}}